{"id":36760,"date":"2023-08-15T10:59:10","date_gmt":"2023-09-29T10:18:19","guid":{"rendered":"https:\/\/factory.sale\/?post_type=product&#038;p=36760"},"modified":"2024-10-24T14:05:02","modified_gmt":"2024-10-24T11:05:02","slug":"sesam-800-mobiili-vintti-4-sarja-12-24dc-869mhz","status":"publish","type":"product","link":"https:\/\/factory.sale\/fi\/tuote\/sesam-800-mobiili-vintti-4-sarja-12-24dc-869mhz\/","title":{"rendered":"Sesam 800 mobiili vinssi 4 sarja, 12-24DC, 869MHZ"},"content":{"rendered":"<p>Sesam 800 Mobiili Vintti 4 on kest\u00e4v\u00e4 l\u00e4hetin nelj\u00e4ll\u00e4 toiminnolla\/painikkeella (kaksisuuntainen ja p\u00e4\u00e4lle\/pois). L\u00e4hetin on luokiteltu IP67 mukaisesti ja soveltuu hyvin pienten ajoneuvojen vinssien k\u00e4sittelyyn. Selke\u00e4t, helppok\u00e4ytt\u00f6iset painikkeet kest\u00e4v\u00e4t miljoonia painalluksia. IP67-luokituksensa ansiosta l\u00e4hetin kest\u00e4\u00e4 vaikeita ymp\u00e4rist\u00f6j\u00e4, joissa on p\u00f6ly\u00e4, kosteutta ja kosteutta.<\/p>\n<p>&nbsp;<\/p>\n<p>Toimittaja: \u00c4kerstr\u00f6ms<br \/>\nVirtal\u00e4hde: 12-24V DC<br \/>\nSarja: SESAM 800<br \/>\nTy\u00f6l\u00e4mp\u00f6tila: -25\u02da\u2026+75\u02daC<br \/>\nSuojausluokka: IP67<br \/>\nAsennus: Sein\u00e4kiinnitys<br \/>\nN\u00e4pp\u00e4inten m\u00e4\u00e4r\u00e4: 4<br \/>\nTaajuus: 869MHz<\/p>\n<p>&nbsp;<\/p>\n<p>&nbsp;<\/p>\n<p>Pdf on saatavilla <a href=\"https:\/\/www.sakt.ee\/en\/index.php?controller=attachment&amp;id_attachment=1286\" target=\"_blank\" rel=\"noopener\">T\u00c4SS\u00c4<\/a><\/p>\n","protected":false},"excerpt":{"rendered":"<p>Toimittaja: \u00c4kerstr\u00f6ms<br \/>\nVirtal\u00e4hde: 12-24V DC<br \/>\nSarja: SESAM 800<br \/>\nTy\u00f6l\u00e4mp\u00f6tila: -25\u02da\u2026+75\u02daC<br \/>\nSuojausluokka: IP67<br \/>\nAsennus: Sein\u00e4kiinnitys<br \/>\nN\u00e4pp\u00e4inten m\u00e4\u00e4r\u00e4: 4<br \/>\nTaajuus: 869MHz<\/p>\n<p>&nbsp;<\/p>\n","protected":false},"featured_media":33754,"comment_status":"open","ping_status":"closed","template":"","meta":{"_acf_changed":false},"factory":[],"free-shipment":[],"product_brand":[],"product_cat":[2609,2607],"product_tag":[],"class_list":{"0":"post-36760","1":"product","2":"type-product","3":"status-publish","4":"has-post-thumbnail","6":"product_cat-kaukosaadin","7":"product_cat-teollisuusautomaatio","9":"first","10":"instock","11":"sale","12":"taxable","13":"shipping-taxable","14":"purchasable","15":"product-type-simple"},"acf":[],"_links":{"self":[{"href":"https:\/\/factory.sale\/fi\/wp-json\/wp\/v2\/product\/36760","targetHints":{"allow":["GET"]}}],"collection":[{"href":"https:\/\/factory.sale\/fi\/wp-json\/wp\/v2\/product"}],"about":[{"href":"https:\/\/factory.sale\/fi\/wp-json\/wp\/v2\/types\/product"}],"replies":[{"embeddable":true,"href":"https:\/\/factory.sale\/fi\/wp-json\/wp\/v2\/comments?post=36760"}],"wp:featuredmedia":[{"embeddable":true,"href":"https:\/\/factory.sale\/fi\/wp-json\/wp\/v2\/media\/33754"}],"wp:attachment":[{"href":"https:\/\/factory.sale\/fi\/wp-json\/wp\/v2\/media?parent=36760"}],"wp:term":[{"taxonomy":"factory","embeddable":true,"href":"https:\/\/factory.sale\/fi\/wp-json\/wp\/v2\/factory?post=36760"},{"taxonomy":"free-shipment","embeddable":true,"href":"https:\/\/factory.sale\/fi\/wp-json\/wp\/v2\/free-shipment?post=36760"},{"taxonomy":"product_brand","embeddable":true,"href":"https:\/\/factory.sale\/fi\/wp-json\/wp\/v2\/product_brand?post=36760"},{"taxonomy":"product_cat","embeddable":true,"href":"https:\/\/factory.sale\/fi\/wp-json\/wp\/v2\/product_cat?post=36760"},{"taxonomy":"product_tag","embeddable":true,"href":"https:\/\/factory.sale\/fi\/wp-json\/wp\/v2\/product_tag?post=36760"}],"curies":[{"name":"wp","href":"https:\/\/api.w.org\/{rel}","templated":true}]}}