{"id":3661,"date":"2020-07-31T13:29:00","date_gmt":"2020-07-31T13:29:00","guid":{"rendered":"https:\/\/factory.sale\/product\/thuja-oili-hands-cleaner\/"},"modified":"2024-06-27T04:10:46","modified_gmt":"2024-06-27T04:10:46","slug":"thuja-oljyisten-kasien-puhdistusaine","status":"publish","type":"product","link":"https:\/\/factory.sale\/fi\/tuote\/thuja-oljyisten-kasien-puhdistusaine\/","title":{"rendered":"THUJA \u00d6LJYISTEN K\u00c4SIEN PUHDISTUSAINE"},"content":{"rendered":"<p><span style=\"font-weight: 400;\">Eritt\u00e4in likaisten k\u00e4sien puhdistamiseen. Poistaa \u00f6ljyn, rasvan yms lian.<\/span><span style=\"font-weight: 400;\"><br \/>\n<\/span><span style=\"font-weight: 400;\">K\u00e4ytt\u00f6tarkoitus: Hiero k\u00e4siin ja huuhtele sitten vedell\u00e4.<\/span><\/p>\n<p><span style=\"font-weight: 400;\"><br \/>\n<\/span><span style=\"font-weight: 400;\">Pakkaus: 0,5 l pumpupullo ja 5 l kanisteri.<\/span><\/p>\n<p>&nbsp;<\/p>\n","protected":false},"excerpt":{"rendered":"<p><span style=\"font-weight: 400;\">Eritt\u00e4in likaisten k\u00e4sien puhdistamiseen. Poistaa \u00f6ljyn, rasvan yms lian.<\/span><span style=\"font-weight: 400;\"><br \/>\n<\/span><span style=\"font-weight: 400;\">K\u00e4ytt\u00f6tarkoitus: Hiero k\u00e4siin ja huuhtele sitten vedell\u00e4.<\/span><\/p>\n","protected":false},"featured_media":3662,"comment_status":"open","ping_status":"closed","template":"","meta":{"_acf_changed":false},"factory":[],"free-shipment":[],"product_brand":[],"product_cat":[440],"product_tag":[],"class_list":{"0":"post-3661","1":"product","2":"type-product","3":"status-publish","4":"has-post-thumbnail","6":"product_cat-desinfiointiaineet-ja-omahygienia","8":"first","9":"instock","10":"sale","11":"taxable","12":"shipping-taxable","13":"purchasable","14":"product-type-simple"},"acf":[],"_links":{"self":[{"href":"https:\/\/factory.sale\/fi\/wp-json\/wp\/v2\/product\/3661","targetHints":{"allow":["GET"]}}],"collection":[{"href":"https:\/\/factory.sale\/fi\/wp-json\/wp\/v2\/product"}],"about":[{"href":"https:\/\/factory.sale\/fi\/wp-json\/wp\/v2\/types\/product"}],"replies":[{"embeddable":true,"href":"https:\/\/factory.sale\/fi\/wp-json\/wp\/v2\/comments?post=3661"}],"wp:featuredmedia":[{"embeddable":true,"href":"https:\/\/factory.sale\/fi\/wp-json\/wp\/v2\/media\/3662"}],"wp:attachment":[{"href":"https:\/\/factory.sale\/fi\/wp-json\/wp\/v2\/media?parent=3661"}],"wp:term":[{"taxonomy":"factory","embeddable":true,"href":"https:\/\/factory.sale\/fi\/wp-json\/wp\/v2\/factory?post=3661"},{"taxonomy":"free-shipment","embeddable":true,"href":"https:\/\/factory.sale\/fi\/wp-json\/wp\/v2\/free-shipment?post=3661"},{"taxonomy":"product_brand","embeddable":true,"href":"https:\/\/factory.sale\/fi\/wp-json\/wp\/v2\/product_brand?post=3661"},{"taxonomy":"product_cat","embeddable":true,"href":"https:\/\/factory.sale\/fi\/wp-json\/wp\/v2\/product_cat?post=3661"},{"taxonomy":"product_tag","embeddable":true,"href":"https:\/\/factory.sale\/fi\/wp-json\/wp\/v2\/product_tag?post=3661"}],"curies":[{"name":"wp","href":"https:\/\/api.w.org\/{rel}","templated":true}]}}