{"id":3659,"date":"2020-07-31T13:35:53","date_gmt":"2020-07-31T13:35:53","guid":{"rendered":"https:\/\/factory.sale\/product\/acryl-super-floor-wax\/"},"modified":"2024-06-27T15:00:47","modified_gmt":"2024-06-27T15:00:47","slug":"acryl-super-lattiavaha","status":"publish","type":"product","link":"https:\/\/factory.sale\/fi\/tuote\/acryl-super-lattiavaha\/","title":{"rendered":"ACRYL SUPER LATTIAVAHA"},"content":{"rendered":"<p><strong>OMINAISUUDET:<\/strong><\/p>\n<ul>\n<li><span style=\"font-weight: 400;\">Muodostaa k\u00e4sitelt\u00e4v\u00e4lle pinnalle kulutuskest\u00e4v\u00e4n ja kest\u00e4v\u00e4n polymeerikalvon, joka suojaa <\/span><span style=\"font-weight: 400;\">pinnat mekaanisilta ja kemiallisilta vaikutuksilta.<\/span><span style=\"font-weight: 400;\"><br \/>\n<\/span><\/li>\n<li><span style=\"font-weight: 400;\">Tuotteen tuottama suojakalvo ei ole liukas, se on v\u00e4rit\u00f6n ja helpottaa pintojen yll\u00e4pitoa. (Laimennuksella 1:10 tekee kiillotetusta <\/span><span style=\"font-weight: 400;\">betonilattiasta p\u00f6lytt\u00f6m\u00e4n\u00e4).<\/span><span style=\"font-weight: 400;\"><br \/>\n<\/span><\/li>\n<li><span style=\"font-weight: 400;\">Lyhyen kuivausajan j\u00e4lkeen se tekee pinnoista kiilt\u00e4v\u00e4t ilman kiillotusta.<\/span><span style=\"font-weight: 400;\"><br \/>\n<\/span><\/li>\n<li><span style=\"font-weight: 400;\">Tuote on ymp\u00e4rist\u00f6yst\u00e4v\u00e4llinen ja ei aiheuta myrkyllisi\u00e4 h\u00f6yryj\u00e4 kuivuessa.<\/span><span style=\"font-weight: 400;\"><br \/>\n<\/span><\/li>\n<li><span style=\"font-weight: 400;\">Tuotteella on miellytt\u00e4v\u00e4 tuoksu ja se ei \u00e4rsyt\u00e4 ihoa.<\/span><span style=\"font-weight: 400;\"><br \/>\n<\/span><\/li>\n<li><span style=\"font-weight: 400;\">Laimennuksella 1:10 se tekee kiillotetusta betonilattiasta p\u00f6lytt\u00f6m\u00e4n.<\/span><\/li>\n<\/ul>\n<p><span style=\"font-weight: 400;\"><br \/>\n<\/span><strong>K\u00c4YTT\u00d6KOHTEET:<\/strong><\/p>\n<ul>\n<li><span style=\"font-weight: 400;\">Sopii linoleumi- ja kumipinnoille<\/span><span style=\"font-weight: 400;\"><br \/>\n<\/span><\/li>\n<li><span style=\"font-weight: 400;\">PVC- ja muovilattioille<\/span><span style=\"font-weight: 400;\"><br \/>\n<\/span><\/li>\n<li><span style=\"font-weight: 400;\">Sopii keinotekoisiin, luonnonkiviin ja betonilattioihin<\/span><span style=\"font-weight: 400;\"><br \/>\n<\/span><\/li>\n<li><span style=\"font-weight: 400;\">Sopii puu- ja parkettipinnoille<\/span><\/li>\n<\/ul>\n<p><span style=\"font-weight: 400;\"><br \/>\n<\/span><strong>K\u00c4YTT\u00d6:<\/strong><\/p>\n<ul>\n<li><span style=\"font-weight: 400;\">Suosittelemme levitt\u00e4m\u00e4\u00e4n tuotetta mopilla ohuena kerroksena puhdistetulle ja kuivatulle pinnalle. Poista vanha vaha ja rasva. Ei tarvetta hankaukselle.<\/span><\/li>\n<li><span style=\"font-weight: 400;\">Jos pinta on huokoinen, on suositeltavaa p\u00e4\u00e4llyst\u00e4\u00e4 lattia etuk\u00e4teen aineen vesiliuoksella 1: 3 ja antaa kuivua. <\/span><span style=\"font-weight: 400;\">Peit\u00e4 normaali lattia heti aineen vesiliuoksella 1: 1 ja anna kuivua.<\/span><\/li>\n<li><span style=\"font-weight: 400;\">Erityisen kest\u00e4v\u00e4n p\u00e4\u00e4llysteen saamiseksi lattia voidaan peitt\u00e4\u00e4 uudelleen paikoissa tai <\/span><span style=\"font-weight: 400;\">laimentamattomana kokonaan ja antaa kuivua. Pinta on t\u00e4ysin kuiva v\u00e4hint\u00e4\u00e4n 12 tunnin kuluessa.<\/span><\/li>\n<li><span style=\"font-weight: 400;\">K\u00e4yt\u00e4 tuotetta vesiliuoksena yll\u00e4pitoa ja kiillon s\u00e4ilytt\u00e4mist\u00e4 varten (tarvittaessa) <\/span><span style=\"font-weight: 400;\">1:50; kivipinnoille 1: 100 asti; parkettipinnoille 1: 200 ja enemm\u00e4n.<\/span><span style=\"font-weight: 400;\"><br \/>\n<\/span><span style=\"font-weight: 400;\">HUOM! Puhdista ennen ty\u00f6n aloittamista pinta rasvasta ja vahasta.<\/span><\/li>\n<\/ul>\n<p><span style=\"font-weight: 400;\">\u00a0<\/span><\/p>\n<p>&nbsp;<\/p>\n","protected":false},"excerpt":{"rendered":"<p><strong>TEKNISET TIEDOT:<br \/>\n<\/strong><\/p>\n<ul>\n<li><span style=\"font-weight: 400;\">Muoto: nestem\u00e4inen<\/span><span style=\"font-weight: 400;\"><br \/>\n<\/span><\/li>\n<li><span style=\"font-weight: 400;\">Tiheys: n. 1,03 g \/ ml<\/span><span style=\"font-weight: 400;\"><br \/>\n<\/span><\/li>\n<li><span style=\"font-weight: 400;\">Ph-arvo (tiiviste): noin 8,0 &#8211; 9,0<\/span><span style=\"font-weight: 400;\"><br \/>\n<\/span><\/li>\n<li><span style=\"font-weight: 400;\">Kiehumispiste: n. 100o<\/span><span style=\"font-weight: 400;\"><br \/>\n<\/span><\/li>\n<li><span style=\"font-weight: 400;\">Kuiva-ainepitoisuus: n. 21%<\/span><\/li>\n<\/ul>\n<p>&nbsp;<\/p>\n","protected":false},"featured_media":3660,"comment_status":"open","ping_status":"closed","template":"","meta":{"_acf_changed":false},"factory":[],"free-shipment":[],"product_brand":[],"product_cat":[441],"product_tag":[654,659],"class_list":{"0":"post-3659","1":"product","2":"type-product","3":"status-publish","4":"has-post-thumbnail","6":"product_cat-ammattimaiset-siivoustuotteet","7":"product_tag-porandahooldus-fi","8":"product_tag-porandavaha-fi","10":"first","11":"instock","12":"sale","13":"taxable","14":"shipping-taxable","15":"purchasable","16":"product-type-simple"},"acf":[],"_links":{"self":[{"href":"https:\/\/factory.sale\/fi\/wp-json\/wp\/v2\/product\/3659","targetHints":{"allow":["GET"]}}],"collection":[{"href":"https:\/\/factory.sale\/fi\/wp-json\/wp\/v2\/product"}],"about":[{"href":"https:\/\/factory.sale\/fi\/wp-json\/wp\/v2\/types\/product"}],"replies":[{"embeddable":true,"href":"https:\/\/factory.sale\/fi\/wp-json\/wp\/v2\/comments?post=3659"}],"wp:featuredmedia":[{"embeddable":true,"href":"https:\/\/factory.sale\/fi\/wp-json\/wp\/v2\/media\/3660"}],"wp:attachment":[{"href":"https:\/\/factory.sale\/fi\/wp-json\/wp\/v2\/media?parent=3659"}],"wp:term":[{"taxonomy":"factory","embeddable":true,"href":"https:\/\/factory.sale\/fi\/wp-json\/wp\/v2\/factory?post=3659"},{"taxonomy":"free-shipment","embeddable":true,"href":"https:\/\/factory.sale\/fi\/wp-json\/wp\/v2\/free-shipment?post=3659"},{"taxonomy":"product_brand","embeddable":true,"href":"https:\/\/factory.sale\/fi\/wp-json\/wp\/v2\/product_brand?post=3659"},{"taxonomy":"product_cat","embeddable":true,"href":"https:\/\/factory.sale\/fi\/wp-json\/wp\/v2\/product_cat?post=3659"},{"taxonomy":"product_tag","embeddable":true,"href":"https:\/\/factory.sale\/fi\/wp-json\/wp\/v2\/product_tag?post=3659"}],"curies":[{"name":"wp","href":"https:\/\/api.w.org\/{rel}","templated":true}]}}