{"id":3656,"date":"2020-07-31T13:43:22","date_gmt":"2020-07-31T13:43:22","guid":{"rendered":"https:\/\/factory.sale\/product\/euro-bio-vinegar-weed-control\/"},"modified":"2024-06-25T11:13:33","modified_gmt":"2024-06-25T11:13:33","slug":"euro-bio-etikkaruohontorjunta-5-l","status":"publish","type":"product","link":"https:\/\/factory.sale\/fi\/tuote\/euro-bio-etikkaruohontorjunta-5-l\/","title":{"rendered":"Euro Bio etikkaruohontorjunta, 5 L"},"content":{"rendered":"<p>EURO Bio-Etikkaruohontorjunta on eritt\u00e4in tehokas ja ymp\u00e4rist\u00f6yst\u00e4v\u00e4llinen tuote luonnollisesti peitetyille pinnoille. EURO Bio-Etikkaruohontorjunta ei vahingoita maaper\u00e4\u00e4 eik\u00e4 pohjavett\u00e4.<\/p>\n<p>Vaikutus: EURO Bio-Etikkaruohontorjunta sis\u00e4lt\u00e4\u00e4 pinta-aktiivisen aineen, joka nopeuttaa etikan imeytymist\u00e4 kasvien lehtiin ja juuriin, mik\u00e4 johtaa nopeampaan ja kest\u00e4v\u00e4mp\u00e4\u00e4n vaikutukseen. EURO Bioetikkahappo imeytyy rikkaruohoihin nopeasti ja vaikuttaa v\u00e4litt\u00f6m\u00e4sti. Torjunta-aine hajoaa luonnollisesti, eik\u00e4 j\u00e4t\u00e4 haitallisia kemiallisia j\u00e4\u00e4mi\u00e4, jotka voivat imeyty\u00e4 maaper\u00e4\u00e4n ajan my\u00f6t\u00e4.<\/p>\n<p>K\u00e4ytt\u00f6: Paras aika rikkakasvien torjuntaan on l\u00e4mmin ja aurinkoinen s\u00e4\u00e4 sek\u00e4 tuuleton iltap\u00e4iv\u00e4. Tuotteen on voitava imeyty\u00e4 rikkaruohoihin v\u00e4hint\u00e4\u00e4n 24 tuntia ilman ett\u00e4 se huuhdellaan pois sateella. Levit\u00e4 liuos haluttuihin rikkaruohoihin kastelemalla tai suihkuttamalla. Pese astiat k\u00e4yt\u00f6n j\u00e4lkeen ja \u00e4l\u00e4 j\u00e4t\u00e4 j\u00e4\u00e4mi\u00e4 astioihin tai purkkeihin. Huom! Aine ei valikoi rikkakasveja vaan tappaa suurimman osan suihkutetuista kasveista.<\/p>\n<p><strong>Minimitilaus:<\/strong> 108 x 5 litraa.<\/p>\n<p>Tuotetta voi ostaa vain t\u00e4ysin\u00e4 s\u00e4ili\u00f6in\u00e4, joissa on 108 x 5 litraa.<\/p>\n","protected":false},"excerpt":{"rendered":"<p>EURO Bio-Etikkaruohontorjunta on eritt\u00e4in tehokas ja ymp\u00e4rist\u00f6yst\u00e4v\u00e4llinen tuote luonnollisesti peitetyille pinnoille. EURO Bio-Etikkaruohontorjunta ei vahingoita maaper\u00e4\u00e4 eik\u00e4 pohjavett\u00e4.<\/p>\n<p>Vaikutus: EURO Bio-Etikkaruohontorjunta sis\u00e4lt\u00e4\u00e4 pinta-aktiivisen aineen, joka nopeuttaa etikan imeytymist\u00e4 kasvien lehtiin ja juuriin, mik\u00e4 johtaa nopeampaan ja kest\u00e4v\u00e4mp\u00e4\u00e4n vaikutukseen. EURO Bioetikkahappo imeytyy rikkaruohoihin nopeasti ja vaikuttaa v\u00e4litt\u00f6m\u00e4sti. Torjunta-aine hajoaa luonnollisesti, eik\u00e4 j\u00e4t\u00e4 haitallisia kemiallisia j\u00e4\u00e4mi\u00e4, jotka voivat imeyty\u00e4 maaper\u00e4\u00e4n ajan my\u00f6t\u00e4.<\/p>\n","protected":false},"featured_media":3658,"comment_status":"open","ping_status":"closed","template":"","meta":{"_acf_changed":false},"factory":[],"free-shipment":[],"product_brand":[],"product_cat":[423,424],"product_tag":[667],"class_list":{"0":"post-3656","1":"product","2":"type-product","3":"status-publish","4":"has-post-thumbnail","6":"product_cat-bio-tuotteet","7":"product_cat-rikkakasvien-torjunta","8":"product_tag-umbrohutorje-fi","10":"first","11":"instock","12":"sale","13":"taxable","14":"shipping-taxable","15":"purchasable","16":"product-type-simple"},"acf":[],"_links":{"self":[{"href":"https:\/\/factory.sale\/fi\/wp-json\/wp\/v2\/product\/3656","targetHints":{"allow":["GET"]}}],"collection":[{"href":"https:\/\/factory.sale\/fi\/wp-json\/wp\/v2\/product"}],"about":[{"href":"https:\/\/factory.sale\/fi\/wp-json\/wp\/v2\/types\/product"}],"replies":[{"embeddable":true,"href":"https:\/\/factory.sale\/fi\/wp-json\/wp\/v2\/comments?post=3656"}],"wp:featuredmedia":[{"embeddable":true,"href":"https:\/\/factory.sale\/fi\/wp-json\/wp\/v2\/media\/3658"}],"wp:attachment":[{"href":"https:\/\/factory.sale\/fi\/wp-json\/wp\/v2\/media?parent=3656"}],"wp:term":[{"taxonomy":"factory","embeddable":true,"href":"https:\/\/factory.sale\/fi\/wp-json\/wp\/v2\/factory?post=3656"},{"taxonomy":"free-shipment","embeddable":true,"href":"https:\/\/factory.sale\/fi\/wp-json\/wp\/v2\/free-shipment?post=3656"},{"taxonomy":"product_brand","embeddable":true,"href":"https:\/\/factory.sale\/fi\/wp-json\/wp\/v2\/product_brand?post=3656"},{"taxonomy":"product_cat","embeddable":true,"href":"https:\/\/factory.sale\/fi\/wp-json\/wp\/v2\/product_cat?post=3656"},{"taxonomy":"product_tag","embeddable":true,"href":"https:\/\/factory.sale\/fi\/wp-json\/wp\/v2\/product_tag?post=3656"}],"curies":[{"name":"wp","href":"https:\/\/api.w.org\/{rel}","templated":true}]}}