{"id":3654,"date":"2020-07-31T14:03:17","date_gmt":"2020-07-31T14:03:17","guid":{"rendered":"https:\/\/factory.sale\/product\/pro-wood-oil-nano-wood-protective-oil\/"},"modified":"2025-05-08T17:02:16","modified_gmt":"2025-05-08T14:02:16","slug":"pro-wood-oil-nano-puusuoja-oljy","status":"publish","type":"product","link":"https:\/\/factory.sale\/fi\/tuote\/pro-wood-oil-nano-puusuoja-oljy\/","title":{"rendered":"PRO WOOD OIL NANO PUUSUOJA\u00d6LJY"},"content":{"rendered":"<p><span style=\"font-weight: 400;\">Wood Oil Nano on uuteen tekniikkaan perustuva vesipohjainen puu\u00f6ljy, joka sis\u00e4lt\u00e4\u00e4 pallomaisia piidioksidinanohiukkasia.<\/span><\/p>\n<ul>\n<li><span style=\"font-weight: 400;\"> Nanohiukkaset kest\u00e4v\u00e4t pinnan kulumista.<\/span><span style=\"font-weight: 400;\"><br \/>\n<\/span><\/li>\n<li><span style=\"font-weight: 400;\">Kest\u00e4\u00e4 monta kertaa pidemp\u00e4\u00e4n kuin tavalliset terassi\u00f6ljyt.<\/span><span style=\"font-weight: 400;\"><br \/>\n<\/span><\/li>\n<li><span style=\"font-weight: 400;\">Tuote imeytyy hyvin ja j\u00e4tt\u00e4\u00e4 luonnollisen sile\u00e4n pinnan, joka korostaa puun luonnollista pintaa.<\/span><span style=\"font-weight: 400;\"><br \/>\n<\/span><\/li>\n<li><span style=\"font-weight: 400;\">Erityiset lis\u00e4aineet antavat \u00f6ljylle naarmuuntumissuojan, UV-suojan ja vett\u00e4 hylkiv\u00e4n.<\/span><span style=\"font-weight: 400;\"><br \/>\n<\/span><\/li>\n<li><span style=\"font-weight: 400;\">Kyll\u00e4st\u00e4\u00e4 puun huokoset.<\/span><span style=\"font-weight: 400;\"><br \/>\n<\/span><\/li>\n<li><span style=\"font-weight: 400;\">Est\u00e4\u00e4 homeen, sammalin ja sienten levi\u00e4mist\u00e4 puun pinnalle.<\/span><\/li>\n<li><span style=\"font-weight: 400;\">Ei sis\u00e4ll\u00e4 myrkyllisi\u00e4 liuottimia.<\/span><\/li>\n<\/ul>\n<p><span style=\"font-weight: 400;\"><strong>K\u00e4ytt\u00f6:<\/strong><\/span><\/p>\n<ul>\n<li><span style=\"font-weight: 400;\">Sekoita ja ravista hyvin ennen k\u00e4ytt\u00f6\u00e4.<\/span><span style=\"font-weight: 400;\"><br \/>\n<\/span><\/li>\n<li><span style=\"font-weight: 400;\">Yhden kerroksen peittoalue:<\/span><span style=\"font-weight: 400;\"><br \/>\n<\/span><\/p>\n<ul>\n<li><span style=\"font-weight: 400;\">sahatavaralle 4-10 m2 \/ l<\/span><span style=\"font-weight: 400;\"><br \/>\n<\/span><\/li>\n<li><span style=\"font-weight: 400;\">h\u00f6yl\u00e4tylle puulle 7-13 m2 \/ l<\/span><span style=\"font-weight: 400;\"><br \/>\n<\/span><\/li>\n<\/ul>\n<\/li>\n<li><span style=\"font-weight: 400;\">Kosketuskuiva 2\u20134 \u200b\u200btunnin kuluttua<\/span><span style=\"font-weight: 400;\"><br \/>\n<\/span><\/li>\n<li><span style=\"font-weight: 400;\">Peitett\u00e4v\u00e4 6 &#8211; 12 tunnin kuluttua (23 \u00b0 C, 50% RH)<\/span><span style=\"font-weight: 400;\"><br \/>\n<\/span><\/li>\n<li><span style=\"font-weight: 400;\">Pese k\u00e4ytetty harja tai rulla saippualla ja vedell\u00e4.<\/span><\/li>\n<\/ul>\n<p><span style=\"font-weight: 400;\"><br \/>\n<\/span><strong>V\u00e4rivalinta:<\/strong><\/p>\n<ul>\n<li><span style=\"font-weight: 400;\">Musta<\/span><span style=\"font-weight: 400;\"><br \/>\n<\/span><\/li>\n<li><span style=\"font-weight: 400;\">Harma<\/span><span style=\"font-weight: 400;\"><br \/>\n<\/span><\/li>\n<li><span style=\"font-weight: 400;\">Tumman ruskea<\/span><span style=\"font-weight: 400;\"><br \/>\n<\/span><\/li>\n<li><span style=\"font-weight: 400;\">Vaalean ruskea<\/span><span style=\"font-weight: 400;\"><br \/>\n<\/span><\/li>\n<li><span style=\"font-weight: 400;\">V\u00e4rit\u00f6n<\/span><\/li>\n<\/ul>\n<p><span style=\"font-weight: 400;\"><br \/>\n<\/span><strong>Pakkaukset:<\/strong><\/p>\n<ul>\n<li><span style=\"font-weight: 400;\">2,7 L<\/span><span style=\"font-weight: 400;\"><br \/>\n<\/span><\/li>\n<li><span style=\"font-weight: 400;\">5 L<\/span><span style=\"font-weight: 400;\"><br \/>\n<\/span><\/li>\n<li><span style=\"font-weight: 400;\">9 L<\/span><span style=\"font-weight: 400;\"><br \/>\n<\/span><\/li>\n<li><span style=\"font-weight: 400;\">18 L<\/span><\/li>\n<\/ul>\n<p><strong>Minimitilaus: 144 x 2,7 litraa.<\/strong><\/p>\n<p><strong>Yhdess\u00e4 lavassa: 144 x 2,7 litraa.<\/strong><\/p>\n","protected":false},"excerpt":{"rendered":"<h2><span style=\"font-weight: 400;\">Wood Oil Nano on uuteen tekniikkaan perustuva vesipohjainen puu\u00f6ljy, joka sis\u00e4lt\u00e4\u00e4 pallomaisia piidioksidinanohiukkasia.<\/span><\/h2>\n<ul>\n<li><span style=\"font-weight: 400;\"> Nanohiukkaset kest\u00e4v\u00e4t pinnan kulumista<\/span><span style=\"font-weight: 400;\"><br \/>\n<\/span><\/li>\n<li><span style=\"font-weight: 400;\">Kest\u00e4\u00e4 monta kertaa pidemp\u00e4\u00e4n kuin tavalliset terassi\u00f6ljyt<\/span><span style=\"font-weight: 400;\"><br \/>\n<\/span><\/li>\n<li><span style=\"font-weight: 400;\">Tuote imeytyy hyvin ja j\u00e4tt\u00e4\u00e4 luonnollisen sile\u00e4n pinnan, joka korostaa puun luonnollista pintaa<\/span><span style=\"font-weight: 400;\"><br \/>\n<\/span><\/li>\n<li><span style=\"font-weight: 400;\">Erityiset lis\u00e4aineet antavat \u00f6ljylle naarmuuntumissuojan, UV-suojan ja vett\u00e4 hylkiv\u00e4n<\/span><span style=\"font-weight: 400;\"><br \/>\n<\/span><\/li>\n<li><span style=\"font-weight: 400;\">Kyll\u00e4st\u00e4\u00e4 puun huokoset<\/span><span style=\"font-weight: 400;\"><br \/>\n<\/span><\/li>\n<li><span style=\"font-weight: 400;\">Est\u00e4\u00e4 homeen, sammalin ja sienten levi\u00e4mist\u00e4 puun pinnalle<\/span><\/li>\n<li><span style=\"font-weight: 400;\">Ei sis\u00e4ll\u00e4 myrkyllisi\u00e4 liuottimia<\/span><\/li>\n<\/ul>\n","protected":false},"featured_media":3655,"comment_status":"open","ping_status":"closed","template":"","meta":{"_acf_changed":false},"factory":[],"free-shipment":[],"product_brand":[],"product_cat":[441],"product_tag":[648,654,629],"class_list":{"0":"post-3654","1":"product","2":"type-product","3":"status-publish","4":"has-post-thumbnail","6":"product_cat-ammattimaiset-siivoustuotteet","7":"product_tag-pinnatootlus-fi","8":"product_tag-porandahooldus-fi","9":"product_tag-puidukaitse-oli-fi","11":"first","12":"instock","13":"sale","14":"taxable","15":"shipping-taxable","16":"purchasable","17":"product-type-simple"},"acf":[],"_links":{"self":[{"href":"https:\/\/factory.sale\/fi\/wp-json\/wp\/v2\/product\/3654","targetHints":{"allow":["GET"]}}],"collection":[{"href":"https:\/\/factory.sale\/fi\/wp-json\/wp\/v2\/product"}],"about":[{"href":"https:\/\/factory.sale\/fi\/wp-json\/wp\/v2\/types\/product"}],"replies":[{"embeddable":true,"href":"https:\/\/factory.sale\/fi\/wp-json\/wp\/v2\/comments?post=3654"}],"wp:featuredmedia":[{"embeddable":true,"href":"https:\/\/factory.sale\/fi\/wp-json\/wp\/v2\/media\/3655"}],"wp:attachment":[{"href":"https:\/\/factory.sale\/fi\/wp-json\/wp\/v2\/media?parent=3654"}],"wp:term":[{"taxonomy":"factory","embeddable":true,"href":"https:\/\/factory.sale\/fi\/wp-json\/wp\/v2\/factory?post=3654"},{"taxonomy":"free-shipment","embeddable":true,"href":"https:\/\/factory.sale\/fi\/wp-json\/wp\/v2\/free-shipment?post=3654"},{"taxonomy":"product_brand","embeddable":true,"href":"https:\/\/factory.sale\/fi\/wp-json\/wp\/v2\/product_brand?post=3654"},{"taxonomy":"product_cat","embeddable":true,"href":"https:\/\/factory.sale\/fi\/wp-json\/wp\/v2\/product_cat?post=3654"},{"taxonomy":"product_tag","embeddable":true,"href":"https:\/\/factory.sale\/fi\/wp-json\/wp\/v2\/product_tag?post=3654"}],"curies":[{"name":"wp","href":"https:\/\/api.w.org\/{rel}","templated":true}]}}