{"id":3652,"date":"2020-07-31T14:10:34","date_gmt":"2020-07-31T14:10:34","guid":{"rendered":"https:\/\/factory.sale\/product\/nano-tar-oil\/"},"modified":"2024-06-25T22:14:33","modified_gmt":"2024-06-25T22:14:33","slug":"nano-tervaoljy","status":"publish","type":"product","link":"https:\/\/factory.sale\/fi\/tuote\/nano-tervaoljy\/","title":{"rendered":"NANO TERVA\u00d6LJY"},"content":{"rendered":"<p><span style=\"font-weight: 400;\">Nano terva\u00f6ljy on uusi erityinen puunsuojatuote, joka sis\u00e4lt\u00e4\u00e4 pallomaisia \u200b\u200bpiidioksidinanohiukkasia<\/span><\/p>\n<ul>\n<li><span style=\"font-weight: 400;\">Tuote imeytyy hyvin ja j\u00e4tt\u00e4\u00e4 sile\u00e4n pinnan, joka korostaa puun luonnollista pintaa<\/span><span style=\"font-weight: 400;\"><br \/>\n<\/span><\/li>\n<li><span style=\"font-weight: 400;\">Nanohiukkaset suojavat pintaa kulumiselta<\/span><span style=\"font-weight: 400;\"><br \/>\n<\/span><\/li>\n<li><span style=\"font-weight: 400;\">Erityiset lis\u00e4aineet antavat \u00f6ljylle naarmuuntumissuojan, UV-suojan ja veden hylkivyyden<\/span><span style=\"font-weight: 400;\"><br \/>\n<\/span><\/li>\n<li><span style=\"font-weight: 400;\">Kyll\u00e4st\u00e4\u00e4 puun huokoset<\/span><\/li>\n<\/ul>\n<p><span style=\"font-weight: 400;\"><br \/>\n<\/span><strong>K\u00e4ytt\u00f6:<\/strong><\/p>\n<ul>\n<li><span style=\"font-weight: 400;\">Sekoita ja ravista hyvin ennen k\u00e4ytt\u00f6\u00e4<\/span><span style=\"font-weight: 400;\"><br \/>\n<\/span><\/li>\n<li><span style=\"font-weight: 400;\">Ulkona kaikilla puupinnoilla<\/span><span style=\"font-weight: 400;\"><br \/>\n<\/span><\/li>\n<li><span style=\"font-weight: 400;\">Ensimm\u00e4ist\u00e4 kertaa suositellaan laimentamaan tuotetta mineraalit\u00e4rp\u00e4ttill\u00e4 suhteessa 80% \u00f6ljyyn 20% t\u00e4rp\u00e4ttiiniin (Euro <\/span><span style=\"font-weight: 400;\">mineraalit\u00e4rp\u00e4ttiini)<\/span><span style=\"font-weight: 400;\"><br \/>\n<\/span><\/li>\n<li><span style=\"font-weight: 400;\">Ensimm\u00e4ist\u00e4 kerrosta levitett\u00e4ess\u00e4 suositellaan ruiskun k\u00e4ytt\u00f6\u00e4, jotta \u00f6ljy imeytyy vaikeimmissakin nurkissa.<\/span><span style=\"font-weight: 400;\"><br \/>\n<\/span><\/li>\n<li><span style=\"font-weight: 400;\">Toiselle kerrokselle suositellaan laimennussuhdetta 90% \u00f6ljy\u00e4 ja 10% t\u00e4rp\u00e4ttiini\u00e4.<\/span><span style=\"font-weight: 400;\"><br \/>\n<\/span><\/li>\n<li><span style=\"font-weight: 400;\">Levit\u00e4 tuote useamman kerroksen niin kauan kuin \u00f6ljy imeytyy puuhun.<\/span><span style=\"font-weight: 400;\"><br \/>\n<\/span><\/li>\n<li><span style=\"font-weight: 400;\">Pese k\u00e4ytetty harja tai rulla liuottimella.<\/span><\/li>\n<\/ul>\n<p><span style=\"font-weight: 400;\"><br \/>\n<\/span><strong>Pakkaukset:<\/strong><\/p>\n<ul>\n<li><span style=\"font-weight: 400;\">\u00a01 L<\/span><span style=\"font-weight: 400;\"><br \/>\n<\/span><\/li>\n<li><span style=\"font-weight: 400;\">\u00a02,7 L<\/span><span style=\"font-weight: 400;\"><br \/>\n<\/span><\/li>\n<li><span style=\"font-weight: 400;\">\u00a05 L<\/span><span style=\"font-weight: 400;\"><br \/>\n<\/span><\/li>\n<li><span style=\"font-weight: 400;\">\u00a09 L<\/span><span style=\"font-weight: 400;\"><br \/>\n<\/span><\/li>\n<li><span style=\"font-weight: 400;\">\u00a018 L<\/span><\/li>\n<\/ul>\n<p>&nbsp;<\/p>\n","protected":false},"excerpt":{"rendered":"<p><span style=\"font-weight: 400;\">Nano terva\u00f6ljy on uusi erityinen puunsuojatuote, joka sis\u00e4lt\u00e4\u00e4 pallomaisia \u200b\u200bpiidioksidinanohiukkasia<\/span><\/p>\n<ul>\n<li><span style=\"font-weight: 400;\">Tuote imeytyy hyvin ja j\u00e4tt\u00e4\u00e4 sile\u00e4n pinnan, joka korostaa puun luonnollista pintaa<\/span><span style=\"font-weight: 400;\"><br \/>\n<\/span><\/li>\n<li><span style=\"font-weight: 400;\">Nanohiukkaset suojavat pintaa kulumiselta<\/span><span style=\"font-weight: 400;\"><br \/>\n<\/span><\/li>\n<li><span style=\"font-weight: 400;\">Erityiset lis\u00e4aineet antavat \u00f6ljylle naarmuuntumissuojan, UV-suojan ja veden hylkivyyden<\/span><span style=\"font-weight: 400;\"><br \/>\n<\/span><\/li>\n<li><span style=\"font-weight: 400;\">Kyll\u00e4st\u00e4\u00e4 puun huokoset<\/span><\/li>\n<\/ul>\n<p>&nbsp;<\/p>\n","protected":false},"featured_media":3653,"comment_status":"open","ping_status":"closed","template":"","meta":{"_acf_changed":false},"factory":[],"free-shipment":[],"product_brand":[],"product_cat":[441],"product_tag":[564,618],"class_list":{"0":"post-3652","1":"product","2":"type-product","3":"status-publish","4":"has-post-thumbnail","6":"product_cat-ammattimaiset-siivoustuotteet","7":"product_tag-floor-protection-fi","8":"product_tag-wooden-floor-protection-fi","10":"first","11":"instock","12":"sale","13":"taxable","14":"shipping-taxable","15":"purchasable","16":"product-type-simple"},"acf":[],"_links":{"self":[{"href":"https:\/\/factory.sale\/fi\/wp-json\/wp\/v2\/product\/3652","targetHints":{"allow":["GET"]}}],"collection":[{"href":"https:\/\/factory.sale\/fi\/wp-json\/wp\/v2\/product"}],"about":[{"href":"https:\/\/factory.sale\/fi\/wp-json\/wp\/v2\/types\/product"}],"replies":[{"embeddable":true,"href":"https:\/\/factory.sale\/fi\/wp-json\/wp\/v2\/comments?post=3652"}],"wp:featuredmedia":[{"embeddable":true,"href":"https:\/\/factory.sale\/fi\/wp-json\/wp\/v2\/media\/3653"}],"wp:attachment":[{"href":"https:\/\/factory.sale\/fi\/wp-json\/wp\/v2\/media?parent=3652"}],"wp:term":[{"taxonomy":"factory","embeddable":true,"href":"https:\/\/factory.sale\/fi\/wp-json\/wp\/v2\/factory?post=3652"},{"taxonomy":"free-shipment","embeddable":true,"href":"https:\/\/factory.sale\/fi\/wp-json\/wp\/v2\/free-shipment?post=3652"},{"taxonomy":"product_brand","embeddable":true,"href":"https:\/\/factory.sale\/fi\/wp-json\/wp\/v2\/product_brand?post=3652"},{"taxonomy":"product_cat","embeddable":true,"href":"https:\/\/factory.sale\/fi\/wp-json\/wp\/v2\/product_cat?post=3652"},{"taxonomy":"product_tag","embeddable":true,"href":"https:\/\/factory.sale\/fi\/wp-json\/wp\/v2\/product_tag?post=3652"}],"curies":[{"name":"wp","href":"https:\/\/api.w.org\/{rel}","templated":true}]}}