{"id":3650,"date":"2020-07-31T14:16:43","date_gmt":"2020-07-31T14:16:43","guid":{"rendered":"https:\/\/factory.sale\/product\/mexytech-wood-composite-terrace-planks\/"},"modified":"2024-06-26T09:50:20","modified_gmt":"2024-06-26T09:50:20","slug":"mexytech-puukomposiitti-terrassilauteet","status":"publish","type":"product","link":"https:\/\/factory.sale\/fi\/tuote\/mexytech-puukomposiitti-terrassilauteet\/","title":{"rendered":"MEXYTECH PUUKOMPOSIITTI TERRASSILAUTEET"},"content":{"rendered":"<h2 style=\"margin-top: 0cm; background: #F9FAFA;\"><strong><span lang=\"et\" style=\"font-family: Oswald; color: black; text-transform: uppercase;\">MEXYTECH PUUKOMPOSIITTI TERRASSIlaUteet<\/span><\/strong><\/h2>\n<p>MexyTech-puukomposiitti terassilauteet ovat erinomaisen kest\u00e4vi\u00e4, ymp\u00e4rist\u00f6yst\u00e4v\u00e4llisi\u00e4 ja helppo asentaa. Luonnollinen ulkon\u00e4k\u00f6 mahdollistaa luonnollisen puun korvaamisen rakennusmateriaalina.<\/p>\n<p>&#8211; Mitat (mm): 145 * 21 * 3850<br \/>\n&#8211; V\u00e4ri: Saatavana kahdessa v\u00e4riss\u00e4 (ruskea ja harmaa).<br \/>\n&#8211; Kulutus 1 m2: 6,6 m<br \/>\n&#8211; Asennuskiinnikkeen kulu 10m2: 250 kpl.<\/p>\n<p><strong>Edut:<\/strong><\/p>\n<p>&#8211; 100% kierr\u00e4tetty\u00e4 materiaalia. S\u00e4\u00e4st\u00e4\u00e4 mets\u00e4\u00e4 ja luonnonvaroja.<br \/>\n&#8211; Vedenkest\u00e4v\u00e4. Ei m\u00e4t\u00e4ne. Tuote on testattu my\u00f6s suolavedess\u00e4.<br \/>\n&#8211; Miellytt\u00e4v\u00e4 pinta paljaille jaloille. Ei liukas. Ei ole murtumiskohtia tai halkeamia.<br \/>\n&#8211; Ei tarvita maalausta tai kyll\u00e4st\u00e4mist\u00e4.<br \/>\n&#8211; L\u00e4mp\u00f6kest\u00e4vyys -40 \u00b0 C &#8211; + 60 \u00b0 C.<br \/>\n&#8211; Kest\u00e4\u00e4 hy\u00f6nteisi\u00e4, iti\u00f6it\u00e4 ja hometta.<br \/>\n&#8211; Saatavana eri v\u00e4rein\u00e4.<br \/>\n&#8211; Helppo asentaa ja pit\u00e4\u00e4 puhtaana.<\/p>\n<p><strong>Ekologia:<\/strong><\/p>\n<p>Kasvihuone-efekti pakottaa ihmiset ajattelemaan yh\u00e4 enemm\u00e4n ymp\u00e4rist\u00f6asioita. Puukomposiitti on uusi ja t\u00e4ysin kierr\u00e4tett\u00e4v\u00e4 materiaali, joka korvaa puun rakennusmateriaalina. Puukomposiitissa k\u00e4ytetyt raaka-aineet eiv\u00e4t ole myrkyllisi\u00e4. MexyTech pyrkii olemaan edell\u00e4k\u00e4vij\u00e4 t\u00e4ll\u00e4 alalla luomalla ekologisen korvikkeen puulle rakennusmateriaalina.<\/p>\n<p><strong>Tekniset tiedot:<\/strong><\/p>\n<p>Tiheys 1,285 g \/ cm3, ASTM D792-2008 METODI B<br \/>\nTaivutuslujuus 38 MPa, ASTM D790-07E1<br \/>\nVetolujuus 21,08 MPa, ASTM D638-08<br \/>\nVeden imeytyminen 0,8%, ASTM D570-98<br \/>\nPituussuuntainen l\u00e4mp\u00f6laajeneminen 49,82 \u03bcm \/ (m * \u00b0 C), TMA<br \/>\nIZOD iskulujuus 79 J \/ m, ASTM D4812-06<br \/>\nKovuus D \/ 76\/1, ASTM D2240-05<br \/>\nV\u00e4\u00e4nt\u00f6lujuus \u226512 MPa, ASTM D790<br \/>\nVaakapoltto 22 mm \/ min, UL 94-1996REV.9: 2006<br \/>\nV\u00e4\u00e4nt\u00f6j\u00e4ykkyys \u2265 1600 MPa, ASTM D790<br \/>\nPuristuslujuus \u2265 30 MPa, ASTM D143<br \/>\nNaulan pitovoima \u22653000 N, ASTM D1037<br \/>\nNaulan poistovoima 802 psi, ASTM D1761<br \/>\nSaanto 82,66%, ASTM D7032-OSA 5.4<br \/>\nL\u00e4mp\u00f6tilan kierre \u2265100 \u00b0 C, ASTM D648<br \/>\nUV-kest\u00e4vyys \/ Xenon Arc &#8211; altistuminen, harmaa 4-5 grey scale, ruskea 4 grey scale, mahonki 4-5 grey scale, tumma p\u00e4hkin\u00e4 4-5 grey scale<br \/>\nS0105-02: 2000 \/ Amd.2: 2000 (E), ISO 105-A02: 1993 Cor2: 2005, altistusaika 720 tuntia<br \/>\nL\u00e4mp\u00f6shokki: Ei halkeilua, kiertymist\u00e4, halkeilua, v\u00e4rimuutoksia, IEC 60068-2-14 Na: 1986, 5 sykli\u00e4<br \/>\nKitkakerroin 6.63, ASTM F 609<br \/>\nMateriaalin koostumus: Kierr\u00e4tetty muovi 35%, luonnonkuidut 60%, lis\u00e4aineet 5%<br \/>\nHomeenkest\u00e4vyys: Ensiluokkainen, ASTM F609<br \/>\nPalonkest\u00e4vyys: HB, UL 94-1996REV.9: 2006 osa7<\/p>\n","protected":false},"excerpt":{"rendered":"<p>MexyTech-puukomposiitti terassilauteet ovat erinomaista kest\u00e4vyytt\u00e4, ymp\u00e4rist\u00f6yst\u00e4v\u00e4llisi\u00e4 ja helppo asentaa. Luonnollinen ulkon\u00e4k\u00f6 mahdollistaa luonnollisen puun korvaamisen rakennusmateriaalina.<\/p>\n<p>&#8211; Mitat (mm): 145 * 21 * 3850<br \/>\n&#8211; V\u00e4ri: Saatavana kahdessa v\u00e4riss\u00e4 (ruskea ja harmaa).<br \/>\n&#8211; Kulutus 1 m2: 6,6 m<br \/>\n&#8211; Asennuskiinnikkeen kulu 10m2: 250 kpl<\/p>\n","protected":false},"featured_media":3651,"comment_status":"open","ping_status":"closed","template":"","meta":{"_acf_changed":false},"factory":[],"free-shipment":[],"product_brand":[],"product_cat":[446,451],"product_tag":[],"class_list":{"0":"post-3650","1":"product","2":"type-product","3":"status-publish","4":"has-post-thumbnail","6":"product_cat-lattiat","7":"product_cat-terassilaudat","9":"first","10":"instock","11":"sale","12":"taxable","13":"shipping-taxable","14":"purchasable","15":"product-type-simple"},"acf":[],"_links":{"self":[{"href":"https:\/\/factory.sale\/fi\/wp-json\/wp\/v2\/product\/3650","targetHints":{"allow":["GET"]}}],"collection":[{"href":"https:\/\/factory.sale\/fi\/wp-json\/wp\/v2\/product"}],"about":[{"href":"https:\/\/factory.sale\/fi\/wp-json\/wp\/v2\/types\/product"}],"replies":[{"embeddable":true,"href":"https:\/\/factory.sale\/fi\/wp-json\/wp\/v2\/comments?post=3650"}],"wp:featuredmedia":[{"embeddable":true,"href":"https:\/\/factory.sale\/fi\/wp-json\/wp\/v2\/media\/3651"}],"wp:attachment":[{"href":"https:\/\/factory.sale\/fi\/wp-json\/wp\/v2\/media?parent=3650"}],"wp:term":[{"taxonomy":"factory","embeddable":true,"href":"https:\/\/factory.sale\/fi\/wp-json\/wp\/v2\/factory?post=3650"},{"taxonomy":"free-shipment","embeddable":true,"href":"https:\/\/factory.sale\/fi\/wp-json\/wp\/v2\/free-shipment?post=3650"},{"taxonomy":"product_brand","embeddable":true,"href":"https:\/\/factory.sale\/fi\/wp-json\/wp\/v2\/product_brand?post=3650"},{"taxonomy":"product_cat","embeddable":true,"href":"https:\/\/factory.sale\/fi\/wp-json\/wp\/v2\/product_cat?post=3650"},{"taxonomy":"product_tag","embeddable":true,"href":"https:\/\/factory.sale\/fi\/wp-json\/wp\/v2\/product_tag?post=3650"}],"curies":[{"name":"wp","href":"https:\/\/api.w.org\/{rel}","templated":true}]}}