{"id":33670,"date":"2023-08-08T07:21:23","date_gmt":"2023-08-08T07:27:42","guid":{"rendered":"https:\/\/factory.sale\/?post_type=product&#038;p=33670"},"modified":"2024-06-26T20:09:03","modified_gmt":"2024-06-26T20:09:03","slug":"penkki-sparta","status":"publish","type":"product","link":"https:\/\/factory.sale\/fi\/tuote\/penkki-sparta\/","title":{"rendered":"Penkki &#8221;Sparta&#8221;"},"content":{"rendered":"<ul>\n<li>Moderni ja samalla klassinen puistonpenkki.<\/li>\n<li>Suunniteltu vaativimmille k\u00e4ytt\u00e4jille.<\/li>\n<li>Ergonominen ja esteettinen arvo antaa jokaisen penkin k\u00e4ytt\u00e4j\u00e4n rentoutua paremmin.<\/li>\n<li>Siksi Spartan-puistopenkki t\u00e4ytt\u00e4\u00e4 t\u00e4ydellisesti kaupunkitilat, viheralueet tai asuinalueet.<\/li>\n<\/ul>\n<p>&nbsp;<\/p>\n<p><strong>Lis\u00e4tiedot:<\/strong><\/p>\n<ul>\n<li>Penkin pituus: 194 cm<\/li>\n<li>Penkin leveys: 55 cm<\/li>\n<li>Penkin korkeus: 76 cm<\/li>\n<li>Istumapaikan pituus: 170 cm<\/li>\n<li>Istumapaikan leveys: 36 cm<\/li>\n<li>Istumapaikan korkeus: 42 cm<\/li>\n<li>Materiaali: ter\u00e4s, puu<\/li>\n<li>Tsinkitty, jauhemaalattu<\/li>\n<li>Puun s\u00e4vyt: mahonki, tiikki, palisanderi<\/li>\n<li>Sertifikaatti: PN EN 1176<\/li>\n<li>Takuu 2 vuotta<\/li>\n<\/ul>\n","protected":false},"excerpt":{"rendered":"<p><strong>Penkin vahvat puuosat on kiinnitetty galvanoituun ter\u00e4srakenteeseen, joka on k\u00e4sitelty jauhemaalilla.<\/strong><\/p>\n<p>Modernilla designilla varustetut kaupunkikalusteet tekev\u00e4t k\u00e4velyst\u00e4 mukavampaa ja tarjoavat mahdollisuuden viett\u00e4\u00e4 aikaa hetken.<br \/>\nLaadukas penkki kertoo, ett\u00e4 t\u00e4\u00e4ll\u00e4 on turvallista lukea kirjaa tai nauttia kauniista s\u00e4\u00e4st\u00e4.<\/p>\n<p>&nbsp;<\/p>\n<p>&nbsp;<\/p>\n","protected":false},"featured_media":10496,"comment_status":"open","ping_status":"closed","template":"","meta":{"_acf_changed":false},"factory":[],"free-shipment":[],"product_brand":[],"product_cat":[1336,1337],"product_tag":[],"class_list":{"0":"post-33670","1":"product","2":"type-product","3":"status-publish","4":"has-post-thumbnail","6":"product_cat-kaupunkihuonekalut","7":"product_cat-penkit","9":"first","10":"instock","11":"taxable","12":"shipping-taxable","13":"purchasable","14":"product-type-simple"},"acf":[],"_links":{"self":[{"href":"https:\/\/factory.sale\/fi\/wp-json\/wp\/v2\/product\/33670","targetHints":{"allow":["GET"]}}],"collection":[{"href":"https:\/\/factory.sale\/fi\/wp-json\/wp\/v2\/product"}],"about":[{"href":"https:\/\/factory.sale\/fi\/wp-json\/wp\/v2\/types\/product"}],"replies":[{"embeddable":true,"href":"https:\/\/factory.sale\/fi\/wp-json\/wp\/v2\/comments?post=33670"}],"wp:featuredmedia":[{"embeddable":true,"href":"https:\/\/factory.sale\/fi\/wp-json\/wp\/v2\/media\/10496"}],"wp:attachment":[{"href":"https:\/\/factory.sale\/fi\/wp-json\/wp\/v2\/media?parent=33670"}],"wp:term":[{"taxonomy":"factory","embeddable":true,"href":"https:\/\/factory.sale\/fi\/wp-json\/wp\/v2\/factory?post=33670"},{"taxonomy":"free-shipment","embeddable":true,"href":"https:\/\/factory.sale\/fi\/wp-json\/wp\/v2\/free-shipment?post=33670"},{"taxonomy":"product_brand","embeddable":true,"href":"https:\/\/factory.sale\/fi\/wp-json\/wp\/v2\/product_brand?post=33670"},{"taxonomy":"product_cat","embeddable":true,"href":"https:\/\/factory.sale\/fi\/wp-json\/wp\/v2\/product_cat?post=33670"},{"taxonomy":"product_tag","embeddable":true,"href":"https:\/\/factory.sale\/fi\/wp-json\/wp\/v2\/product_tag?post=33670"}],"curies":[{"name":"wp","href":"https:\/\/api.w.org\/{rel}","templated":true}]}}