{"id":30485,"date":"2023-03-09T16:28:53","date_gmt":"2023-07-17T09:36:10","guid":{"rendered":"https:\/\/factory.sale\/?post_type=product&#038;p=30485"},"modified":"2024-06-27T13:52:48","modified_gmt":"2024-06-27T13:52:48","slug":"umaron-grillhouse-11m2","status":"publish","type":"product","link":"https:\/\/factory.sale\/fi\/tuote\/umaron-grillhouse-11m2\/","title":{"rendered":"\u00dcmaron Grillhouse 11m2"},"content":{"rendered":"<p>T\u00e4m\u00e4 pieni kupolirakennus on t\u00e4ydellinen maataloon tai pieneen pihaan.<\/p>\n<p>Kupolirakennuksen rakentamisessa k\u00e4ytet\u00e4\u00e4n vain korkealaatuisia materiaaleja, sek\u00e4 verhoiluun, runkoon ett\u00e4 viimeistelyyn.<\/p>\n<p>&nbsp;<\/p>\n<p><strong>Kupolirakennuksen vakio-ominaisuuksia:<\/strong><\/p>\n<ul>\n<li>Kertaluonteinen 5-6 mm laminoitu turvalasi<\/li>\n<li>S\u00e4\u00e4nkest\u00e4v\u00e4 vaneri<\/li>\n<li>Ilmanvaihtoaukot<\/li>\n<li>Lukittava metalliovi<\/li>\n<li>Maalattu RAL-v\u00e4rill\u00e4<\/li>\n<li>Takuu 2 vuotta<\/li>\n<\/ul>\n<p>&nbsp;<\/p>\n<p><strong>Mitat:<\/strong><\/p>\n<ul>\n<li>Korkeus: 2.8 m<\/li>\n<li>Halkaisija: 3.8 m<\/li>\n<li>Pinta-ala: 11.5 m2<\/li>\n<li>Korokekorkeus: 65 cm<\/li>\n<\/ul>\n<p>&nbsp;<\/p>\n<p><strong>Materiaali:<\/strong><\/p>\n<ul>\n<li>Karkaistu turvalasi<\/li>\n<li>Kosteudenkest\u00e4v\u00e4st\u00e4 vanerista valmistettu runko<\/li>\n<li>Havupuu rakennusten korokkeissa<\/li>\n<\/ul>\n<p>&nbsp;<\/p>\n<p><strong>Voit valita 3 eri lasityyppi\u00e4:<\/strong><\/p>\n<ul>\n<li>5 mm kirkas karkaistu turvalasi<\/li>\n<li>6 mm pronssis\u00e4vyinen karkaistu turvalasi<\/li>\n<li>6 mm harmaa karkaistu turvalasi<\/li>\n<li>lis\u00e4ksi tarjoamme pinnoituksen auringonsuojakalvolla. Sek\u00e4 peiliefektill\u00e4 ett\u00e4 l\u00e4pin\u00e4kym\u00e4tt\u00f6m\u00e4ksi.<\/li>\n<\/ul>\n<p>&nbsp;<\/p>\n<p><strong>Ovi ja ilmanvaihto:<\/strong><\/p>\n<ul>\n<li>Jauhemaalattu metalliovi<\/li>\n<li>Spiraalituuletin<\/li>\n<li>4 ilmanvaihtoaukkoa rakennuksen alaosassa<\/li>\n<\/ul>\n<p>&nbsp;<\/p>\n<p><strong>Kokonaisratkaisu sis\u00e4lt\u00e4\u00e4:<\/strong><\/p>\n<ul>\n<li>\u00dcmaron 11<\/li>\n<li>Puuinen terassi 4 m x 4 m<\/li>\n<li>Grillaus- ja tulipes\u00e4 savukammion kanssa<\/li>\n<li>Asennus ja kuljetus Viroon sis\u00e4ltyv\u00e4t<\/li>\n<\/ul>\n<p>&nbsp;<\/p>\n<p><strong>Takuu:<\/strong><\/p>\n<p>\u00dcmaronin kupolirakennukset valmistetaan ainoastaan korkealaatuisista materiaaleista, joilla on sertifikaatit. Annamme rungolle ja puuosalle<br \/>\ntakuu 2 vuotta. Lasille ei voida antaa takuuta rikkoutumista vastaan. T\u00e4t\u00e4 varten k\u00e4yt\u00e4mme karkaistua turvalasia.<\/p>\n<p><strong>Asennus:<\/strong><\/p>\n<p>Kupolirakennukset on suunniteltu siten, ett\u00e4 asennuksen voi tehd\u00e4 kuka tahansa. Tarvitaan vain 3 avustajaa ja noin 8 tuntia.<br \/>\nTarjoamme my\u00f6s asennuspalvelua Virossa kuljetuksen kanssa.<\/p>\n<p><em>Kysy tarjous!<\/em><\/p>\n<p>&nbsp;<\/p>\n<p>&nbsp;<\/p>\n<p><strong>MITEN KOKOON DOME-PUUTARHAM\u00d6KKISETTI?<\/strong><\/p>\n<div class=\"video-wrapper \"><iframe loading=\"lazy\" title=\"HOW TO ASSEMBLE DOME GARDEN CABIN KIT?\" width=\"500\" height=\"281\" src=\"https:\/\/www.youtube.com\/embed\/yom3r3-UWOw?feature=oembed\" frameborder=\"0\" allow=\"accelerometer; autoplay; clipboard-write; encrypted-media; gyroscope; picture-in-picture; web-share\" referrerpolicy=\"strict-origin-when-cross-origin\" allowfullscreen><\/iframe><\/div>\n","protected":false},"excerpt":{"rendered":"<p><strong>Ainutlaatuinen ulkon\u00e4k\u00f6 ja j\u00e4nnitt\u00e4v\u00e4t ratkaisut!<\/strong><\/p>\n<p>T\u00e4m\u00e4 pieni kupolirakennus on t\u00e4ydellinen maataloon tai pieneen pihaan.<\/p>\n<p>Kupolirakennuksen rakentamisessa k\u00e4ytet\u00e4\u00e4n vain korkealaatuisia materiaaleja, sek\u00e4 verhoiluun, runkoon ett\u00e4 viimeistelyyn.<\/p>\n<p>&nbsp;<\/p>\n","protected":false},"featured_media":24607,"comment_status":"open","ping_status":"closed","template":"","meta":{"_acf_changed":false},"factory":[],"free-shipment":[],"product_brand":[],"product_cat":[1112,1316],"product_tag":[1488,1351],"class_list":{"0":"post-30485","1":"product","2":"type-product","3":"status-publish","4":"has-post-thumbnail","6":"product_cat-elementtitalot","7":"product_cat-geodeettinen-kupoli","8":"product_tag-garden-fi","9":"product_tag-glamping-fi","11":"first","12":"instock","13":"sale","14":"taxable","15":"shipping-taxable","16":"purchasable","17":"product-type-simple"},"acf":[],"_links":{"self":[{"href":"https:\/\/factory.sale\/fi\/wp-json\/wp\/v2\/product\/30485","targetHints":{"allow":["GET"]}}],"collection":[{"href":"https:\/\/factory.sale\/fi\/wp-json\/wp\/v2\/product"}],"about":[{"href":"https:\/\/factory.sale\/fi\/wp-json\/wp\/v2\/types\/product"}],"replies":[{"embeddable":true,"href":"https:\/\/factory.sale\/fi\/wp-json\/wp\/v2\/comments?post=30485"}],"wp:featuredmedia":[{"embeddable":true,"href":"https:\/\/factory.sale\/fi\/wp-json\/wp\/v2\/media\/24607"}],"wp:attachment":[{"href":"https:\/\/factory.sale\/fi\/wp-json\/wp\/v2\/media?parent=30485"}],"wp:term":[{"taxonomy":"factory","embeddable":true,"href":"https:\/\/factory.sale\/fi\/wp-json\/wp\/v2\/factory?post=30485"},{"taxonomy":"free-shipment","embeddable":true,"href":"https:\/\/factory.sale\/fi\/wp-json\/wp\/v2\/free-shipment?post=30485"},{"taxonomy":"product_brand","embeddable":true,"href":"https:\/\/factory.sale\/fi\/wp-json\/wp\/v2\/product_brand?post=30485"},{"taxonomy":"product_cat","embeddable":true,"href":"https:\/\/factory.sale\/fi\/wp-json\/wp\/v2\/product_cat?post=30485"},{"taxonomy":"product_tag","embeddable":true,"href":"https:\/\/factory.sale\/fi\/wp-json\/wp\/v2\/product_tag?post=30485"}],"curies":[{"name":"wp","href":"https:\/\/api.w.org\/{rel}","templated":true}]}}