{"id":30479,"date":"2023-02-09T10:19:33","date_gmt":"2023-07-17T09:18:44","guid":{"rendered":"https:\/\/factory.sale\/?post_type=product&#038;p=30479"},"modified":"2024-06-27T15:23:42","modified_gmt":"2024-06-27T15:23:42","slug":"sahkolammitin-harvia-globe-gl110e-105-kw-harvia-xenio-cx170","status":"publish","type":"product","link":"https:\/\/factory.sale\/fi\/tuote\/sahkolammitin-harvia-globe-gl110e-105-kw-harvia-xenio-cx170\/","title":{"rendered":"S\u00e4hk\u00f6l\u00e4mmitin HARVIA GLOBE GL110E 10,5 kW + HARVIA XENIO CX170"},"content":{"rendered":"<p>Korkealaatuisten raaka-aineiden \u2013 kest\u00e4v\u00e4n ruostumattoman ter\u00e4ksen \u2013 tehokas k\u00e4ytt\u00f6 ja kemikaaliton pinnank\u00e4sittely ovat esimerkkej\u00e4 ymp\u00e4rist\u00f6tietoisesta ajattelusta. L\u00e4mmittimen rakenne, joka koostuu tarkasti laserleikatuista ter\u00e4skaarista ja -renkaista, edustaa uudenlaista ajattelua. L\u00e4mmittimen kivimassa on optimoitu: se l\u00e4mpenee riitt\u00e4v\u00e4n nopeasti h\u00f6yryn pehmeydest\u00e4 tinkim\u00e4tt\u00e4. Harvia Globe -l\u00e4mmitint\u00e4 ohjataan kosketusn\u00e4ytt\u00f6isell\u00e4 ohjauspaneelilla. Yksinkertaisen tyylik\u00e4s ja roiskevedenkest\u00e4v\u00e4 ohjauspaneeli voidaan asentaa saunan sis\u00e4- tai ulkopuolelle. L\u00e4mmittimess\u00e4 on kompakti virtayksikk\u00f6, joka huolehtii l\u00e4mmityselementtien s\u00e4hk\u00f6nsy\u00f6t\u00f6st\u00e4.<\/p>\n<p><strong>Suositeltu saunan koko 9-15 m3.<\/strong><\/p>\n<p>L\u00e4mmitint\u00e4 ohjataan erillisell\u00e4 ohjausyksik\u00f6ll\u00e4 Harvia Xenio CX170 (sis\u00e4ltyy).<\/p>\n<p>&nbsp;<\/p>\n<p>L\u00e4mmitin on suunniteltu toimimaan 400V 3-vaiheisella sy\u00f6tt\u00f6j\u00e4nnitteell\u00e4!<\/p>\n<ul>\n<li>L\u00e4mp\u00f6tila on s\u00e4\u00e4dett\u00e4viss\u00e4 asteen tarkkuudella.<\/li>\n<li>Esil\u00e4mmitysaika 0 &#8211; 18 tuntia.<\/li>\n<li>Uunin k\u00e4ytt\u00f6aika kytketty p\u00e4\u00e4lle jopa 12 tuntia.<\/li>\n<li>L\u00e4mmittimen mitat: leveys &#8211; 50 cm; syvyys 50 cm; korkeus &#8211; 47,5 cm.<\/li>\n<li>Kivet sis\u00e4ltyv\u00e4t.<\/li>\n<li>Suositellaan saunan kokoon 9-15 m3.<\/li>\n<li>Elektroninen ohjauspaneeli &#8211; Harvia Xenio CX170.<\/li>\n<li>Koodi: HGL110<\/li>\n<li>Turvakaide ei sis\u00e4lly hintaan!<\/li>\n<\/ul>\n<p>&nbsp;<\/p>\n","protected":false},"excerpt":{"rendered":"<p><strong>Harvia Globe GL110E &#8211; elektronisella ohjauspaneelilla, asennettuna saunan sis\u00e4- tai ulkopuolelle.<\/strong><\/p>\n<p>Harvian suosittujen s\u00e4hk\u00f6l\u00e4mmittimien mallit on suunniteltu antamaan sinulle paras saunakokemus p\u00e4ivitt\u00e4isess\u00e4 k\u00e4yt\u00f6ss\u00e4, vuodesta toiseen. Jokainen l\u00e4mmitin sis\u00e4lt\u00e4\u00e4 huippuluokan teknologiaa ja se on taloudellinen ja miellytt\u00e4v\u00e4 k\u00e4ytt\u00e4\u00e4.<\/p>\n<p>&nbsp;<\/p>\n<p>&nbsp;<\/p>\n","protected":false},"featured_media":22734,"comment_status":"open","ping_status":"closed","template":"","meta":{"_acf_changed":false},"factory":[],"free-shipment":[],"product_brand":[],"product_cat":[1421,484],"product_tag":[878,1152],"class_list":{"0":"post-30479","1":"product","2":"type-product","3":"status-publish","4":"has-post-thumbnail","6":"product_cat-harvia-fi","7":"product_cat-saunan-kiukaat","8":"product_tag-control-unit-fi","9":"product_tag-harvia-fi","11":"first","12":"instock","13":"sale","14":"taxable","15":"shipping-taxable","16":"purchasable","17":"product-type-simple"},"acf":[],"_links":{"self":[{"href":"https:\/\/factory.sale\/fi\/wp-json\/wp\/v2\/product\/30479","targetHints":{"allow":["GET"]}}],"collection":[{"href":"https:\/\/factory.sale\/fi\/wp-json\/wp\/v2\/product"}],"about":[{"href":"https:\/\/factory.sale\/fi\/wp-json\/wp\/v2\/types\/product"}],"replies":[{"embeddable":true,"href":"https:\/\/factory.sale\/fi\/wp-json\/wp\/v2\/comments?post=30479"}],"wp:featuredmedia":[{"embeddable":true,"href":"https:\/\/factory.sale\/fi\/wp-json\/wp\/v2\/media\/22734"}],"wp:attachment":[{"href":"https:\/\/factory.sale\/fi\/wp-json\/wp\/v2\/media?parent=30479"}],"wp:term":[{"taxonomy":"factory","embeddable":true,"href":"https:\/\/factory.sale\/fi\/wp-json\/wp\/v2\/factory?post=30479"},{"taxonomy":"free-shipment","embeddable":true,"href":"https:\/\/factory.sale\/fi\/wp-json\/wp\/v2\/free-shipment?post=30479"},{"taxonomy":"product_brand","embeddable":true,"href":"https:\/\/factory.sale\/fi\/wp-json\/wp\/v2\/product_brand?post=30479"},{"taxonomy":"product_cat","embeddable":true,"href":"https:\/\/factory.sale\/fi\/wp-json\/wp\/v2\/product_cat?post=30479"},{"taxonomy":"product_tag","embeddable":true,"href":"https:\/\/factory.sale\/fi\/wp-json\/wp\/v2\/product_tag?post=30479"}],"curies":[{"name":"wp","href":"https:\/\/api.w.org\/{rel}","templated":true}]}}