{"id":30473,"date":"2023-04-09T11:33:28","date_gmt":"2023-07-17T08:44:47","guid":{"rendered":"https:\/\/factory.sale\/?post_type=product&#038;p=30473"},"modified":"2026-03-24T00:00:24","modified_gmt":"2026-03-23T21:00:24","slug":"pyorea-kylpytynnyri-sisaisella-kiuas-o18-m","status":"publish","type":"product","link":"https:\/\/factory.sale\/fi\/tuote\/pyorea-kylpytynnyri-sisaisella-kiuas-o18-m\/","title":{"rendered":"1,8m py\u00f6re\u00e4 kylpytynnyri sis\u00e4isell\u00e4 kiukaalla"},"content":{"rendered":"<p><strong>Tuotekoodi: TP18V<\/strong><\/p>\n<p><strong>Lasikuitu<\/strong><\/p>\n<p>T\u00e4m\u00e4 materiaali (lasikuitua) perustuu polyeteerihartsiin, ja sill\u00e4 on metallin sitkeys ja pitk\u00e4ik\u00e4isyys sek\u00e4 polymeerin biologinen kest\u00e4vyys (ei m\u00e4t\u00e4ne, vaihda v\u00e4ri\u00e4 tai muutu hauraaksi).<\/p>\n<ul>\n<li>Korroosionkest\u00e4v\u00e4<\/li>\n<li>Ei v\u00e4\u00e4nty<\/li>\n<li>Hyv\u00e4t fysikaaliset ja mekaaniset ominaisuudet<\/li>\n<li>Kest\u00e4\u00e4 aggressiivisia ymp\u00e4rist\u00f6j\u00e4<\/li>\n<li>Ei emittoi myrkyllisi\u00e4 yhdisteit\u00e4 kuumennettaessa<\/li>\n<\/ul>\n<p>&nbsp;<\/p>\n<p><strong>Parametrit:<\/strong><\/p>\n<ul>\n<li>Halkaisija &#8211; 1,8 m<\/li>\n<li>Tilavuus &#8211; 1000 l<\/li>\n<li>Paino (kg) &#8211; 170<\/li>\n<li>Kapasiteetti &#8211; 3 henkil\u00f6\u00e4<\/li>\n<li>Korkeus &#8211; 1,1 m<\/li>\n<li>Syvyys &#8211; 0,96 m<\/li>\n<li>Istuinkorkeus &#8211; 280 mm<\/li>\n<li>Istuimen leveys &#8211; 290 mm<\/li>\n<li>Termopuun ulkokuoren paksuus &#8211; 18 mm<\/li>\n<li>Vesitiivis vanerilattia &#8211; 9 mm<\/li>\n<\/ul>\n<p>&nbsp;<\/p>\n<p>&nbsp;<\/p>\n<p><strong>Perussetti sis\u00e4lt\u00e4\u00e4:<\/strong><\/p>\n<ul>\n<li>18 mm l\u00e4mp\u00f6puulla p\u00e4\u00e4llystetty lasikuitutynnyri<\/li>\n<li>27 kW kamiina piipulla<\/li>\n<li>Vedenkest\u00e4v\u00e4 vanerilattia<\/li>\n<li>4 p\u00e4\u00e4ntukea<\/li>\n<li>Viem\u00e4ri<\/li>\n<\/ul>\n<p>&nbsp;<\/p>\n<p>&nbsp;<\/p>\n<p><strong>Kuoren v\u00e4rimuunnelma RAL-v\u00e4rikartan mukaan:<\/strong> RAL5010, RAL6034, RAL7016, RAL1013, RAL9005<\/p>\n<p>*Monia lis\u00e4varusteita saatavilla. L\u00e4het\u00e4 meille tiedustelu ja pyyd\u00e4 lis\u00e4tietoja!<\/p>\n<p>&nbsp;<\/p>\n<p>&nbsp;<\/p>\n<p>&nbsp;<\/p>\n<p><b>Kuljetustiedot:<\/b><\/p>\n<p>Toimitus kuorma-autolla, jossa on takalaitanostin.<\/p>\n","protected":false},"excerpt":{"rendered":"<p>Pieni viihtyis\u00e4 puinen kylpytynnyri 2-3 hengen perheelle. Lasikuitus\u00e4ili\u00f6n pieni ja taloudellinen 1000 litran tilavuus sek\u00e4 sis\u00e4inen polttopuul\u00e4mmitin takaavat nopean veden l\u00e4mmityksen. Puuta polttava kylpytynnyri, joka on rakennettu tynnyriin ja varustettu suojasein\u00e4m\u00e4ll\u00e4, on paljon esteettisempi paikallasi. Py\u00f6re\u00e4 puinen kylpytynnyri on kompakti, ilmatiivis rakenne, joka on valmistettu termopuusta ja GFK-insertist\u00e4.<\/p>\n<p><strong>Hinta sis\u00e4lt\u00e4\u00e4 27kW kamiinan piipulla!<\/strong><\/p>\n","protected":false},"featured_media":89429,"comment_status":"open","ping_status":"closed","template":"","meta":{"_acf_changed":false},"factory":[],"free-shipment":[],"product_brand":[],"product_cat":[2210,2588],"product_tag":[2846],"class_list":{"0":"post-30473","1":"product","2":"type-product","3":"status-publish","4":"has-post-thumbnail","6":"product_cat-kylpytynnyrit","7":"product_cat-lasikuituiset-kylpytynnyrit","8":"product_tag-hot-tub-fi","10":"first","11":"instock","12":"sale","13":"taxable","14":"shipping-taxable","15":"purchasable","16":"product-type-simple"},"acf":[],"_links":{"self":[{"href":"https:\/\/factory.sale\/fi\/wp-json\/wp\/v2\/product\/30473","targetHints":{"allow":["GET"]}}],"collection":[{"href":"https:\/\/factory.sale\/fi\/wp-json\/wp\/v2\/product"}],"about":[{"href":"https:\/\/factory.sale\/fi\/wp-json\/wp\/v2\/types\/product"}],"replies":[{"embeddable":true,"href":"https:\/\/factory.sale\/fi\/wp-json\/wp\/v2\/comments?post=30473"}],"wp:featuredmedia":[{"embeddable":true,"href":"https:\/\/factory.sale\/fi\/wp-json\/wp\/v2\/media\/89429"}],"wp:attachment":[{"href":"https:\/\/factory.sale\/fi\/wp-json\/wp\/v2\/media?parent=30473"}],"wp:term":[{"taxonomy":"factory","embeddable":true,"href":"https:\/\/factory.sale\/fi\/wp-json\/wp\/v2\/factory?post=30473"},{"taxonomy":"free-shipment","embeddable":true,"href":"https:\/\/factory.sale\/fi\/wp-json\/wp\/v2\/free-shipment?post=30473"},{"taxonomy":"product_brand","embeddable":true,"href":"https:\/\/factory.sale\/fi\/wp-json\/wp\/v2\/product_brand?post=30473"},{"taxonomy":"product_cat","embeddable":true,"href":"https:\/\/factory.sale\/fi\/wp-json\/wp\/v2\/product_cat?post=30473"},{"taxonomy":"product_tag","embeddable":true,"href":"https:\/\/factory.sale\/fi\/wp-json\/wp\/v2\/product_tag?post=30473"}],"curies":[{"name":"wp","href":"https:\/\/api.w.org\/{rel}","templated":true}]}}