{"id":30470,"date":"2023-04-09T11:55:00","date_gmt":"2023-07-16T20:06:31","guid":{"rendered":"https:\/\/factory.sale\/?post_type=product&#038;p=30470"},"modified":"2026-03-23T23:58:37","modified_gmt":"2026-03-23T20:58:37","slug":"ovaali-kylpytynnyri-ulkoisella-kiualla-185-x-095-m","status":"publish","type":"product","link":"https:\/\/factory.sale\/fi\/tuote\/ovaali-kylpytynnyri-ulkoisella-kiualla-185-x-095-m\/","title":{"rendered":"1,85&#215;0,95m ovaali kylpytynnyri kamiinalla"},"content":{"rendered":"<p><strong>Tuotekoodi: TP19<\/strong><\/p>\n<p>&nbsp;<\/p>\n<p><strong>Lasikuitu<\/strong><\/p>\n<p>T\u00e4m\u00e4 materiaali (70% lasikuitu) pohjautuu polyeteerihartsiin, tarjoten metallien lujuuden ja pitk\u00e4ik\u00e4isyyden sek\u00e4 biologisesti kest\u00e4v\u00e4n\u00e4 polymeerina (ei lahoa, muuta v\u00e4ri\u00e4 tai tule hauraaksi).<\/p>\n<ul>\n<li>Korroosionkest\u00e4v\u00e4<\/li>\n<li>Ei v\u00e4\u00e4nty<\/li>\n<li>Hyv\u00e4t fysikaaliset ja mekaaniset ominaisuudet<\/li>\n<li>Kest\u00e4\u00e4 aggressiivisia ymp\u00e4rist\u00f6j\u00e4<\/li>\n<li>Ei p\u00e4\u00e4st\u00e4 myrkyllisi\u00e4 yhdisteit\u00e4 l\u00e4mmetess\u00e4\u00e4n<\/li>\n<\/ul>\n<p>Pienin ja hienostunein ovaali kylpytynnyrimalli mahdollistaa tilan s\u00e4\u00e4st\u00e4misen alueellasi ja samalla saat maksimaalisen ilon ja mukavuuden sen k\u00e4yt\u00f6st\u00e4. Se on varustettu 2 pehme\u00e4ll\u00e4 niskatuella ja istuimilla mukavuutesi vuoksi. Lasikuitus\u00e4ili\u00f6n taloudellinen 800 litran tilavuus takaa nopean veden l\u00e4mmityksen. Puinen kylpytynnyri on p\u00e4\u00e4llystetty termopuulla: erityinen kest\u00e4v\u00e4, ekologinen ja moderni materiaali.<br \/>\nT\u00e4m\u00e4 on taloudellisin ja halvin puuta polttava kylpytynnyri puutarhaan lasikuitukylpytynnyreiden joukossa, ja kun ostat sen, ilahdutat varmasti itse\u00e4si ja kumppaniasi.<\/p>\n<p>&nbsp;<\/p>\n<p><strong>Perussetti sis\u00e4lt\u00e4\u00e4:<\/strong><\/p>\n<ul>\n<li>18 mm l\u00e4mp\u00f6puulla p\u00e4\u00e4llystetty lasikuitutynnyri<\/li>\n<li>27kW ulkoinen kamiina piipulla<\/li>\n<li>Vedenkest\u00e4v\u00e4 vanerilattia<\/li>\n<li>4 p\u00e4\u00e4ntukea<\/li>\n<li>Viem\u00e4ri<\/li>\n<\/ul>\n<p>&nbsp;<\/p>\n<p><strong>Parametrit:<\/strong><\/p>\n<ul>\n<li>Koko &#8211; 1.85 x 0.95 m<\/li>\n<li>Tilavuus &#8211; 800 l<\/li>\n<li>Paino (kg) &#8211; 120<\/li>\n<li>Kapasiteetti &#8211; 2 henkil\u00f6\u00e4<\/li>\n<li>Korkeus &#8211; 1,1 m<\/li>\n<li>Syvyys &#8211; 0,96 m<\/li>\n<li>Istuimien korkeus &#8211; 280 mm<\/li>\n<li>Istuimien leveys &#8211; 480 mm<\/li>\n<li>Termopuun ulkoinen paksuus &#8211; 18 mm<\/li>\n<li>Vedenkest\u00e4v\u00e4 vanerilattia &#8211; 9 mm<\/li>\n<\/ul>\n<p>&nbsp;<\/p>\n<p><strong>Kuoren v\u00e4rimuunnelma RAL-paletin mukaan:<\/strong> RAL5010, RAL6034, RAL7016, RAL1013, RAL9005<\/p>\n<p><em>*Monia lis\u00e4varusteita saatavilla. L\u00e4het\u00e4 meille kysely ja pyyd\u00e4 lis\u00e4tietoja!<\/em><\/p>\n<p>&nbsp;<\/p>\n<p>&nbsp;<\/p>\n<p><b>Kuljetustiedot:<\/b><\/p>\n<p>Toimitus kuorma-autolla, jossa on takalaitanostin.<\/p>\n","protected":false},"excerpt":{"rendered":"<p>Pienin ja hienostunein ovaalin kylpytynnyrimalli mahdollistaa tilan s\u00e4\u00e4st\u00e4misen tontillasi samalla kun saat siit\u00e4 suurimman ilon ja mukavuuden. Se on varustettu kahdella pehme\u00e4ll\u00e4 niskatuella ja istuimilla mukavuutesi takaamiseksi. Lasikuitus\u00e4ili\u00f6n taloudellinen 800 litran tilavuus takaa nopean veden l\u00e4mmityksen. Puisen kylpytynnyrin ulkoinen pinnoite on tehty termopuusta: erityisest\u00e4 kest\u00e4v\u00e4st\u00e4, ekologisesta ja modernista materiaalista.\u00a0T\u00e4m\u00e4 on taloudellisin ja edullisin puul\u00e4mmitteinen kylpytynnyri puutarhaan lasikuitukylpytynnyreiden joukossa. Kun ostat sen, ilahdutat varmasti itse\u00e4si ja kumppaniasi.<\/p>\n<p><strong>Hinta sis\u00e4lt\u00e4\u00e4 27 kW ulkoisen kamiinan piipulla!<\/strong><\/p>\n","protected":false},"featured_media":89441,"comment_status":"open","ping_status":"closed","template":"","meta":{"_acf_changed":false},"factory":[],"free-shipment":[],"product_brand":[],"product_cat":[2210,2588],"product_tag":[],"class_list":{"0":"post-30470","1":"product","2":"type-product","3":"status-publish","4":"has-post-thumbnail","6":"product_cat-kylpytynnyrit","7":"product_cat-lasikuituiset-kylpytynnyrit","9":"first","10":"instock","11":"sale","12":"taxable","13":"shipping-taxable","14":"purchasable","15":"product-type-simple"},"acf":[],"_links":{"self":[{"href":"https:\/\/factory.sale\/fi\/wp-json\/wp\/v2\/product\/30470","targetHints":{"allow":["GET"]}}],"collection":[{"href":"https:\/\/factory.sale\/fi\/wp-json\/wp\/v2\/product"}],"about":[{"href":"https:\/\/factory.sale\/fi\/wp-json\/wp\/v2\/types\/product"}],"replies":[{"embeddable":true,"href":"https:\/\/factory.sale\/fi\/wp-json\/wp\/v2\/comments?post=30470"}],"wp:featuredmedia":[{"embeddable":true,"href":"https:\/\/factory.sale\/fi\/wp-json\/wp\/v2\/media\/89441"}],"wp:attachment":[{"href":"https:\/\/factory.sale\/fi\/wp-json\/wp\/v2\/media?parent=30470"}],"wp:term":[{"taxonomy":"factory","embeddable":true,"href":"https:\/\/factory.sale\/fi\/wp-json\/wp\/v2\/factory?post=30470"},{"taxonomy":"free-shipment","embeddable":true,"href":"https:\/\/factory.sale\/fi\/wp-json\/wp\/v2\/free-shipment?post=30470"},{"taxonomy":"product_brand","embeddable":true,"href":"https:\/\/factory.sale\/fi\/wp-json\/wp\/v2\/product_brand?post=30470"},{"taxonomy":"product_cat","embeddable":true,"href":"https:\/\/factory.sale\/fi\/wp-json\/wp\/v2\/product_cat?post=30470"},{"taxonomy":"product_tag","embeddable":true,"href":"https:\/\/factory.sale\/fi\/wp-json\/wp\/v2\/product_tag?post=30470"}],"curies":[{"name":"wp","href":"https:\/\/api.w.org\/{rel}","templated":true}]}}