{"id":30468,"date":"2023-04-09T09:56:10","date_gmt":"2023-07-16T19:59:39","guid":{"rendered":"https:\/\/factory.sale\/?post_type=product&#038;p=30468"},"modified":"2026-03-24T00:11:33","modified_gmt":"2026-03-23T21:11:33","slug":"kahdeksankulmainen-kylpytynnyri-18x18m","status":"publish","type":"product","link":"https:\/\/factory.sale\/fi\/tuote\/kahdeksankulmainen-kylpytynnyri-18x18m\/","title":{"rendered":"1,8&#215;1,8m kahdeksankulmainen kylpytynnyri"},"content":{"rendered":"<p><video style=\"max-width: 100%; height: auto; display: block;\" preload=\"auto\" autoplay=\"autoplay\" loop=\"loop\" muted=\"\" controls=\"controls\" width=\"1500\" height=\"750\"><source src=\"https:\/\/factory.sale\/wp-content\/uploads\/2023\/04\/video-for-7-persons-wood-fired-hot-tub-octa-from-fiberglass.mp4\" type=\"video\/mp4\" \/>Your browser does not support the video tag.<\/video><\/p>\n<p><strong>Tuotekoodi: TP 8<\/strong><\/p>\n<p>&nbsp;<\/p>\n<p><strong>Lasikuitu<\/strong><\/p>\n<p>T\u00e4m\u00e4 materiaali (70% lasikuitua) perustuu polyeteerihartsiin ja sill\u00e4 on metallien lujuus ja pitk\u00e4ik\u00e4isyys sek\u00e4 biologinen kest\u00e4vyys polymeerin\u00e4 (ei lahoa, vaihda v\u00e4ri\u00e4 tai muutu hauraaksi).<\/p>\n<ul>\n<li>Korroosionkest\u00e4v\u00e4<\/li>\n<li>Ei v\u00e4\u00e4nty<\/li>\n<li>Hyv\u00e4t fyysiset ja mekaaniset ominaisuudet<\/li>\n<li>Kest\u00e4\u00e4 aggressiivisia ymp\u00e4rist\u00f6j\u00e4<\/li>\n<li>Ei emittoi myrkyllisi\u00e4 yhdisteit\u00e4 l\u00e4mmitett\u00e4ess\u00e4<\/li>\n<\/ul>\n<p>&nbsp;<\/p>\n<p>&nbsp;<\/p>\n<p><strong>Parametrit:<\/strong><\/p>\n<ul>\n<li>Koko \u2013 1.8\u04451.8 m<\/li>\n<li>Tilavuus \u2013 1200 l<\/li>\n<li>Paino (kg) \u2013 180<\/li>\n<li>Kapasiteetti \u2013 6 henkil\u00f6\u00e4<\/li>\n<li>Korkeus \u2013 1,1 m<\/li>\n<li>Syvyys \u2013 0.96 m<\/li>\n<li>Istuinkorkeus \u2013 274 mm<\/li>\n<li>Istuimen leveys \u2013 341 mm<\/li>\n<li>L\u00e4mp\u00f6puun ulkopaksuus \u2013 18 mm<\/li>\n<li>Vedenkest\u00e4v\u00e4 vanerilattia \u2013 9 mm<\/li>\n<\/ul>\n<p>&nbsp;<\/p>\n<p><strong>Perussetti sis\u00e4lt\u00e4\u00e4:<\/strong><\/p>\n<ul>\n<li>18 mm l\u00e4mp\u00f6puulla p\u00e4\u00e4llystetty lasikuitutynnyri<\/li>\n<li>35kW ulkoinen kamiina piipulla<\/li>\n<li>Vedenkest\u00e4v\u00e4 vanerilattia<\/li>\n<li>4 p\u00e4\u00e4ntukea<\/li>\n<li>Viem\u00e4ri<\/li>\n<\/ul>\n<p>&nbsp;<\/p>\n<p><strong>Kuoren v\u00e4ri RAL-v\u00e4rikartan mukaan<\/strong>: RAL5010, RAL6034, RAL7016, RAL1013, RAL9005<\/p>\n<p>*Monia lis\u00e4varusteita saatavilla. L\u00e4het\u00e4 meille kysely ja pyyd\u00e4 lis\u00e4tietoja!<\/p>\n<p>&nbsp;<\/p>\n<p>&nbsp;<\/p>\n<p><b>Kuljetustiedot:<\/b><\/p>\n<p>Toimitus kuorma-autolla, jossa on takalaitanostin.<\/p>\n","protected":false},"excerpt":{"rendered":"<p>Kahdeksankulmainen muoto on ollut suosittu monien vuosien ajan. Lasikuitulinjan muoto on suunniteltu ottaen huomioon ihmisten anatomia riippumatta heid\u00e4n pituudestaan, ja se tarjoaa mukavan kylpykokemuksen. Perussetin varustaminen spa-varusteilla ja lis\u00e4varusteilla on mahdollista.<\/p>\n<p><strong>Hinta sis\u00e4lt\u00e4\u00e4 35kW ulkoisen kamiinan piipulla!<\/strong><\/p>\n","protected":false},"featured_media":89395,"comment_status":"open","ping_status":"closed","template":"","meta":{"_acf_changed":false},"factory":[],"free-shipment":[],"product_brand":[],"product_cat":[2210,4777,2588,4541],"product_tag":[2846],"class_list":{"0":"post-30468","1":"product","2":"type-product","3":"status-publish","4":"has-post-thumbnail","6":"product_cat-kylpytynnyrit","7":"product_cat-kylpytynnyrit-fi","8":"product_cat-lasikuituiset-kylpytynnyrit","9":"product_cat-varastotuotteet","10":"product_tag-hot-tub-fi","12":"first","13":"instock","14":"sale","15":"taxable","16":"shipping-taxable","17":"purchasable","18":"product-type-simple"},"acf":[],"_links":{"self":[{"href":"https:\/\/factory.sale\/fi\/wp-json\/wp\/v2\/product\/30468","targetHints":{"allow":["GET"]}}],"collection":[{"href":"https:\/\/factory.sale\/fi\/wp-json\/wp\/v2\/product"}],"about":[{"href":"https:\/\/factory.sale\/fi\/wp-json\/wp\/v2\/types\/product"}],"replies":[{"embeddable":true,"href":"https:\/\/factory.sale\/fi\/wp-json\/wp\/v2\/comments?post=30468"}],"wp:featuredmedia":[{"embeddable":true,"href":"https:\/\/factory.sale\/fi\/wp-json\/wp\/v2\/media\/89395"}],"wp:attachment":[{"href":"https:\/\/factory.sale\/fi\/wp-json\/wp\/v2\/media?parent=30468"}],"wp:term":[{"taxonomy":"factory","embeddable":true,"href":"https:\/\/factory.sale\/fi\/wp-json\/wp\/v2\/factory?post=30468"},{"taxonomy":"free-shipment","embeddable":true,"href":"https:\/\/factory.sale\/fi\/wp-json\/wp\/v2\/free-shipment?post=30468"},{"taxonomy":"product_brand","embeddable":true,"href":"https:\/\/factory.sale\/fi\/wp-json\/wp\/v2\/product_brand?post=30468"},{"taxonomy":"product_cat","embeddable":true,"href":"https:\/\/factory.sale\/fi\/wp-json\/wp\/v2\/product_cat?post=30468"},{"taxonomy":"product_tag","embeddable":true,"href":"https:\/\/factory.sale\/fi\/wp-json\/wp\/v2\/product_tag?post=30468"}],"curies":[{"name":"wp","href":"https:\/\/api.w.org\/{rel}","templated":true}]}}