{"id":30457,"date":"2025-10-12T10:47:05","date_gmt":"2023-07-14T13:50:21","guid":{"rendered":"https:\/\/factory.sale\/?post_type=product&#038;p=30457"},"modified":"2026-03-23T23:53:59","modified_gmt":"2026-03-23T20:53:59","slug":"quattro-kylpytynnyri-17x2m","status":"publish","type":"product","link":"https:\/\/factory.sale\/fi\/tuote\/quattro-kylpytynnyri-17x2m\/","title":{"rendered":"\u201cQuattro\u201d kylpytynnyri 1,7x2m"},"content":{"rendered":"<p><video style=\"max-width: 100%; height: auto; display: block;\" preload=\"auto\" autoplay=\"autoplay\" loop=\"loop\" muted=\"\" controls=\"controls\" width=\"1000\" height=\"1000\"><source src=\"https:\/\/factory.sale\/wp-content\/uploads\/2023\/04\/video-8lle-palju-terassille-quattro-tee-se-itse-2.0\u04451.7.mp4\" type=\"video\/mp4\" \/><\/video><\/p>\n<p>&nbsp;<\/p>\n<p><strong>Tuotekoodi: TP217<\/strong><\/p>\n<p>&nbsp;<\/p>\n<p><strong>Hinta sis\u00e4lt\u00e4\u00e4:<\/strong><\/p>\n<ul>\n<li>18 mm l\u00e4mp\u00f6puulla p\u00e4\u00e4llystetty lasikuitutynnyri<\/li>\n<li>35 kW ulkoinen kamiina piipulla<\/li>\n<li>Runko ja vaneripohja<\/li>\n<li>4 integroitua p\u00e4\u00e4ntukea<\/li>\n<li>Vedenpoisto hanalla<\/li>\n<\/ul>\n<p>&nbsp;<\/p>\n<p><strong>Mitat:<\/strong><\/p>\n<ul>\n<li>Koko &#8211; 2.0 x 1.7 m<\/li>\n<li>Tilavuus &#8211; 1 400 l<\/li>\n<li>Paino (kg) &#8211; 240<\/li>\n<li>Kapasiteetti &#8211; 8 henkil\u00f6\u00e4<\/li>\n<li>Korkeus &#8211; 1,1 m<\/li>\n<li>Syvyys &#8211; 0.96 m<\/li>\n<li>Istuinkorkeus &#8211; 280 mm<\/li>\n<li>Istuimen leveys &#8211; 460 mm<\/li>\n<li>L\u00e4mp\u00f6puun ulkopaksuus &#8211; 18 mm<\/li>\n<li>Vedenkest\u00e4v\u00e4 vanerilattia &#8211; 9 mm<\/li>\n<\/ul>\n<p>&nbsp;<\/p>\n<p>T\u00e4m\u00e4 materiaali (lasikuitua) perustuu polyeteerihartsiin, ja sill\u00e4 on metallien lujuus ja pitk\u00e4ik\u00e4isyys sek\u00e4 biologinen kest\u00e4vyys polymeerin\u00e4 (ei lahoa, vaihda v\u00e4ri\u00e4 tai muutu hauraaksi).<\/p>\n<ul>\n<li>Korroosionkest\u00e4v\u00e4<\/li>\n<li>Ei v\u00e4\u00e4nty<\/li>\n<li>Hyv\u00e4t fyysiset ja mekaaniset ominaisuudet<\/li>\n<li>Kest\u00e4\u00e4 aggressiivisia ymp\u00e4rist\u00f6j\u00e4<\/li>\n<li>Ei emittoi myrkyllisi\u00e4 yhdisteit\u00e4 l\u00e4mmitett\u00e4ess\u00e4<\/li>\n<\/ul>\n<p>&nbsp;<\/p>\n<p>Jos sinulla on suuri perhe tai nautit yst\u00e4viesi kanssa vietetyst\u00e4 ajasta, t\u00e4m\u00e4 premium-malli on juuri sinulle.<\/p>\n<ul>\n<li>Nopea veden l\u00e4mmitys puukiuasilla ja sen pit\u00e4minen l\u00e4mpim\u00e4n\u00e4 s\u00e4hk\u00f6l\u00e4mmittimell\u00e4<\/li>\n<li>Yksil\u00f6llinen patentoitu istuinmuoto maksimaalista mukavuutta varten<\/li>\n<li>Kapasiteetti jopa 10 hengelle, alhainen vedenkulutus t\u00e4ytt\u00f6\u00f6n 1400 l<\/li>\n<li>Puu kylpytynnyri suuttimilla on saatavilla asennettavaksi \u2013 j\u00e4rjestelm\u00e4<\/li>\n<li>\u201cQuattro\u201d voidaan k\u00e4ytt\u00e4\u00e4 talvella<\/li>\n<\/ul>\n<p>&nbsp;<\/p>\n<h4>Neliskulmaisen paljun Quattro edut:<\/h4>\n<ul>\n<li>Voit valita haluatko paljusi veden l\u00e4mmitett\u00e4v\u00e4n puulla tai s\u00e4hk\u00f6ll\u00e4<\/li>\n<li>Ainutlaatuisen suorakulmaisen muotoilun ansiosta kylpytynnyri \u201cQuattro\u201d on suunniteltu ergonomisesti, mik\u00e4 mahdollistaa sinulle mahdollisimman mukavan ja rentouttavan asennon kylpytynnyriss\u00e4<\/li>\n<li>Huolimatta koosta ja melko pienest\u00e4 tilavuudesta (1400 L), kylpytynnyriin mahtuu mukavasti max. 10 henkil\u00f6\u00e4<\/li>\n<li>T\u00e4m\u00e4 palju sopii talvik\u00e4ytt\u00f6\u00f6n ja on kaiken aikaa k\u00e4tev\u00e4 (toisin kuin tavallinen Jacuzzi-poreallas, jota ei voi k\u00e4ytt\u00e4\u00e4 pakkasella)<\/li>\n<\/ul>\n<p>Toteamme ylpe\u00e4sti, ett\u00e4 \u201cQuattro\u201d on paras kylpytynnyri kategoriassa \u201ciso kylpytynnyri\u201d.<\/p>\n<p>&nbsp;<\/p>\n<p><strong>Altaan v\u00e4ri RAL-v\u00e4rikartan mukaan<\/strong>: RAL5010, RAL6034, RAL7016, RAL1013, RAL9005<\/p>\n<ul>\n<li>Monia lis\u00e4varusteita saatavilla. L\u00e4het\u00e4 meille kysely ja pyyd\u00e4 lis\u00e4tietoja!<\/li>\n<\/ul>\n<p>&nbsp;<\/p>\n<p>&nbsp;<\/p>\n<p><b>Kuljetustiedot:<\/b><\/p>\n<p>Toimitus kuorma-autolla, jossa on takalaitanostin.<\/p>\n","protected":false},"excerpt":{"rendered":"<p>Jos sinulla on suuri perhe tai nautit yst\u00e4viesi kanssa vietetyst\u00e4 ajasta, t\u00e4m\u00e4 premium-malli on juuri sinulle.<\/p>\n<p>R\u00e4\u00e4t\u00e4l\u00f6i 8:lle kylpytynnyri QUATTRO 2.0\u00d71.7, 1400l tarpeidesi mukaan alla erilaisilla lis\u00e4varusteilla: valitse altaan v\u00e4ri sek\u00e4 tarvittavat varusteet: kamiina, vesihieronta-ja\/tai porej\u00e4rjestelm\u00e4, LED-valaistus, suodatinj\u00e4rjestelm\u00e4, s\u00e4hk\u00f6l\u00e4mmitin, eristekansi ja paljon muita varusteita.<\/p>\n<p><strong>Hinta sis\u00e4lt\u00e4\u00e4 35kW ulkoisen kamiinan piipulla!<\/strong><\/p>\n","protected":false},"featured_media":89459,"comment_status":"open","ping_status":"closed","template":"","meta":{"_acf_changed":false},"factory":[],"free-shipment":[],"product_brand":[],"product_cat":[2210,2588],"product_tag":[2846],"class_list":{"0":"post-30457","1":"product","2":"type-product","3":"status-publish","4":"has-post-thumbnail","6":"product_cat-kylpytynnyrit","7":"product_cat-lasikuituiset-kylpytynnyrit","8":"product_tag-hot-tub-fi","10":"first","11":"instock","12":"sale","13":"taxable","14":"shipping-taxable","15":"purchasable","16":"product-type-simple"},"acf":[],"_links":{"self":[{"href":"https:\/\/factory.sale\/fi\/wp-json\/wp\/v2\/product\/30457","targetHints":{"allow":["GET"]}}],"collection":[{"href":"https:\/\/factory.sale\/fi\/wp-json\/wp\/v2\/product"}],"about":[{"href":"https:\/\/factory.sale\/fi\/wp-json\/wp\/v2\/types\/product"}],"replies":[{"embeddable":true,"href":"https:\/\/factory.sale\/fi\/wp-json\/wp\/v2\/comments?post=30457"}],"wp:featuredmedia":[{"embeddable":true,"href":"https:\/\/factory.sale\/fi\/wp-json\/wp\/v2\/media\/89459"}],"wp:attachment":[{"href":"https:\/\/factory.sale\/fi\/wp-json\/wp\/v2\/media?parent=30457"}],"wp:term":[{"taxonomy":"factory","embeddable":true,"href":"https:\/\/factory.sale\/fi\/wp-json\/wp\/v2\/factory?post=30457"},{"taxonomy":"free-shipment","embeddable":true,"href":"https:\/\/factory.sale\/fi\/wp-json\/wp\/v2\/free-shipment?post=30457"},{"taxonomy":"product_brand","embeddable":true,"href":"https:\/\/factory.sale\/fi\/wp-json\/wp\/v2\/product_brand?post=30457"},{"taxonomy":"product_cat","embeddable":true,"href":"https:\/\/factory.sale\/fi\/wp-json\/wp\/v2\/product_cat?post=30457"},{"taxonomy":"product_tag","embeddable":true,"href":"https:\/\/factory.sale\/fi\/wp-json\/wp\/v2\/product_tag?post=30457"}],"curies":[{"name":"wp","href":"https:\/\/api.w.org\/{rel}","templated":true}]}}