{"id":30455,"date":"2023-04-09T10:18:16","date_gmt":"2023-07-14T13:30:13","guid":{"rendered":"https:\/\/factory.sale\/?post_type=product&#038;p=30455"},"modified":"2026-03-24T00:05:36","modified_gmt":"2026-03-23T21:05:36","slug":"oktagonaalinen-kylpytynnyri-24x18m","status":"publish","type":"product","link":"https:\/\/factory.sale\/fi\/tuote\/oktagonaalinen-kylpytynnyri-24x18m\/","title":{"rendered":"2,4&#215;1,8m kahdeksankulmainen kylpytynnyri"},"content":{"rendered":"<p><strong>Tuotekoodi: TP24<\/strong><\/p>\n<p>&nbsp;<\/p>\n<p>&nbsp;<\/p>\n<p><strong>Lasikuitu<\/strong><\/p>\n<p>T\u00e4m\u00e4 materiaali (70% lasikuitua) perustuu polyeteerihartsiin, siin\u00e4 on metallien kest\u00e4vyys ja pitk\u00e4ik\u00e4isyys sek\u00e4 se on biologisesti kest\u00e4v\u00e4 polymeeri (ei lahoa, muuta v\u00e4ri\u00e4 tai muutu hauraaksi).<\/p>\n<ul>\n<li>Korroosionkest\u00e4v\u00e4<\/li>\n<li>Ei v\u00e4\u00e4nty<\/li>\n<li>Hyv\u00e4t fysikaaliset ja mekaaniset ominaisuudet<\/li>\n<li>Kest\u00e4\u00e4 aggressiivisia ymp\u00e4rist\u00f6j\u00e4<\/li>\n<li>Ei emittoi myrkyllisi\u00e4 yhdisteit\u00e4 l\u00e4mmitett\u00e4ess\u00e4<\/li>\n<\/ul>\n<p>&nbsp;<\/p>\n<p><strong>Parametrit:<\/strong><\/p>\n<ul>\n<li>Koko \u2013 2.4 \u0445 1.8 m<\/li>\n<li>Tilavuus \u2013 1600 l<\/li>\n<li>Paino (kg) \u2013 240<\/li>\n<li>Kapasiteetti \u2013 9 henkil\u00f6\u00e4<\/li>\n<li>Korkeus \u2013 1,1 m<\/li>\n<li>Syvyys \u2013 0,96 m<\/li>\n<li>Istuinkorkeus \u2013 280 mm<\/li>\n<li>Istuimen leveys \u2013 460 mm<\/li>\n<li>L\u00e4mp\u00f6puun ulkopaksuus \u2013 18 mm<\/li>\n<li>Vesitiivis vanerilattia \u2013 9 mm<\/li>\n<\/ul>\n<p>&nbsp;<\/p>\n<p><strong>Perussetti sis\u00e4lt\u00e4\u00e4:<\/strong><\/p>\n<ul>\n<li>18 mm l\u00e4mp\u00f6puulla p\u00e4\u00e4llystetty lasikuitutynnyri<\/li>\n<li>35kW ulkoinen kamiina piipulla<\/li>\n<li>Vedenkest\u00e4v\u00e4 vanerilattia<\/li>\n<li>4 p\u00e4\u00e4ntukea<\/li>\n<li>Viem\u00e4ri<\/li>\n<\/ul>\n<p>&nbsp;<\/p>\n<p><strong>Kuoren v\u00e4rimuunnelma RAL-paletin mukaan:<\/strong> RAL5010, RAL6034, RAL7016, RAL1013, RAL9005<\/p>\n<p>&nbsp;<\/p>\n<p><em>*Monia lis\u00e4varusteita saatavilla. L\u00e4het\u00e4 meille tiedustelu ja kysy lis\u00e4tietoja!<\/em><\/p>\n<p>&nbsp;<\/p>\n<p>&nbsp;<\/p>\n<p><b>Kuljetustiedot:<\/b><\/p>\n<p>Toimitus kuorma-autolla, jossa on takalaitanostin.<\/p>\n","protected":false},"excerpt":{"rendered":"<p>Uusi malli oktagonaalisesta kuumavesisarjasta on tullut tilavammaksi ja mahtuu jopa 9 henkil\u00f6\u00e4. T\u00e4ss\u00e4 kuumavesialtaassa yhdistyv\u00e4t luonnolliset materiaalit ja modernit. Kuumavesialtaan ulkopuoli on peitetty l\u00e4mp\u00f6puulla. Kuumavesialtaan sis\u00e4osa on valmistettu premium Eurooppalaisesta komposiittimateriaalista nimelt\u00e4\u00e4n lasikuitu, joka takaa eritt\u00e4in korkean ymp\u00e4rist\u00f6nkest\u00e4vyyden, helpon yll\u00e4pidon ja pitk\u00e4n k\u00e4ytt\u00f6i\u00e4n. Lasikuitu on saatavana eri v\u00e4reiss\u00e4, jotta se sopii piha-alueen yleiseen suunnitteluun.\u00a0Voit p\u00e4ivitt\u00e4\u00e4 perussetin kylpyl\u00e4laitteistolla ja valita joko puul\u00e4mmitteisen tai s\u00e4hk\u00f6isen uunin.<\/p>\n<p><strong>Hinta sis\u00e4lt\u00e4\u00e4 35kW ulkoisen kamiinan piipulla!<\/strong><\/p>\n","protected":false},"featured_media":89368,"comment_status":"open","ping_status":"closed","template":"","meta":{"_acf_changed":false},"factory":[],"free-shipment":[],"product_brand":[],"product_cat":[2210,2588],"product_tag":[2846],"class_list":{"0":"post-30455","1":"product","2":"type-product","3":"status-publish","4":"has-post-thumbnail","6":"product_cat-kylpytynnyrit","7":"product_cat-lasikuituiset-kylpytynnyrit","8":"product_tag-hot-tub-fi","10":"first","11":"instock","12":"sale","13":"taxable","14":"shipping-taxable","15":"purchasable","16":"product-type-simple"},"acf":[],"_links":{"self":[{"href":"https:\/\/factory.sale\/fi\/wp-json\/wp\/v2\/product\/30455","targetHints":{"allow":["GET"]}}],"collection":[{"href":"https:\/\/factory.sale\/fi\/wp-json\/wp\/v2\/product"}],"about":[{"href":"https:\/\/factory.sale\/fi\/wp-json\/wp\/v2\/types\/product"}],"replies":[{"embeddable":true,"href":"https:\/\/factory.sale\/fi\/wp-json\/wp\/v2\/comments?post=30455"}],"wp:featuredmedia":[{"embeddable":true,"href":"https:\/\/factory.sale\/fi\/wp-json\/wp\/v2\/media\/89368"}],"wp:attachment":[{"href":"https:\/\/factory.sale\/fi\/wp-json\/wp\/v2\/media?parent=30455"}],"wp:term":[{"taxonomy":"factory","embeddable":true,"href":"https:\/\/factory.sale\/fi\/wp-json\/wp\/v2\/factory?post=30455"},{"taxonomy":"free-shipment","embeddable":true,"href":"https:\/\/factory.sale\/fi\/wp-json\/wp\/v2\/free-shipment?post=30455"},{"taxonomy":"product_brand","embeddable":true,"href":"https:\/\/factory.sale\/fi\/wp-json\/wp\/v2\/product_brand?post=30455"},{"taxonomy":"product_cat","embeddable":true,"href":"https:\/\/factory.sale\/fi\/wp-json\/wp\/v2\/product_cat?post=30455"},{"taxonomy":"product_tag","embeddable":true,"href":"https:\/\/factory.sale\/fi\/wp-json\/wp\/v2\/product_tag?post=30455"}],"curies":[{"name":"wp","href":"https:\/\/api.w.org\/{rel}","templated":true}]}}