{"id":30415,"date":"2023-07-10T19:09:05","date_gmt":"2023-07-10T19:34:57","guid":{"rendered":"https:\/\/factory.sale\/?post_type=product&#038;p=30415"},"modified":"2026-03-23T22:36:43","modified_gmt":"2026-03-23T19:36:43","slug":"24m-4-hengen-pyorea-kuutiosauna-ulkoistuimilla","status":"publish","type":"product","link":"https:\/\/factory.sale\/fi\/tuote\/24m-4-hengen-pyorea-kuutiosauna-ulkoistuimilla\/","title":{"rendered":"&#8220;2.4m&#8221; SQR2V 4-hl\u00f6 py\u00f6re\u00e4 kuutiosauna terassilla"},"content":{"rendered":"<p><strong>Tuotekoodi: SQR2VE<\/strong><\/p>\n<p>&nbsp;<\/p>\n<p>Koe luonnon syleily tynnyrisaunassa! Sulata stressi pois, kohota mielialaa ja virkist\u00e4ydy kauniisti muotoiltujen tynnyrisaunojemme lohduttavassa l\u00e4mm\u00f6ss\u00e4. Kompakti, kodikas ja tyylik\u00e4s, se ei ole vain sauna &#8211; se on henkil\u00f6kohtainen keidaasi<\/p>\n<p>&nbsp;<\/p>\n<p><strong>Tuotetiedot:<\/strong><\/p>\n<ul>\n<li>Koko PxLxK : 240 x 220 x 230 cm<\/li>\n<li>Litte\u00e4 pakkauksen koko PxLxK: 240 \u0445 120 \u0445 150 cm<\/li>\n<li>Paino: ~670 kg<\/li>\n<li>H\u00f6yrysaunan koko: 185 cm<\/li>\n<li>H\u00f6yrysaunan kapasiteetti: ~4 henkil\u00f6\u00e4<\/li>\n<li>H\u00f6yrysaunan tilavuus : 6,7 \u043c\u00b3<\/li>\n<li>L\u00e4mmitysaika : ~1h<\/li>\n<\/ul>\n<p>&nbsp;<\/p>\n<p>&nbsp;<\/p>\n<p><strong>Perussarja sis\u00e4lt\u00e4\u00e4:<\/strong><\/p>\n<ul>\n<li>Kasaamaton kuusesta sauna<\/li>\n<li>Kuusi\/l\u00e4mp\u00f6puinen saunarunko (puun paksuus 40 mm)<\/li>\n<li>Penkit lepp\u00e4\u00e4 tai l\u00e4mp\u00f6puuta<\/li>\n<li>Ruskea karkaistu lasiovi<\/li>\n<li>Bitumikatto<\/li>\n<li>Ruostumattomasta ter\u00e4ksest\u00e4 valmistetut vanteet<\/li>\n<\/ul>\n<p>&nbsp;<\/p>\n<p>&nbsp;<\/p>\n<p><strong>Katon v\u00e4rit:<\/strong><\/p>\n<p>Musta, ruskea, vihre\u00e4<\/p>\n<p><img loading=\"lazy\" decoding=\"async\" class=\"alignnone wp-image-90747\" src=\"https:\/\/factory.sale\/wp-content\/uploads\/2024\/09\/roof-colours-300x91.png\" sizes=\"auto, (max-width: 649px) 100vw, 649px\" srcset=\"https:\/\/factory.sale\/wp-content\/uploads\/2024\/09\/roof-colours-300x91.png 300w, https:\/\/factory.sale\/wp-content\/uploads\/2024\/09\/roof-colours-1024x311.png 1024w, https:\/\/factory.sale\/wp-content\/uploads\/2024\/09\/roof-colours-150x46.png 150w, https:\/\/factory.sale\/wp-content\/uploads\/2024\/09\/roof-colours-600x182.png 600w, https:\/\/factory.sale\/wp-content\/uploads\/2024\/09\/roof-colours.png 1330w\" alt=\"\" width=\"649\" height=\"197\" \/><\/p>\n<p>&nbsp;<\/p>\n<p>&nbsp;<\/p>\n<p><strong>*L\u00e4mp\u00f6puusaunan hinta (SQR2VT): 2553 \u20ac<\/strong><\/p>\n<p>&nbsp;<\/p>\n<p>&nbsp;<\/p>\n<p><b>Kuljetustiedot:<\/b><\/p>\n<p>Toimitus kuorma-autolla, jossa on takalaitanostin.<\/p>\n","protected":false},"excerpt":{"rendered":"<p>Koe luonnon syleily tynnyrisaunassa! Sulata stressi pois, kohota mielialaa ja virkist\u00e4ydy kauniisti muotoiltujen tynnyrisaunojemme lohduttavassa l\u00e4mm\u00f6ss\u00e4. Kompakti, kodikas ja tyylik\u00e4s, se ei ole vain sauna &#8211; se on henkil\u00f6kohtainen keidaasi<\/p>\n","protected":false},"featured_media":94489,"comment_status":"open","ping_status":"closed","template":"","meta":{"_acf_changed":false},"factory":[],"free-shipment":[],"product_brand":[],"product_cat":[1317,2258,1644],"product_tag":[2106],"class_list":{"0":"post-30415","1":"product","2":"type-product","3":"status-publish","4":"has-post-thumbnail","6":"product_cat-sauna-fi","7":"product_cat-saunakuutiot","8":"product_cat-tynnyrisauna","9":"product_tag-sauna-fi","11":"first","12":"instock","13":"sale","14":"taxable","15":"shipping-taxable","16":"purchasable","17":"product-type-simple"},"acf":[],"_links":{"self":[{"href":"https:\/\/factory.sale\/fi\/wp-json\/wp\/v2\/product\/30415","targetHints":{"allow":["GET"]}}],"collection":[{"href":"https:\/\/factory.sale\/fi\/wp-json\/wp\/v2\/product"}],"about":[{"href":"https:\/\/factory.sale\/fi\/wp-json\/wp\/v2\/types\/product"}],"replies":[{"embeddable":true,"href":"https:\/\/factory.sale\/fi\/wp-json\/wp\/v2\/comments?post=30415"}],"wp:featuredmedia":[{"embeddable":true,"href":"https:\/\/factory.sale\/fi\/wp-json\/wp\/v2\/media\/94489"}],"wp:attachment":[{"href":"https:\/\/factory.sale\/fi\/wp-json\/wp\/v2\/media?parent=30415"}],"wp:term":[{"taxonomy":"factory","embeddable":true,"href":"https:\/\/factory.sale\/fi\/wp-json\/wp\/v2\/factory?post=30415"},{"taxonomy":"free-shipment","embeddable":true,"href":"https:\/\/factory.sale\/fi\/wp-json\/wp\/v2\/free-shipment?post=30415"},{"taxonomy":"product_brand","embeddable":true,"href":"https:\/\/factory.sale\/fi\/wp-json\/wp\/v2\/product_brand?post=30415"},{"taxonomy":"product_cat","embeddable":true,"href":"https:\/\/factory.sale\/fi\/wp-json\/wp\/v2\/product_cat?post=30415"},{"taxonomy":"product_tag","embeddable":true,"href":"https:\/\/factory.sale\/fi\/wp-json\/wp\/v2\/product_tag?post=30415"}],"curies":[{"name":"wp","href":"https:\/\/api.w.org\/{rel}","templated":true}]}}