{"id":30404,"date":"2023-07-10T18:33:45","date_gmt":"2023-07-10T19:05:29","guid":{"rendered":"https:\/\/factory.sale\/?post_type=product&#038;p=30404"},"modified":"2026-03-23T22:39:42","modified_gmt":"2026-03-23T19:39:42","slug":"2-3-m-4-hengen-pyorea-tynnyrisauna","status":"publish","type":"product","link":"https:\/\/factory.sale\/fi\/tuote\/2-3-m-4-hengen-pyorea-tynnyrisauna\/","title":{"rendered":"&#8220;2.3m&#8221; SQR23 4-hl\u00f6 py\u00f6re\u00e4 kuutio tynnyrisauna"},"content":{"rendered":"<p><strong>Tuotekoodi: SQR23E<\/strong><\/p>\n<p>&nbsp;<\/p>\n<p>&nbsp;<\/p>\n<p>Koe luonnon syleily tynnyrisaunassa! Sulata stressi, kohota mielialaasi ja uudista itsesi meid\u00e4n kauniisti valmistetun tynnyrisaunan l\u00e4mm\u00f6ss\u00e4. Kompakti, kodikas ja moderni &#8211; t\u00e4m\u00e4 ei ole vain sauna &#8211; t\u00e4m\u00e4 on sinun henkil\u00f6kohtainen keitaasi!<\/p>\n<p>&nbsp;<\/p>\n<p><strong>Paketti sis\u00e4lt\u00e4\u00e4:<\/strong><\/p>\n<ul>\n<li>Kasaamaton kuusesta sauna<\/li>\n<li>Kuusi \/ l\u00e4mp\u00f6k\u00e4sitelty puusaunan runko (puun paksuus 40 mm)<\/li>\n<li>Haapa tai l\u00e4mp\u00f6k\u00e4sitellyt penkit<\/li>\n<li>Ruskea karkaistu lasiovi<\/li>\n<li>Bitumikatto<\/li>\n<li>Ruostumattomasta ter\u00e4ksest\u00e4 valmistetut renkaat<\/li>\n<li>Mitat P x L x K: 230 x 220 x 230 cm<\/li>\n<li>Paketin koko: P x L x K 200 x 120 x 150 cm<\/li>\n<li>Paino: ~640 kg<\/li>\n<li>L\u00f6ylyhuoneen koko: 185 cm<\/li>\n<li>L\u00f6ylyhuoneen tilavuus: ~4 henkil\u00f6\u00e4<\/li>\n<li>L\u00f6ylyhuoneen tilavuus: 6,7 \u043c\u00b3<\/li>\n<li>L\u00e4mmitysaika: ~1 h<\/li>\n<\/ul>\n<p>&nbsp;<\/p>\n<p>&nbsp;<\/p>\n<p>&nbsp;<\/p>\n<p><strong>Katon v\u00e4rit:<\/strong><\/p>\n<p>Musta, ruskea, vihre\u00e4<\/p>\n<p><img loading=\"lazy\" decoding=\"async\" class=\"alignnone wp-image-90747\" src=\"https:\/\/factory.sale\/wp-content\/uploads\/2024\/09\/roof-colours-300x91.png\" sizes=\"auto, (max-width: 649px) 100vw, 649px\" srcset=\"https:\/\/factory.sale\/wp-content\/uploads\/2024\/09\/roof-colours-300x91.png 300w, https:\/\/factory.sale\/wp-content\/uploads\/2024\/09\/roof-colours-1024x311.png 1024w, https:\/\/factory.sale\/wp-content\/uploads\/2024\/09\/roof-colours-150x46.png 150w, https:\/\/factory.sale\/wp-content\/uploads\/2024\/09\/roof-colours-600x182.png 600w, https:\/\/factory.sale\/wp-content\/uploads\/2024\/09\/roof-colours.png 1330w\" alt=\"\" width=\"649\" height=\"197\" \/><\/p>\n<p>&nbsp;<\/p>\n<p>&nbsp;<\/p>\n<p><strong>*Saunan hinta l\u00e4mp\u00f6k\u00e4sitellyst\u00e4 puusta (SQR23T): 2518,50<\/strong><strong>\u00a0\u20ac<\/strong><\/p>\n<p>&nbsp;<\/p>\n<p>&nbsp;<\/p>\n<p><b>Kuljetustiedot:<\/b><\/p>\n<p>Toimitus kuorma-autolla, jossa on takalaitanostin.<\/p>\n","protected":false},"excerpt":{"rendered":"<p>Koe luonnon syleily tynnyrisaunassa! Sulata stressi, kohota mielialaasi ja uudista itsesi meid\u00e4n kauniisti valmistetun tynnyrisaunan l\u00e4mm\u00f6ss\u00e4. Kompakti, kodikas ja moderni &#8211; t\u00e4m\u00e4 ei ole vain sauna &#8211; t\u00e4m\u00e4 on sinun henkil\u00f6kohtainen keitaasi!<\/p>\n","protected":false},"featured_media":94548,"comment_status":"open","ping_status":"closed","template":"","meta":{"_acf_changed":false},"factory":[],"free-shipment":[],"product_brand":[],"product_cat":[1317,2258,1644],"product_tag":[1651,2106],"class_list":{"0":"post-30404","1":"product","2":"type-product","3":"status-publish","4":"has-post-thumbnail","6":"product_cat-sauna-fi","7":"product_cat-saunakuutiot","8":"product_cat-tynnyrisauna","9":"product_tag-barrel-sauna-fi","10":"product_tag-sauna-fi","12":"first","13":"instock","14":"sale","15":"taxable","16":"shipping-taxable","17":"purchasable","18":"product-type-simple"},"acf":[],"_links":{"self":[{"href":"https:\/\/factory.sale\/fi\/wp-json\/wp\/v2\/product\/30404","targetHints":{"allow":["GET"]}}],"collection":[{"href":"https:\/\/factory.sale\/fi\/wp-json\/wp\/v2\/product"}],"about":[{"href":"https:\/\/factory.sale\/fi\/wp-json\/wp\/v2\/types\/product"}],"replies":[{"embeddable":true,"href":"https:\/\/factory.sale\/fi\/wp-json\/wp\/v2\/comments?post=30404"}],"wp:featuredmedia":[{"embeddable":true,"href":"https:\/\/factory.sale\/fi\/wp-json\/wp\/v2\/media\/94548"}],"wp:attachment":[{"href":"https:\/\/factory.sale\/fi\/wp-json\/wp\/v2\/media?parent=30404"}],"wp:term":[{"taxonomy":"factory","embeddable":true,"href":"https:\/\/factory.sale\/fi\/wp-json\/wp\/v2\/factory?post=30404"},{"taxonomy":"free-shipment","embeddable":true,"href":"https:\/\/factory.sale\/fi\/wp-json\/wp\/v2\/free-shipment?post=30404"},{"taxonomy":"product_brand","embeddable":true,"href":"https:\/\/factory.sale\/fi\/wp-json\/wp\/v2\/product_brand?post=30404"},{"taxonomy":"product_cat","embeddable":true,"href":"https:\/\/factory.sale\/fi\/wp-json\/wp\/v2\/product_cat?post=30404"},{"taxonomy":"product_tag","embeddable":true,"href":"https:\/\/factory.sale\/fi\/wp-json\/wp\/v2\/product_tag?post=30404"}],"curies":[{"name":"wp","href":"https:\/\/api.w.org\/{rel}","templated":true}]}}