{"id":30398,"date":"2023-07-09T20:36:19","date_gmt":"2023-07-10T18:32:34","guid":{"rendered":"https:\/\/factory.sale\/?post_type=product&#038;p=30398"},"modified":"2026-03-23T22:43:31","modified_gmt":"2026-03-23T19:43:31","slug":"2-m-4-hengen-pyorea-tynnyrisauna","status":"publish","type":"product","link":"https:\/\/factory.sale\/fi\/tuote\/2-m-4-hengen-pyorea-tynnyrisauna\/","title":{"rendered":"&#8220;2m&#8221; SQR2 4-hl\u00f6 kuutio tynnyrisauna"},"content":{"rendered":"<p><strong>Tuotekoodi: SQR2E<\/strong><\/p>\n<p>&nbsp;<\/p>\n<p>&nbsp;<\/p>\n<p>Koe luonnon syleily tynnyrisaunassa! Sulata stressi, kohota mielialaasi ja uudista itsesi meid\u00e4n kauniisti valmistetun tynnyrisaunan l\u00e4mm\u00f6ss\u00e4. Kompakti, kodikas ja moderni &#8211; t\u00e4m\u00e4 ei ole vain sauna &#8211; t\u00e4m\u00e4 on sinun henkil\u00f6kohtainen keitaasi!<\/p>\n<p>&nbsp;<\/p>\n<p><strong>Paketti sis\u00e4lt\u00e4\u00e4:<\/strong><\/p>\n<ul>\n<li>Kasaamaton kuusesta sauna<\/li>\n<li>Kuusi \/ l\u00e4mp\u00f6k\u00e4sitelty puusaunan runko (puun paksuus 40 mm)<\/li>\n<li>Haapa tai l\u00e4mp\u00f6k\u00e4sitellyt penkit<\/li>\n<li>Ruskea karkaistu lasiovi<\/li>\n<li>Bitumikatto<\/li>\n<li>Ruostumattomasta ter\u00e4ksest\u00e4 valmistetut renkaat<\/li>\n<li>Mitat P x L x K: 200 x 220 x 230 cm<\/li>\n<li>Paketin koko: P x L x K 200 x 120 x 150 cm<\/li>\n<li>Paino: ~640 kg<\/li>\n<li>L\u00f6ylyhuoneen koko: 185 cm<\/li>\n<li>L\u00f6ylyhuoneen tilavuus: ~4 henkil\u00f6\u00e4<\/li>\n<li>L\u00f6ylyhuoneen tilavuus: 6,7 \u043c\u00b3<\/li>\n<li>L\u00e4mmitysaika: ~1 h<\/li>\n<\/ul>\n<p>&nbsp;<\/p>\n<p>&nbsp;<\/p>\n<p>&nbsp;<\/p>\n<p><strong>Katon v\u00e4rit:<\/strong><\/p>\n<p>Ruskea, musta, vihre\u00e4<\/p>\n<p><img loading=\"lazy\" decoding=\"async\" class=\"alignnone wp-image-90748\" src=\"https:\/\/factory.sale\/wp-content\/uploads\/2024\/09\/roof-colours-300x91.png\" alt=\"\" width=\"630\" height=\"191\" srcset=\"https:\/\/factory.sale\/wp-content\/uploads\/2024\/09\/roof-colours-300x91.png 300w, https:\/\/factory.sale\/wp-content\/uploads\/2024\/09\/roof-colours-1024x311.png 1024w, https:\/\/factory.sale\/wp-content\/uploads\/2024\/09\/roof-colours-150x46.png 150w, https:\/\/factory.sale\/wp-content\/uploads\/2024\/09\/roof-colours-600x182.png 600w, https:\/\/factory.sale\/wp-content\/uploads\/2024\/09\/roof-colours.png 1330w\" sizes=\"auto, (max-width: 630px) 100vw, 630px\" \/><\/p>\n<p>&nbsp;<\/p>\n<p><strong>*Saunan hinta l\u00e4mp\u00f6k\u00e4sitellyst\u00e4 puusta: 2472,50 \u20ac<\/strong><\/p>\n<p>&nbsp;<\/p>\n<p>&nbsp;<\/p>\n<p><b>Kuljetustiedot:<\/b><\/p>\n<p>Toimitus kuorma-autolla, jossa on takalaitanostin.<\/p>\n","protected":false},"excerpt":{"rendered":"<p>Koe luonnon syleily tynnyrisaunassa! Sulata stressi, kohota mielialaasi ja uudista itsesi meid\u00e4n kauniisti valmistetun tynnyrisaunan l\u00e4mm\u00f6ss\u00e4. Kompakti, kodikas ja moderni &#8211; t\u00e4m\u00e4 ei ole vain sauna &#8211; t\u00e4m\u00e4 on sinun henkil\u00f6kohtainen keitaasi!<\/p>\n","protected":false},"featured_media":87468,"comment_status":"open","ping_status":"closed","template":"","meta":{"_acf_changed":false},"factory":[],"free-shipment":[],"product_brand":[],"product_cat":[1317,2258,1644],"product_tag":[1651,1488,2105,2106,1489],"class_list":{"0":"post-30398","1":"product","2":"type-product","3":"status-publish","4":"has-post-thumbnail","6":"product_cat-sauna-fi","7":"product_cat-saunakuutiot","8":"product_cat-tynnyrisauna","9":"product_tag-barrel-sauna-fi","10":"product_tag-garden-fi","11":"product_tag-outdoor-sauna-fi","12":"product_tag-sauna-fi","13":"product_tag-yard-fi","15":"first","16":"instock","17":"sale","18":"taxable","19":"shipping-taxable","20":"purchasable","21":"product-type-simple"},"acf":[],"_links":{"self":[{"href":"https:\/\/factory.sale\/fi\/wp-json\/wp\/v2\/product\/30398","targetHints":{"allow":["GET"]}}],"collection":[{"href":"https:\/\/factory.sale\/fi\/wp-json\/wp\/v2\/product"}],"about":[{"href":"https:\/\/factory.sale\/fi\/wp-json\/wp\/v2\/types\/product"}],"replies":[{"embeddable":true,"href":"https:\/\/factory.sale\/fi\/wp-json\/wp\/v2\/comments?post=30398"}],"wp:featuredmedia":[{"embeddable":true,"href":"https:\/\/factory.sale\/fi\/wp-json\/wp\/v2\/media\/87468"}],"wp:attachment":[{"href":"https:\/\/factory.sale\/fi\/wp-json\/wp\/v2\/media?parent=30398"}],"wp:term":[{"taxonomy":"factory","embeddable":true,"href":"https:\/\/factory.sale\/fi\/wp-json\/wp\/v2\/factory?post=30398"},{"taxonomy":"free-shipment","embeddable":true,"href":"https:\/\/factory.sale\/fi\/wp-json\/wp\/v2\/free-shipment?post=30398"},{"taxonomy":"product_brand","embeddable":true,"href":"https:\/\/factory.sale\/fi\/wp-json\/wp\/v2\/product_brand?post=30398"},{"taxonomy":"product_cat","embeddable":true,"href":"https:\/\/factory.sale\/fi\/wp-json\/wp\/v2\/product_cat?post=30398"},{"taxonomy":"product_tag","embeddable":true,"href":"https:\/\/factory.sale\/fi\/wp-json\/wp\/v2\/product_tag?post=30398"}],"curies":[{"name":"wp","href":"https:\/\/api.w.org\/{rel}","templated":true}]}}