{"id":30372,"date":"2022-07-15T08:37:47","date_gmt":"2023-07-08T12:28:12","guid":{"rendered":"https:\/\/factory.sale\/?post_type=product&#038;p=30372"},"modified":"2024-06-27T08:39:17","modified_gmt":"2024-06-27T08:39:17","slug":"puiston-penkki-hrs","status":"publish","type":"product","link":"https:\/\/factory.sale\/fi\/tuote\/puiston-penkki-hrs\/","title":{"rendered":"Puiston penkki &#8220;Hrs&#8221;"},"content":{"rendered":"<ul>\n<li>Moderni ja samalla klassinen puistonpenkki.<\/li>\n<li>Suunniteltu vaativimmille k\u00e4ytt\u00e4jille.<\/li>\n<li>Ergonominen ja esteettinen arvo mahdollistaa jokaisen penkin k\u00e4ytt\u00e4j\u00e4n rentoutumisen paremmin.<\/li>\n<li>Siksi Horus-puiston penkki t\u00e4ytt\u00e4\u00e4 t\u00e4ydellisesti kaupunkitilat, viheralueet tai asuinalueet.<\/li>\n<\/ul>\n<p>&nbsp;<\/p>\n<p><strong>Tuotetiedot:<\/strong><\/p>\n<ul>\n<li>Penkin pituus: 180 cm<\/li>\n<li>Penkin leveys: 73,5 cm<\/li>\n<li>Penkin korkeus: 77 cm<\/li>\n<li>Istuimen pituus: 170 cm<\/li>\n<li>Istuimen leveys: 34,5 cm<\/li>\n<li>Istuinkorkeus: 40 cm<\/li>\n<li>Materiaali: ter\u00e4s, puu<\/li>\n<li>Galvanoitu, pulverimaalattu<\/li>\n<li>Puun s\u00e4vy: mahonki, tiikki, ruusupuu<\/li>\n<li>Sertifikaatti: PN EN 1176<\/li>\n<li>Takuu 2 vuotta<\/li>\n<\/ul>\n<p>&nbsp;<\/p>\n<p>&nbsp;<\/p>\n<p>&nbsp;<\/p>\n<p><strong><em>Minimim\u00e4\u00e4r\u00e4 8 kpl!<\/em><\/strong><br \/>\n<strong><em>Ilmainen kuljetus alkaen 8 kappaletta!<\/em><\/strong><\/p>\n","protected":false},"excerpt":{"rendered":"<p><strong>Penkin vahvat puuosat on kiinnitetty galvanoituun ter\u00e4srakenteeseen, joka on k\u00e4sitelty jauhemaalilla.<\/strong><\/p>\n<p>Laadukas penkki kertoo, ett\u00e4 t\u00e4\u00e4ll\u00e4 on turvallista lukea kirjaa tai nauttia kauniista s\u00e4\u00e4st\u00e4.<\/p>\n","protected":false},"featured_media":10447,"comment_status":"open","ping_status":"closed","template":"","meta":{"_acf_changed":false},"factory":[],"free-shipment":[],"product_brand":[],"product_cat":[1336,1337],"product_tag":[],"class_list":{"0":"post-30372","1":"product","2":"type-product","3":"status-publish","4":"has-post-thumbnail","6":"product_cat-kaupunkihuonekalut","7":"product_cat-penkit","9":"first","10":"instock","11":"sale","12":"taxable","13":"shipping-taxable","14":"purchasable","15":"product-type-simple"},"acf":[],"_links":{"self":[{"href":"https:\/\/factory.sale\/fi\/wp-json\/wp\/v2\/product\/30372","targetHints":{"allow":["GET"]}}],"collection":[{"href":"https:\/\/factory.sale\/fi\/wp-json\/wp\/v2\/product"}],"about":[{"href":"https:\/\/factory.sale\/fi\/wp-json\/wp\/v2\/types\/product"}],"replies":[{"embeddable":true,"href":"https:\/\/factory.sale\/fi\/wp-json\/wp\/v2\/comments?post=30372"}],"wp:featuredmedia":[{"embeddable":true,"href":"https:\/\/factory.sale\/fi\/wp-json\/wp\/v2\/media\/10447"}],"wp:attachment":[{"href":"https:\/\/factory.sale\/fi\/wp-json\/wp\/v2\/media?parent=30372"}],"wp:term":[{"taxonomy":"factory","embeddable":true,"href":"https:\/\/factory.sale\/fi\/wp-json\/wp\/v2\/factory?post=30372"},{"taxonomy":"free-shipment","embeddable":true,"href":"https:\/\/factory.sale\/fi\/wp-json\/wp\/v2\/free-shipment?post=30372"},{"taxonomy":"product_brand","embeddable":true,"href":"https:\/\/factory.sale\/fi\/wp-json\/wp\/v2\/product_brand?post=30372"},{"taxonomy":"product_cat","embeddable":true,"href":"https:\/\/factory.sale\/fi\/wp-json\/wp\/v2\/product_cat?post=30372"},{"taxonomy":"product_tag","embeddable":true,"href":"https:\/\/factory.sale\/fi\/wp-json\/wp\/v2\/product_tag?post=30372"}],"curies":[{"name":"wp","href":"https:\/\/api.w.org\/{rel}","templated":true}]}}