{"id":30368,"date":"2022-07-15T09:55:58","date_gmt":"2023-07-08T11:49:23","guid":{"rendered":"https:\/\/factory.sale\/?post_type=product&#038;p=30368"},"modified":"2024-06-28T08:58:55","modified_gmt":"2024-06-28T08:58:55","slug":"penkki-gldtr","status":"publish","type":"product","link":"https:\/\/factory.sale\/fi\/tuote\/penkki-gldtr\/","title":{"rendered":"Penkki &#8220;Gldtr&#8221;"},"content":{"rendered":"<ul>\n<li>Moderni ja samalla klassinen puistonpenkki.<\/li>\n<li>Penkkiperheen uusin malli.<\/li>\n<li>Suunniteltu vaativimmille k\u00e4ytt\u00e4jille.<\/li>\n<li>Ergonominen ja esteettinen arvo mahdollistaa jokaisen penkin k\u00e4ytt\u00e4j\u00e4n rentoutumisen paremmin.<\/li>\n<li>Siksi Gladiator-puiston penkki t\u00e4ytt\u00e4\u00e4 t\u00e4ydellisesti kaupunkitilat, viheralueet tai asuinalueet.<\/li>\n<\/ul>\n<p>&nbsp;<\/p>\n<p>&nbsp;<\/p>\n<p><strong>Tuotetiedot:<\/strong><\/p>\n<ul>\n<li>Penkin pituus: 170 cm<\/li>\n<li>Penkin leveys: 59 cm<\/li>\n<li>Penkin korkeus: 76 cm<\/li>\n<li>Istuimen pituus: 170 cm<\/li>\n<li>Istuimen leveys: 34 cm<\/li>\n<li>Istuinkorkeus: 44 cm<\/li>\n<li>Materiaali: ter\u00e4s, puu<\/li>\n<li>Galvanoitu, pulverimaalattu<\/li>\n<li>Puun s\u00e4vy: mahonki, tiikki, ruusupuu<\/li>\n<li>Sertifikaatti: PN EN 1176<\/li>\n<li>Takuu 2 vuotta<\/li>\n<\/ul>\n<p>&nbsp;<\/p>\n<p><em>Minimim\u00e4\u00e4r\u00e4 8 kpl!<\/em><\/p>\n<p><em>Ilmainen kuljetus alkaen 8 kappaletta!<\/em><\/p>\n","protected":false},"excerpt":{"rendered":"<ul>\n<li>Moderni ja samalla klassinen puistonpenkki.<\/li>\n<li>Penkkiperheen uusin malli.<\/li>\n<li>Suunniteltu vaativimmille k\u00e4ytt\u00e4jille.<\/li>\n<li>Ergonominen ja esteettinen arvo mahdollistaa jokaisen penkin k\u00e4ytt\u00e4j\u00e4n rentoutumisen paremmin.<\/li>\n<li>Siksi Gladiator-puiston penkki t\u00e4ytt\u00e4\u00e4 t\u00e4ydellisesti kaupunkitilat, viheralueet tai asuinalueet.<\/li>\n<\/ul>\n","protected":false},"featured_media":10430,"comment_status":"open","ping_status":"closed","template":"","meta":{"_acf_changed":false},"factory":[],"free-shipment":[],"product_brand":[],"product_cat":[1336,1337],"product_tag":[],"class_list":{"0":"post-30368","1":"product","2":"type-product","3":"status-publish","4":"has-post-thumbnail","6":"product_cat-kaupunkihuonekalut","7":"product_cat-penkit","9":"first","10":"instock","11":"sale","12":"taxable","13":"shipping-taxable","14":"purchasable","15":"product-type-simple"},"acf":[],"_links":{"self":[{"href":"https:\/\/factory.sale\/fi\/wp-json\/wp\/v2\/product\/30368","targetHints":{"allow":["GET"]}}],"collection":[{"href":"https:\/\/factory.sale\/fi\/wp-json\/wp\/v2\/product"}],"about":[{"href":"https:\/\/factory.sale\/fi\/wp-json\/wp\/v2\/types\/product"}],"replies":[{"embeddable":true,"href":"https:\/\/factory.sale\/fi\/wp-json\/wp\/v2\/comments?post=30368"}],"wp:featuredmedia":[{"embeddable":true,"href":"https:\/\/factory.sale\/fi\/wp-json\/wp\/v2\/media\/10430"}],"wp:attachment":[{"href":"https:\/\/factory.sale\/fi\/wp-json\/wp\/v2\/media?parent=30368"}],"wp:term":[{"taxonomy":"factory","embeddable":true,"href":"https:\/\/factory.sale\/fi\/wp-json\/wp\/v2\/factory?post=30368"},{"taxonomy":"free-shipment","embeddable":true,"href":"https:\/\/factory.sale\/fi\/wp-json\/wp\/v2\/free-shipment?post=30368"},{"taxonomy":"product_brand","embeddable":true,"href":"https:\/\/factory.sale\/fi\/wp-json\/wp\/v2\/product_brand?post=30368"},{"taxonomy":"product_cat","embeddable":true,"href":"https:\/\/factory.sale\/fi\/wp-json\/wp\/v2\/product_cat?post=30368"},{"taxonomy":"product_tag","embeddable":true,"href":"https:\/\/factory.sale\/fi\/wp-json\/wp\/v2\/product_tag?post=30368"}],"curies":[{"name":"wp","href":"https:\/\/api.w.org\/{rel}","templated":true}]}}