{"id":30299,"date":"2023-07-03T08:24:52","date_gmt":"2023-07-03T08:39:01","guid":{"rendered":"https:\/\/factory.sale\/?post_type=product&#038;p=30299"},"modified":"2024-06-27T10:05:02","modified_gmt":"2024-06-27T10:05:02","slug":"terassikatos-palram-canopia-olympia-3x305m-harmaa-kirkas","status":"publish","type":"product","link":"https:\/\/factory.sale\/fi\/tuote\/terassikatos-palram-canopia-olympia-3x305m-harmaa-kirkas\/","title":{"rendered":"Terassikatos Palram-Canopia Olympia, 3\u00d73,05m, harmaa\/kirkas"},"content":{"rendered":"<p><strong>Tuotekoodi: 6001673<\/strong><\/p>\n<p>&nbsp;<\/p>\n<p>Rentoudu ja nauti ulkoilmasta Palram-Canopia 3\u00d73-metrisen Olympia-terassikatoksen alla. Katos on suunniteltu kest\u00e4m\u00e4\u00e4n ankaria s\u00e4\u00e4olosuhteita, raskaita lumikuormia ja kovaa tuulta. K\u00e4yt\u00e4nn\u00f6ss\u00e4 s\u00e4rkym\u00e4tt\u00f6m\u00e4t 16 mm:n polykarbonaattikennolevyst\u00e4 valmistetut kattopaneelit ovat 100-prosenttisesti UV-suojattuja, ja ne est\u00e4v\u00e4t haitallisen UV-s\u00e4teilyn. Asennus onnistuu itse turvallisesti, nopeasti ja helposti liukuasennettavien kattopaneelien ja valmiiksi porattujen profiilien avulla. Ruuvit sis\u00e4ltyv\u00e4t toimitukseen.<br \/>\nKatoksessa on s\u00e4\u00e4dett\u00e4v\u00e4 sein\u00e4liitos ja vapaasti sijoitettavat, tukevat 8\u00d78 cm etutolpat. Tukeva rakenne koostuu lujatekoisista ja korroosionkest\u00e4vist\u00e4 jauhemaalatuista alumiiniprofiileista ja galvanoiduista ter\u00e4sliitoksista. Toimitus sis\u00e4lt\u00e4\u00e4 ankkurointi- ja jalkalevyt, joilla voit kiinnitt\u00e4\u00e4 terassikatoksen valitsemallesi alustalle. Integroitu 50 mm r\u00e4yst\u00e4sj\u00e4rjestelm\u00e4 mahdollistaa sadeveden kanavoinnin ja ker\u00e4\u00e4misen kasteluj\u00e4rjestelm\u00e4\u00e4 varten. Huoltovapaa katos ei ruostu, lahoa tai lohkeile.<\/p>\n<p>&nbsp;<\/p>\n<p>&nbsp;<\/p>\n<p><strong>Tuotetiedot:<\/strong><\/p>\n<ul>\n<li>Harjakorkeus : 305 cm<\/li>\n<li>R\u00e4yst\u00e4skorkeus : 210 cm<\/li>\n<li>Leveys : 307 cm<\/li>\n<li>Syvyys : 295 cm<\/li>\n<li>Pinta-ala : 9,1 m\u00b2<\/li>\n<li>V\u00e4ri: Harmaa<\/li>\n<li>Materiaali: Alumiini<\/li>\n<li>Pintak\u00e4sittely: Pulverimaalattu<\/li>\n<li>Kattomalli: Pulpettikatto<\/li>\n<li>Katon pinta-ala : 9 m\u00b2<\/li>\n<li>Takuuaika: 12 vuotta<\/li>\n<li>Tuulenkest\u00e4vyys: 120 km\/h<\/li>\n<li>Valonl\u00e4p\u00e4isy: Kirkas 61 %<\/li>\n<li>Paino: 58.3 kg<\/li>\n<li>Liukuasennettavat paneelit<\/li>\n<li>Sis\u00e4lt\u00e4\u00e4 r\u00e4yst\u00e4skourut ja -putket<\/li>\n<li>Vapaasti sijoitettavat tolpat<\/li>\n<li>Sis\u00e4lt\u00e4\u00e4 ankkurointi- ja jalkalevyt<\/li>\n<li>Tarkennus mittatiedoista: Harjakorkeus tarkoittaa katon korkeinta kohtaa ja r\u00e4yst\u00e4skorkeus katon alinta kohtaa.<\/li>\n<\/ul>\n","protected":false},"excerpt":{"rendered":"<p>Rentoudu ja nauti ulkoilmasta Palram-Canopia 3\u00d73-metrisen Olympia-terassikatoksen alla. Katos on suunniteltu kest\u00e4m\u00e4\u00e4n ankaria s\u00e4\u00e4olosuhteita, raskaita lumikuormia ja kovaa tuulta. K\u00e4yt\u00e4nn\u00f6ss\u00e4 s\u00e4rkym\u00e4tt\u00f6m\u00e4t 16 mm:n polykarbonaattikennolevyst\u00e4 valmistetut kattopaneelit ovat 100-prosenttisesti UV-suojattuja, ja ne est\u00e4v\u00e4t haitallisen UV-s\u00e4teilyn. Asennus onnistuu itse turvallisesti, nopeasti ja helposti liukuasennettavien kattopaneelien ja valmiiksi porattujen profiilien avulla. Ruuvit sis\u00e4ltyv\u00e4t toimitukseen.<\/p>\n","protected":false},"featured_media":30293,"comment_status":"open","ping_status":"closed","template":"","meta":{"_acf_changed":false},"factory":[],"free-shipment":[],"product_brand":[],"product_cat":[997,4242],"product_tag":[1488,1489],"class_list":{"0":"post-30299","1":"product","2":"type-product","3":"status-publish","4":"has-post-thumbnail","6":"product_cat-piha-puutarha-fi","7":"product_cat-puutarharakennukset","8":"product_tag-garden-fi","9":"product_tag-yard-fi","11":"first","12":"instock","13":"sale","14":"taxable","15":"shipping-taxable","16":"purchasable","17":"product-type-simple"},"acf":[],"_links":{"self":[{"href":"https:\/\/factory.sale\/fi\/wp-json\/wp\/v2\/product\/30299","targetHints":{"allow":["GET"]}}],"collection":[{"href":"https:\/\/factory.sale\/fi\/wp-json\/wp\/v2\/product"}],"about":[{"href":"https:\/\/factory.sale\/fi\/wp-json\/wp\/v2\/types\/product"}],"replies":[{"embeddable":true,"href":"https:\/\/factory.sale\/fi\/wp-json\/wp\/v2\/comments?post=30299"}],"wp:featuredmedia":[{"embeddable":true,"href":"https:\/\/factory.sale\/fi\/wp-json\/wp\/v2\/media\/30293"}],"wp:attachment":[{"href":"https:\/\/factory.sale\/fi\/wp-json\/wp\/v2\/media?parent=30299"}],"wp:term":[{"taxonomy":"factory","embeddable":true,"href":"https:\/\/factory.sale\/fi\/wp-json\/wp\/v2\/factory?post=30299"},{"taxonomy":"free-shipment","embeddable":true,"href":"https:\/\/factory.sale\/fi\/wp-json\/wp\/v2\/free-shipment?post=30299"},{"taxonomy":"product_brand","embeddable":true,"href":"https:\/\/factory.sale\/fi\/wp-json\/wp\/v2\/product_brand?post=30299"},{"taxonomy":"product_cat","embeddable":true,"href":"https:\/\/factory.sale\/fi\/wp-json\/wp\/v2\/product_cat?post=30299"},{"taxonomy":"product_tag","embeddable":true,"href":"https:\/\/factory.sale\/fi\/wp-json\/wp\/v2\/product_tag?post=30299"}],"curies":[{"name":"wp","href":"https:\/\/api.w.org\/{rel}","templated":true}]}}