{"id":30287,"date":"2023-07-03T08:06:34","date_gmt":"2023-07-03T08:22:21","guid":{"rendered":"https:\/\/factory.sale\/?post_type=product&#038;p=30287"},"modified":"2024-06-26T00:19:32","modified_gmt":"2024-06-26T00:19:32","slug":"hyonteisverhosetti-palram-canopia-palermo-paviljonkiin","status":"publish","type":"product","link":"https:\/\/factory.sale\/fi\/tuote\/hyonteisverhosetti-palram-canopia-palermo-paviljonkiin\/","title":{"rendered":"Hy\u00f6nteisverhosetti Palram-Canopia Palermo paviljonkiin"},"content":{"rendered":"<p><strong>Tuotetiedot: 6001680<\/strong><\/p>\n<p>&nbsp;<\/p>\n<p>Palram-Canopia Palermo -paviljonkeihin sopiva vihert\u00e4v\u00e4n harmaa hy\u00f6nteisverhosetti sis\u00e4lt\u00e4\u00e4 verhot pergolan nelj\u00e4lle sivulle. Ilma p\u00e4\u00e4see virtaamaan vapaasti pergolan l\u00e4pi, mutta vetoketjuilla toisiinsa liitett\u00e4v\u00e4t verhot pit\u00e4v\u00e4t hy\u00f6nteiset poissa.<\/p>\n<p>&nbsp;<\/p>\n<p>&nbsp;<\/p>\n<p><strong>Tuotetiedot:<\/strong><\/p>\n<ul>\n<li>Materiaali: Polyesteri<\/li>\n<li>Ilma p\u00e4\u00e4see virtaamaan vapaasti pergolan l\u00e4pi.<\/li>\n<li>Hy\u00f6nteisverhot ovat yhdistett\u00e4viss\u00e4 toisiinsa vetoketjulla, jolloin ne suojaavat t\u00e4ydellisesti hy\u00f6nteisilt\u00e4.<\/li>\n<li>Sopii sek\u00e4 Palermo 3000- ja 3600- ett\u00e4 Milano 3000-paviljonkiin.<\/li>\n<li>Valmistettu polyesterist\u00e4, joka on eritt\u00e4in kest\u00e4v\u00e4\u00e4 ja kevytt\u00e4 materiaalia.<\/li>\n<li>Kangas on l\u00e4pikuultava, hieman vihert\u00e4v\u00e4n harmaa ja UV-suojattu.<\/li>\n<li>Helppo asentaa. Pakkaus sis\u00e4lt\u00e4\u00e4 ripustamiseen tarvittavat osat ja asennusohjeet.<\/li>\n<li>Hy\u00f6nteisverhojen keskell\u00e4 on ylh\u00e4\u00e4ll\u00e4 ja alhaalla nauhat, joiden avulla ne on helppo sitoa kulmista pit\u00e4v\u00e4sti kiinni runkopylv\u00e4isiin.<\/li>\n<li>Konepesu kylm\u00e4ll\u00e4 vedell\u00e4, ei kloorivalkaisuainetta. Kuivaus vapaasti narulla.<\/li>\n<\/ul>\n","protected":false},"excerpt":{"rendered":"<p>Palram-Canopia Palermo -paviljonkeihin sopiva vihert\u00e4v\u00e4n harmaa hy\u00f6nteisverhosetti sis\u00e4lt\u00e4\u00e4 verhot pergolan nelj\u00e4lle sivulle. Ilma p\u00e4\u00e4see virtaamaan vapaasti pergolan l\u00e4pi, mutta vetoketjuilla toisiinsa liitett\u00e4v\u00e4t verhot pit\u00e4v\u00e4t hy\u00f6nteiset poissa.<\/p>\n","protected":false},"featured_media":30281,"comment_status":"open","ping_status":"closed","template":"","meta":{"_acf_changed":false},"factory":[],"free-shipment":[],"product_brand":[],"product_cat":[997,4242],"product_tag":[],"class_list":{"0":"post-30287","1":"product","2":"type-product","3":"status-publish","4":"has-post-thumbnail","6":"product_cat-piha-puutarha-fi","7":"product_cat-puutarharakennukset","9":"first","10":"instock","11":"sale","12":"taxable","13":"shipping-taxable","14":"purchasable","15":"product-type-simple"},"acf":[],"_links":{"self":[{"href":"https:\/\/factory.sale\/fi\/wp-json\/wp\/v2\/product\/30287","targetHints":{"allow":["GET"]}}],"collection":[{"href":"https:\/\/factory.sale\/fi\/wp-json\/wp\/v2\/product"}],"about":[{"href":"https:\/\/factory.sale\/fi\/wp-json\/wp\/v2\/types\/product"}],"replies":[{"embeddable":true,"href":"https:\/\/factory.sale\/fi\/wp-json\/wp\/v2\/comments?post=30287"}],"wp:featuredmedia":[{"embeddable":true,"href":"https:\/\/factory.sale\/fi\/wp-json\/wp\/v2\/media\/30281"}],"wp:attachment":[{"href":"https:\/\/factory.sale\/fi\/wp-json\/wp\/v2\/media?parent=30287"}],"wp:term":[{"taxonomy":"factory","embeddable":true,"href":"https:\/\/factory.sale\/fi\/wp-json\/wp\/v2\/factory?post=30287"},{"taxonomy":"free-shipment","embeddable":true,"href":"https:\/\/factory.sale\/fi\/wp-json\/wp\/v2\/free-shipment?post=30287"},{"taxonomy":"product_brand","embeddable":true,"href":"https:\/\/factory.sale\/fi\/wp-json\/wp\/v2\/product_brand?post=30287"},{"taxonomy":"product_cat","embeddable":true,"href":"https:\/\/factory.sale\/fi\/wp-json\/wp\/v2\/product_cat?post=30287"},{"taxonomy":"product_tag","embeddable":true,"href":"https:\/\/factory.sale\/fi\/wp-json\/wp\/v2\/product_tag?post=30287"}],"curies":[{"name":"wp","href":"https:\/\/api.w.org\/{rel}","templated":true}]}}