{"id":30267,"date":"2023-06-29T19:32:00","date_gmt":"2023-06-29T19:41:08","guid":{"rendered":"https:\/\/factory.sale\/?post_type=product&#038;p=30267"},"modified":"2024-06-27T00:58:42","modified_gmt":"2024-06-27T00:58:42","slug":"paviljonki-verhoilla-sevilla-3x4m-beige","status":"publish","type":"product","link":"https:\/\/factory.sale\/fi\/tuote\/paviljonki-verhoilla-sevilla-3x4m-beige\/","title":{"rendered":"Paviljonki verhoilla Sevilla 3x4m, beige"},"content":{"rendered":"<p><strong>Tuotekoodi: 6001663<\/strong><\/p>\n<p>&nbsp;<\/p>\n<p>Beige paviljonki tarjoaa ulkotapahtumiin ihanteellisen suojan sek\u00e4 auringolta ett\u00e4 tuulelta.Tuotteen katto on valmistettu kest\u00e4vist\u00e4 6 mm paksuista PC- levyist\u00e4, joka antaa hyv\u00e4n suojan h\u00e4ik\u00e4isylt\u00e4 sek\u00e4 suoran auringonvalon haitallisilta UV-s\u00e4teilt\u00e4.<br \/>\nVerhot ovat valmistettu UV-, veden-, ja s\u00e4\u00e4nkest\u00e4v\u00e4st\u00e4 korkealaatuisesta polyesterikankaasta.<br \/>\nPaviljonkiin sis\u00e4ltyy my\u00f6s kevyest\u00e4 ja kest\u00e4v\u00e4st\u00e4 nailonista hyttysverkot. Katoksen ruskea alumiinirunko on jauhemaalattu.<br \/>\nKatos on kiinnitett\u00e4v\u00e4 alustaan. Katosta ei ole tarkoitettu k\u00e4ytett\u00e4v\u00e4ksi kovalla tuulella ja sateella.<\/p>\n<p>&nbsp;<\/p>\n<p>&nbsp;<\/p>\n<p><strong>Tuotetiedot:<\/strong><\/p>\n<ul>\n<li>Korkeus (cm): 260<\/li>\n<li>Leveys (cm): 300<\/li>\n<li>Syvyys (cm): 400<\/li>\n<li>Koko (m x m): 3 x 4 m<\/li>\n<li>Tuotteen paino (kg): 74<\/li>\n<li>V\u00e4ri: Beige<\/li>\n<li>V\u00e4rin tarkenne: Ruskea runko<\/li>\n<li>Materiaali: Polyesteri<\/li>\n<li>Valmiiksi koottu: Ei<\/li>\n<\/ul>\n","protected":false},"excerpt":{"rendered":"<p>Beige paviljonki tarjoaa ulkotapahtumiin ihanteellisen suojan sek\u00e4 auringolta ett\u00e4 tuulelta.Tuotteen katto on valmistettu kest\u00e4vist\u00e4 6 mm paksuista PC- levyist\u00e4, joka antaa hyv\u00e4n suojan h\u00e4ik\u00e4isylt\u00e4 sek\u00e4 suoran auringonvalon haitallisilta UV-s\u00e4teilt\u00e4.<br \/>\nVerhot ovat valmistettu UV-, veden-, ja s\u00e4\u00e4nkest\u00e4v\u00e4st\u00e4 korkealaatuisesta polyesterikankaasta.<br \/>\nPaviljonkiin sis\u00e4ltyy my\u00f6s kevyest\u00e4 ja kest\u00e4v\u00e4st\u00e4 nailonista hyttysverkot. Katoksen ruskea alumiinirunko on jauhemaalattu.<br \/>\nKatos on kiinnitett\u00e4v\u00e4 alustaan. Katosta ei ole tarkoitettu k\u00e4ytett\u00e4v\u00e4ksi kovalla tuulella ja sateella.<\/p>\n","protected":false},"featured_media":30246,"comment_status":"open","ping_status":"closed","template":"","meta":{"_acf_changed":false},"factory":[],"free-shipment":[],"product_brand":[],"product_cat":[997],"product_tag":[],"class_list":{"0":"post-30267","1":"product","2":"type-product","3":"status-publish","4":"has-post-thumbnail","6":"product_cat-piha-puutarha-fi","8":"first","9":"instock","10":"sale","11":"taxable","12":"shipping-taxable","13":"purchasable","14":"product-type-simple"},"acf":[],"_links":{"self":[{"href":"https:\/\/factory.sale\/fi\/wp-json\/wp\/v2\/product\/30267","targetHints":{"allow":["GET"]}}],"collection":[{"href":"https:\/\/factory.sale\/fi\/wp-json\/wp\/v2\/product"}],"about":[{"href":"https:\/\/factory.sale\/fi\/wp-json\/wp\/v2\/types\/product"}],"replies":[{"embeddable":true,"href":"https:\/\/factory.sale\/fi\/wp-json\/wp\/v2\/comments?post=30267"}],"wp:featuredmedia":[{"embeddable":true,"href":"https:\/\/factory.sale\/fi\/wp-json\/wp\/v2\/media\/30246"}],"wp:attachment":[{"href":"https:\/\/factory.sale\/fi\/wp-json\/wp\/v2\/media?parent=30267"}],"wp:term":[{"taxonomy":"factory","embeddable":true,"href":"https:\/\/factory.sale\/fi\/wp-json\/wp\/v2\/factory?post=30267"},{"taxonomy":"free-shipment","embeddable":true,"href":"https:\/\/factory.sale\/fi\/wp-json\/wp\/v2\/free-shipment?post=30267"},{"taxonomy":"product_brand","embeddable":true,"href":"https:\/\/factory.sale\/fi\/wp-json\/wp\/v2\/product_brand?post=30267"},{"taxonomy":"product_cat","embeddable":true,"href":"https:\/\/factory.sale\/fi\/wp-json\/wp\/v2\/product_cat?post=30267"},{"taxonomy":"product_tag","embeddable":true,"href":"https:\/\/factory.sale\/fi\/wp-json\/wp\/v2\/product_tag?post=30267"}],"curies":[{"name":"wp","href":"https:\/\/api.w.org\/{rel}","templated":true}]}}