{"id":30100,"date":"2023-06-27T20:48:31","date_gmt":"2023-06-28T07:21:54","guid":{"rendered":"https:\/\/factory.sale\/?post_type=product&#038;p=30100"},"modified":"2024-06-27T10:13:13","modified_gmt":"2024-06-27T10:13:13","slug":"oleskeluryhma-palma-2-istuttava-sohva-2-nojatuolia-poyta","status":"publish","type":"product","link":"https:\/\/factory.sale\/fi\/tuote\/oleskeluryhma-palma-2-istuttava-sohva-2-nojatuolia-poyta\/","title":{"rendered":"Ulkopenkki Vilnius selk\u00e4nojalla"},"content":{"rendered":"<p>Katso kotisi l\u00e4hist\u00f6\u00e4 tai kaupunkikuvaa, niin n\u00e4et todenn\u00e4k\u00f6isesti ainakin yhden penkin. T\u00e4m\u00e4 pienarkkitehtuurin elementti, jolle on ominaista korkea toiminnallisuus, sopii sek\u00e4 yksityiseen ett\u00e4 julkiseen infrastruktuuriin.<\/p>\n<p>&nbsp;<\/p>\n<p>Tuotetiedot:<\/p>\n<p>Mitat: 2000 x 570 x 870 h mm<br \/>\nJalat on valmistettu galvanoidusta ja jauhemaalatusta ter\u00e4ksest\u00e4<br \/>\nMetalli: 6 mm paksu<br \/>\nPuu: trooppinen kovapuu<br \/>\nKaksi jalkaa<br \/>\nLevyn mitat: 2000 x 190 x 35 h mm<br \/>\nIstuinosa: 2 lautaa<br \/>\nSelk\u00e4noja: 1 lauta<br \/>\nJalat on maalattu RAL7022 MATT<br \/>\nPuu: \u00f6ljytty<br \/>\nKiinnitys ankkuroimalla<\/p>\n","protected":false},"excerpt":{"rendered":"<p>Katso kotisi l\u00e4hist\u00f6\u00e4 tai kaupunkikuvaa, niin n\u00e4et todenn\u00e4k\u00f6isesti ainakin yhden penkin. T\u00e4m\u00e4 pienarkkitehtuurin elementti, jolle on ominaista korkea toiminnallisuus, sopii sek\u00e4 yksityiseen ett\u00e4 julkiseen infrastruktuuriin.<\/p>\n","protected":false},"featured_media":30089,"comment_status":"open","ping_status":"closed","template":"","meta":{"_acf_changed":false},"factory":[],"free-shipment":[],"product_brand":[],"product_cat":[1336,1337],"product_tag":[4479,4464],"class_list":{"0":"post-30100","1":"product","2":"type-product","3":"status-publish","4":"has-post-thumbnail","6":"product_cat-kaupunkihuonekalut","7":"product_cat-penkit","8":"product_tag-benches-fi","9":"product_tag-urban-furniture-fi","11":"first","12":"instock","13":"sale","14":"taxable","15":"shipping-taxable","16":"purchasable","17":"product-type-simple"},"acf":[],"_links":{"self":[{"href":"https:\/\/factory.sale\/fi\/wp-json\/wp\/v2\/product\/30100","targetHints":{"allow":["GET"]}}],"collection":[{"href":"https:\/\/factory.sale\/fi\/wp-json\/wp\/v2\/product"}],"about":[{"href":"https:\/\/factory.sale\/fi\/wp-json\/wp\/v2\/types\/product"}],"replies":[{"embeddable":true,"href":"https:\/\/factory.sale\/fi\/wp-json\/wp\/v2\/comments?post=30100"}],"wp:featuredmedia":[{"embeddable":true,"href":"https:\/\/factory.sale\/fi\/wp-json\/wp\/v2\/media\/30089"}],"wp:attachment":[{"href":"https:\/\/factory.sale\/fi\/wp-json\/wp\/v2\/media?parent=30100"}],"wp:term":[{"taxonomy":"factory","embeddable":true,"href":"https:\/\/factory.sale\/fi\/wp-json\/wp\/v2\/factory?post=30100"},{"taxonomy":"free-shipment","embeddable":true,"href":"https:\/\/factory.sale\/fi\/wp-json\/wp\/v2\/free-shipment?post=30100"},{"taxonomy":"product_brand","embeddable":true,"href":"https:\/\/factory.sale\/fi\/wp-json\/wp\/v2\/product_brand?post=30100"},{"taxonomy":"product_cat","embeddable":true,"href":"https:\/\/factory.sale\/fi\/wp-json\/wp\/v2\/product_cat?post=30100"},{"taxonomy":"product_tag","embeddable":true,"href":"https:\/\/factory.sale\/fi\/wp-json\/wp\/v2\/product_tag?post=30100"}],"curies":[{"name":"wp","href":"https:\/\/api.w.org\/{rel}","templated":true}]}}