{"id":29977,"date":"2023-06-26T21:18:35","date_gmt":"2023-06-26T21:25:11","guid":{"rendered":"https:\/\/factory.sale\/?post_type=product&#038;p=29977"},"modified":"2024-06-29T11:33:21","modified_gmt":"2024-06-29T11:33:21","slug":"ergostand-kannettavan-alumiininen-teline","status":"publish","type":"product","link":"https:\/\/factory.sale\/fi\/tuote\/ergostand-kannettavan-alumiininen-teline\/","title":{"rendered":"Ergostand kannettavan alumiininen teline"},"content":{"rendered":"<p><strong>SKU: 6005<\/strong><br \/>\n<strong>EAN: 7350052980670<\/strong><\/p>\n<p>&nbsp;<\/p>\n<p>Ergostand on k\u00e4tev\u00e4 kannettavan tietokoneen jalusta, jossa on py\u00f6riv\u00e4 alusta (ei naarmuta p\u00f6yt\u00e4\u00e4).<\/p>\n<p>&nbsp;<\/p>\n<p><strong>Tuotetiedot:<\/strong><\/p>\n<ul>\n<li>Mitat: 306 mm x 240 mm x 12,5 mm<\/li>\n<li>Paino: 0,62 kg<\/li>\n<li>S\u00e4\u00e4dett\u00e4viss\u00e4 7 eri kaltevuuden mukaan<\/li>\n<li>Mahtuu hyvin kannettavan tietokoneen laukkuun<\/li>\n<li>Helppo asettaa 20-45 asteen kulmaan<\/li>\n<li>Materiaali: alumiini<\/li>\n<li>Paino: 0,62 kg (tehdaspakkauksella 0,84 kg)<\/li>\n<li>Mitat 30,6 cm leveys x 24 cm syvyys x korkeus 9 mm (taitettuna yhteen)<\/li>\n<\/ul>\n","protected":false},"excerpt":{"rendered":"<p>Ergostand on k\u00e4tev\u00e4 kannettavan tietokoneen jalusta, jossa on py\u00f6riv\u00e4 alusta (ei naarmuta p\u00f6yt\u00e4\u00e4).<\/p>\n","protected":false},"featured_media":29970,"comment_status":"open","ping_status":"closed","template":"","meta":{"_acf_changed":false},"factory":[],"free-shipment":[],"product_brand":[],"product_cat":[2491,1319],"product_tag":[],"class_list":{"0":"post-29977","1":"product","2":"type-product","3":"status-publish","4":"has-post-thumbnail","6":"product_cat-ergonomia","7":"product_cat-huonekalut","9":"first","10":"instock","11":"sale","12":"taxable","13":"shipping-taxable","14":"purchasable","15":"product-type-simple"},"acf":[],"_links":{"self":[{"href":"https:\/\/factory.sale\/fi\/wp-json\/wp\/v2\/product\/29977","targetHints":{"allow":["GET"]}}],"collection":[{"href":"https:\/\/factory.sale\/fi\/wp-json\/wp\/v2\/product"}],"about":[{"href":"https:\/\/factory.sale\/fi\/wp-json\/wp\/v2\/types\/product"}],"replies":[{"embeddable":true,"href":"https:\/\/factory.sale\/fi\/wp-json\/wp\/v2\/comments?post=29977"}],"wp:featuredmedia":[{"embeddable":true,"href":"https:\/\/factory.sale\/fi\/wp-json\/wp\/v2\/media\/29970"}],"wp:attachment":[{"href":"https:\/\/factory.sale\/fi\/wp-json\/wp\/v2\/media?parent=29977"}],"wp:term":[{"taxonomy":"factory","embeddable":true,"href":"https:\/\/factory.sale\/fi\/wp-json\/wp\/v2\/factory?post=29977"},{"taxonomy":"free-shipment","embeddable":true,"href":"https:\/\/factory.sale\/fi\/wp-json\/wp\/v2\/free-shipment?post=29977"},{"taxonomy":"product_brand","embeddable":true,"href":"https:\/\/factory.sale\/fi\/wp-json\/wp\/v2\/product_brand?post=29977"},{"taxonomy":"product_cat","embeddable":true,"href":"https:\/\/factory.sale\/fi\/wp-json\/wp\/v2\/product_cat?post=29977"},{"taxonomy":"product_tag","embeddable":true,"href":"https:\/\/factory.sale\/fi\/wp-json\/wp\/v2\/product_tag?post=29977"}],"curies":[{"name":"wp","href":"https:\/\/api.w.org\/{rel}","templated":true}]}}