{"id":29964,"date":"2023-06-26T20:54:42","date_gmt":"2023-06-26T21:13:23","guid":{"rendered":"https:\/\/factory.sale\/?post_type=product&#038;p=29964"},"modified":"2024-07-01T22:03:37","modified_gmt":"2024-07-01T22:03:37","slug":"spider-kannettavan-tietokoneen-tabletin-jalusta","status":"publish","type":"product","link":"https:\/\/factory.sale\/fi\/tuote\/spider-kannettavan-tietokoneen-tabletin-jalusta\/","title":{"rendered":"Spider kannettavan tietokoneen\/tabletin jalusta"},"content":{"rendered":"<p><strong>SKU: 4106-BL (musta)<\/strong><br \/>\n<strong>EAN: 6430054933759<\/strong><\/p>\n<p><strong>SKU: 4106-WH (valkoinen)<\/strong><br \/>\n<strong>EAN: 6430054933766<\/strong><\/p>\n<p>&nbsp;<\/p>\n<p>Spider-teline kannettavalle tietokoneelle\/tabletille. Musta Spider-jalusta nostaa kannettavan tietokoneen irti p\u00f6yd\u00e4n pinnasta tarjoten tilaa tuuletukselle ja on tukeva. Jalustan portaaton kulmas\u00e4\u00e4d\u00f6n ansiosta tietokone voidaan nostaa pystyasentoon, mik\u00e4 parantaa visuaalista ergonomiaa. Spider-jalusta on helppo lukita paikoilleen. Helppo taittaa, vie v\u00e4h\u00e4n tilaa tietokonekotelossa tai repussa.<\/p>\n<p>&nbsp;<\/p>\n<p><strong>Tuotetiedot:<\/strong><\/p>\n<ul>\n<li>Mukana s\u00e4ilytyspussi<\/li>\n<li>Enimm\u00e4ispaino 8 kg<\/li>\n<li>Valmistettu ABS-muovilla p\u00e4\u00e4llystetyst\u00e4 alumiinista<\/li>\n<li>Tuotteen paino 250 g<\/li>\n<li>Takuu 1 vuosi<\/li>\n<li>V\u00e4ri: valkoinen, musta<\/li>\n<\/ul>\n","protected":false},"excerpt":{"rendered":"<p>Spider-teline kannettavalle tietokoneelle\/tabletille. Musta Spider-jalusta nostaa kannettavan tietokoneen irti p\u00f6yd\u00e4n pinnasta tarjoten tilaa tuuletukselle ja on tukeva. Jalustan portaaton kulmas\u00e4\u00e4d\u00f6n ansiosta tietokone voidaan nostaa pystyasentoon, mik\u00e4 parantaa visuaalista ergonomiaa. Spider-jalusta on helppo lukita paikoilleen. Helppo taittaa, vie v\u00e4h\u00e4n tilaa tietokonekotelossa tai repussa.<\/p>\n","protected":false},"featured_media":29951,"comment_status":"open","ping_status":"closed","template":"","meta":{"_acf_changed":false},"factory":[],"free-shipment":[],"product_brand":[],"product_cat":[2491,1319],"product_tag":[],"class_list":{"0":"post-29964","1":"product","2":"type-product","3":"status-publish","4":"has-post-thumbnail","6":"product_cat-ergonomia","7":"product_cat-huonekalut","9":"first","10":"instock","11":"sale","12":"taxable","13":"shipping-taxable","14":"purchasable","15":"product-type-simple"},"acf":[],"_links":{"self":[{"href":"https:\/\/factory.sale\/fi\/wp-json\/wp\/v2\/product\/29964","targetHints":{"allow":["GET"]}}],"collection":[{"href":"https:\/\/factory.sale\/fi\/wp-json\/wp\/v2\/product"}],"about":[{"href":"https:\/\/factory.sale\/fi\/wp-json\/wp\/v2\/types\/product"}],"replies":[{"embeddable":true,"href":"https:\/\/factory.sale\/fi\/wp-json\/wp\/v2\/comments?post=29964"}],"wp:featuredmedia":[{"embeddable":true,"href":"https:\/\/factory.sale\/fi\/wp-json\/wp\/v2\/media\/29951"}],"wp:attachment":[{"href":"https:\/\/factory.sale\/fi\/wp-json\/wp\/v2\/media?parent=29964"}],"wp:term":[{"taxonomy":"factory","embeddable":true,"href":"https:\/\/factory.sale\/fi\/wp-json\/wp\/v2\/factory?post=29964"},{"taxonomy":"free-shipment","embeddable":true,"href":"https:\/\/factory.sale\/fi\/wp-json\/wp\/v2\/free-shipment?post=29964"},{"taxonomy":"product_brand","embeddable":true,"href":"https:\/\/factory.sale\/fi\/wp-json\/wp\/v2\/product_brand?post=29964"},{"taxonomy":"product_cat","embeddable":true,"href":"https:\/\/factory.sale\/fi\/wp-json\/wp\/v2\/product_cat?post=29964"},{"taxonomy":"product_tag","embeddable":true,"href":"https:\/\/factory.sale\/fi\/wp-json\/wp\/v2\/product_tag?post=29964"}],"curies":[{"name":"wp","href":"https:\/\/api.w.org\/{rel}","templated":true}]}}