{"id":29942,"date":"2023-06-26T20:27:49","date_gmt":"2023-06-26T20:49:36","guid":{"rendered":"https:\/\/factory.sale\/?post_type=product&#038;p=29942"},"modified":"2024-06-28T11:57:16","modified_gmt":"2024-06-28T11:57:16","slug":"lapsteri-sylitaso-tammiviilu","status":"publish","type":"product","link":"https:\/\/factory.sale\/fi\/tuote\/lapsteri-sylitaso-tammiviilu\/","title":{"rendered":"L\u00e4psteri sylitaso, tammiviilu"},"content":{"rendered":"<p><strong>Tuotekoodi: 3132<\/strong><br \/>\n<strong>EAN: 6430054933049<\/strong><\/p>\n<p>&nbsp;<\/p>\n<p>L\u00e4psteri-sylitaso on loistava vaihtoehto koti- ja toimistot\u00f6ihin sek\u00e4 vaikkapa erilaisiin oppimisymp\u00e4rist\u00f6ihin ja co-working tiloihin. Saat toivottua vaihtelua perinteisen ty\u00f6p\u00f6yd\u00e4n \u00e4\u00e4rell\u00e4 ty\u00f6skentelyst\u00e4 ja voit ty\u00f6skennell\u00e4 ergonomisemmin, esimerkiksi nojatuolissa tai sohvalla. Tuote on hyvin kevyt ja siten helppo siirt\u00e4\u00e4. Milt\u00e4 kuulostaisi tehd\u00e4 t\u00f6it\u00e4 terassilla, junassa tai vaikka puistossa, L\u00e4psterill\u00e4 se onnistuu. Tuotetta voidaan k\u00e4ytt\u00e4\u00e4 my\u00f6s konseptitelineen\u00e4.<br \/>\nL\u00e4psteri-sylitaso on t\u00e4ysin kotimainen tuote, valmistusta ja raaka-aineita my\u00f6ten. L\u00e4psteri-sylitason kansi on kotimaista massiivilaminaattia, ja sit\u00e4 on saatavana valkoisena tai tammiviiluna. Kannen alla on kolmion mallinen tyhj\u00e4 tila. Tilaa voit k\u00e4ytt\u00e4\u00e4 esim. laturin tai kannettavan tietokoneen s\u00e4ilytykseen. Alusta on kierr\u00e4tetyist\u00e4 pullonkorkeista valmistettua, huopamaista materiaalia, v\u00e4rilt\u00e4\u00e4n tummanharmaa. Tyylik\u00e4s kokonaisuus, laadukas viimeistely ja laadukkaat materiaalit henkiv\u00e4t kotimaisuutta ja pitk\u00e4ik\u00e4isyytt\u00e4.<\/p>\n<p>&nbsp;<\/p>\n<p><strong>Tuotetiedot:<\/strong><\/p>\n<ul>\n<li>Etureunan korkeus: 35 mm<\/li>\n<li>Takareunan korkeus: 85 mm<\/li>\n<li>Leveys: 360 mm<\/li>\n<li>Syvyys : 294,8 mm (lukituksen v\u00e4linen syvyys 256 mm)<\/li>\n<li>Painoraja: 7 kg<\/li>\n<li>Paino: 1,3 kg \/ Pakkauksen kanssa 1,5 kg<\/li>\n<li>Tuotenumero: 3132 tammiviilu \/ 3131 valkoinen<\/li>\n<li>Takuu: 2 vuotta<\/li>\n<\/ul>\n","protected":false},"excerpt":{"rendered":"<p>L\u00e4psteri-sylitaso on loistava vaihtoehto koti- ja toimistot\u00f6ihin sek\u00e4 vaikkapa erilaisiin oppimisymp\u00e4rist\u00f6ihin ja co-working tiloihin. Saat toivottua vaihtelua perinteisen ty\u00f6p\u00f6yd\u00e4n \u00e4\u00e4rell\u00e4 ty\u00f6skentelyst\u00e4 ja voit ty\u00f6skennell\u00e4 ergonomisemmin, esimerkiksi nojatuolissa tai sohvalla. Tuote on hyvin kevyt ja siten helppo siirt\u00e4\u00e4. Milt\u00e4 kuulostaisi tehd\u00e4 t\u00f6it\u00e4 terassilla, junassa tai vaikka puistossa, L\u00e4psterill\u00e4 se onnistuu. Tuotetta voidaan k\u00e4ytt\u00e4\u00e4 my\u00f6s konseptitelineen\u00e4.<\/p>\n","protected":false},"featured_media":29933,"comment_status":"open","ping_status":"closed","template":"","meta":{"_acf_changed":false},"factory":[],"free-shipment":[],"product_brand":[],"product_cat":[2491,1319],"product_tag":[],"class_list":{"0":"post-29942","1":"product","2":"type-product","3":"status-publish","4":"has-post-thumbnail","6":"product_cat-ergonomia","7":"product_cat-huonekalut","9":"first","10":"instock","11":"sale","12":"taxable","13":"shipping-taxable","14":"purchasable","15":"product-type-simple"},"acf":[],"_links":{"self":[{"href":"https:\/\/factory.sale\/fi\/wp-json\/wp\/v2\/product\/29942","targetHints":{"allow":["GET"]}}],"collection":[{"href":"https:\/\/factory.sale\/fi\/wp-json\/wp\/v2\/product"}],"about":[{"href":"https:\/\/factory.sale\/fi\/wp-json\/wp\/v2\/types\/product"}],"replies":[{"embeddable":true,"href":"https:\/\/factory.sale\/fi\/wp-json\/wp\/v2\/comments?post=29942"}],"wp:featuredmedia":[{"embeddable":true,"href":"https:\/\/factory.sale\/fi\/wp-json\/wp\/v2\/media\/29933"}],"wp:attachment":[{"href":"https:\/\/factory.sale\/fi\/wp-json\/wp\/v2\/media?parent=29942"}],"wp:term":[{"taxonomy":"factory","embeddable":true,"href":"https:\/\/factory.sale\/fi\/wp-json\/wp\/v2\/factory?post=29942"},{"taxonomy":"free-shipment","embeddable":true,"href":"https:\/\/factory.sale\/fi\/wp-json\/wp\/v2\/free-shipment?post=29942"},{"taxonomy":"product_brand","embeddable":true,"href":"https:\/\/factory.sale\/fi\/wp-json\/wp\/v2\/product_brand?post=29942"},{"taxonomy":"product_cat","embeddable":true,"href":"https:\/\/factory.sale\/fi\/wp-json\/wp\/v2\/product_cat?post=29942"},{"taxonomy":"product_tag","embeddable":true,"href":"https:\/\/factory.sale\/fi\/wp-json\/wp\/v2\/product_tag?post=29942"}],"curies":[{"name":"wp","href":"https:\/\/api.w.org\/{rel}","templated":true}]}}