{"id":29906,"date":"2023-06-26T08:29:58","date_gmt":"2023-06-26T19:03:50","guid":{"rendered":"https:\/\/factory.sale\/?post_type=product&#038;p=29906"},"modified":"2024-06-30T21:59:23","modified_gmt":"2024-06-30T21:59:23","slug":"sit-stand-tuoli","status":"publish","type":"product","link":"https:\/\/factory.sale\/fi\/tuote\/sit-stand-tuoli\/","title":{"rendered":"Sit\/stand tuoli"},"content":{"rendered":"<p><strong>Tuotekoodi: 2703<\/strong><br \/>\n<strong>EAN: 6430054933278<\/strong><\/p>\n<p>&nbsp;<\/p>\n<p>Sit\/stand tuoli sopii kaiken korkuisiin ty\u00f6pisteisiin. Vett\u00e4 ja likaa hylkiv\u00e4 polyuretaani rakenne tekee tuolista ihanteellisen vaativissa esim. teollisuustiloissa, sek\u00e4 staattisesti herkill\u00e4 alueilla. Istuin on kest\u00e4v\u00e4 ja siin\u00e4 on mukava istua. Tuoli toimitetaan sek\u00e4 liukunastoilla ett\u00e4 py\u00f6rill\u00e4, jotta se toimisi kaikissa tiloissa ja tarpeissa.<\/p>\n<p>&nbsp;<\/p>\n<p><strong>Ominaisuudet:<\/strong><\/p>\n<ul>\n<li>Kaasujousellinen korkeudens\u00e4\u00e4t\u00f6<\/li>\n<li>istuimen kaltevuuden s\u00e4\u00e4t\u00f6<\/li>\n<li>ainutlaatuinen istuinmuoto &#8211; suunniteltu mukavaksi my\u00f6s pidempiaikaiseen istumiseen<\/li>\n<\/ul>\n<p>&nbsp;<\/p>\n<p>&nbsp;<\/p>\n<p><strong>Tuotetiedot:<\/strong><\/p>\n<ul>\n<li>Musta muotoiltu polyuretaani istuin<\/li>\n<li>Kest\u00e4v\u00e4 musta ristikkojalka<\/li>\n<li>Sis\u00e4lt\u00e4\u00e4 sek\u00e4 py\u00f6r\u00e4t ett\u00e4 liukunastat<\/li>\n<li>2 vuoden rajoitettu takuu<\/li>\n<li>Maksimi painoraja 110 kg<\/li>\n<li>Korkeuss\u00e4\u00e4t\u00f6 72-98 cm<\/li>\n<li>istuimen leveys: 34 cm<\/li>\n<li>istuimen syvyys 36 cm<\/li>\n<li>selk\u00e4nojan korkeus 13cm<\/li>\n<li>Istuinkorkeus lattiasta 59-85 cm<\/li>\n<li>ristikon halkaisija 58 cm<\/li>\n<\/ul>\n","protected":false},"excerpt":{"rendered":"<p>Sit\/stand tuoli sopii kaiken korkuisiin ty\u00f6pisteisiin. Vett\u00e4 ja likaa hylkiv\u00e4 polyuretaani rakenne tekee tuolista ihanteellisen vaativissa esim. teollisuustiloissa, sek\u00e4 staattisesti herkill\u00e4 alueilla. Istuin on kest\u00e4v\u00e4 ja siin\u00e4 on mukava istua. Tuoli toimitetaan sek\u00e4 liukunastoilla ett\u00e4 py\u00f6rill\u00e4, jotta se toimisi kaikissa tiloissa ja tarpeissa.<\/p>\n","protected":false},"featured_media":29897,"comment_status":"open","ping_status":"closed","template":"","meta":{"_acf_changed":false},"factory":[],"free-shipment":[],"product_brand":[],"product_cat":[2491,1319],"product_tag":[],"class_list":{"0":"post-29906","1":"product","2":"type-product","3":"status-publish","4":"has-post-thumbnail","6":"product_cat-ergonomia","7":"product_cat-huonekalut","9":"first","10":"instock","11":"sale","12":"taxable","13":"shipping-taxable","14":"purchasable","15":"product-type-simple"},"acf":[],"_links":{"self":[{"href":"https:\/\/factory.sale\/fi\/wp-json\/wp\/v2\/product\/29906","targetHints":{"allow":["GET"]}}],"collection":[{"href":"https:\/\/factory.sale\/fi\/wp-json\/wp\/v2\/product"}],"about":[{"href":"https:\/\/factory.sale\/fi\/wp-json\/wp\/v2\/types\/product"}],"replies":[{"embeddable":true,"href":"https:\/\/factory.sale\/fi\/wp-json\/wp\/v2\/comments?post=29906"}],"wp:featuredmedia":[{"embeddable":true,"href":"https:\/\/factory.sale\/fi\/wp-json\/wp\/v2\/media\/29897"}],"wp:attachment":[{"href":"https:\/\/factory.sale\/fi\/wp-json\/wp\/v2\/media?parent=29906"}],"wp:term":[{"taxonomy":"factory","embeddable":true,"href":"https:\/\/factory.sale\/fi\/wp-json\/wp\/v2\/factory?post=29906"},{"taxonomy":"free-shipment","embeddable":true,"href":"https:\/\/factory.sale\/fi\/wp-json\/wp\/v2\/free-shipment?post=29906"},{"taxonomy":"product_brand","embeddable":true,"href":"https:\/\/factory.sale\/fi\/wp-json\/wp\/v2\/product_brand?post=29906"},{"taxonomy":"product_cat","embeddable":true,"href":"https:\/\/factory.sale\/fi\/wp-json\/wp\/v2\/product_cat?post=29906"},{"taxonomy":"product_tag","embeddable":true,"href":"https:\/\/factory.sale\/fi\/wp-json\/wp\/v2\/product_tag?post=29906"}],"curies":[{"name":"wp","href":"https:\/\/api.w.org\/{rel}","templated":true}]}}