{"id":29890,"date":"2023-06-26T08:17:51","date_gmt":"2023-06-26T08:25:07","guid":{"rendered":"https:\/\/factory.sale\/?post_type=product&#038;p=29890"},"modified":"2024-06-27T17:00:10","modified_gmt":"2024-06-27T17:00:10","slug":"tuoli-monika-soft-thermo","status":"publish","type":"product","link":"https:\/\/factory.sale\/fi\/tuote\/tuoli-monika-soft-thermo\/","title":{"rendered":"Tuoli Monika SOFT thermo"},"content":{"rendered":"<p><strong>Tuotekoodi: 7018<\/strong><br \/>\n<strong>EAN: 6430054930086<\/strong><\/p>\n<p>&nbsp;<\/p>\n<p>Monika tuolin py\u00f6re\u00e4 muoto ja mukavan pehme\u00e4 istuin tekee siit\u00e4 mukavan istua ja k\u00e4ytt\u00e4\u00e4. Tuolin rakenne on siro ja istuinosan py\u00f6re\u00e4 muoto helpottaa tuolilla istumista. Monika tuolin istuin on p\u00e4\u00e4llystetty kulutusta kest\u00e4v\u00e4ll\u00e4 kankaalla ja pehmusteena on k\u00e4ytetty thermo pehmustetta. Tuolissa on pieni alumiiniristikko ja laadukkaat py\u00f6r\u00e4t, jonka ansiosta sill\u00e4 on vaivatonta liikkua ja kevyt siirt\u00e4\u00e4 paikasta toiseen. Tuolia voi nimitt\u00e4\u00e4 &#8220;jokapaikan tuoliksi&#8221;.<\/p>\n<p><em>Monika tuolin voi my\u00f6s tilata pidemm\u00e4ll\u00e4 L- tai lyhyemm\u00e4ll\u00e4 S-jousella.<\/em><\/p>\n<p>&nbsp;<\/p>\n<p><strong>Tuotetiedot:<\/strong><\/p>\n<ul>\n<li>Istuinkorkeus vakiojousella 44 cm &#8211; 68 cm<\/li>\n<li>Kangasverhoilu<\/li>\n<li>V\u00e4ri musta<\/li>\n<li>Kankaan kest\u00e4vyys 100 000 martindaalia<\/li>\n<li>Pohja 50 cm, istuinkorkeus 44 &#8211; 68 cm<\/li>\n<li>Ristikko 50 cm<\/li>\n<li>istumakorkeus 44 &#8211; 68 cm<\/li>\n<\/ul>\n","protected":false},"excerpt":{"rendered":"<p>Monika tuolin py\u00f6re\u00e4 muoto ja mukavan pehme\u00e4 istuin tekee siit\u00e4 mukavan istua ja k\u00e4ytt\u00e4\u00e4. Tuolin rakenne on siro ja istuinosan py\u00f6re\u00e4 muoto helpottaa tuolilla istumista. Monika tuolin istuin on p\u00e4\u00e4llystetty kulutusta kest\u00e4v\u00e4ll\u00e4 kankaalla ja pehmusteena on k\u00e4ytetty thermo pehmustetta. Tuolissa on pieni alumiiniristikko ja laadukkaat py\u00f6r\u00e4t, jonka ansiosta sill\u00e4 on vaivatonta liikkua ja kevyt siirt\u00e4\u00e4 paikasta toiseen. Tuolia voi nimitt\u00e4\u00e4 &#8220;jokapaikan tuoliksi&#8221;.<\/p>\n","protected":false},"featured_media":29887,"comment_status":"open","ping_status":"closed","template":"","meta":{"_acf_changed":false},"factory":[],"free-shipment":[],"product_brand":[],"product_cat":[2489,713],"product_tag":[],"class_list":{"0":"post-29890","1":"product","2":"type-product","3":"status-publish","4":"has-post-thumbnail","6":"product_cat-ergonomics-2","7":"product_cat-furniture-2","9":"first","10":"instock","11":"sale","12":"taxable","13":"shipping-taxable","14":"purchasable","15":"product-type-simple"},"acf":[],"_links":{"self":[{"href":"https:\/\/factory.sale\/fi\/wp-json\/wp\/v2\/product\/29890","targetHints":{"allow":["GET"]}}],"collection":[{"href":"https:\/\/factory.sale\/fi\/wp-json\/wp\/v2\/product"}],"about":[{"href":"https:\/\/factory.sale\/fi\/wp-json\/wp\/v2\/types\/product"}],"replies":[{"embeddable":true,"href":"https:\/\/factory.sale\/fi\/wp-json\/wp\/v2\/comments?post=29890"}],"wp:featuredmedia":[{"embeddable":true,"href":"https:\/\/factory.sale\/fi\/wp-json\/wp\/v2\/media\/29887"}],"wp:attachment":[{"href":"https:\/\/factory.sale\/fi\/wp-json\/wp\/v2\/media?parent=29890"}],"wp:term":[{"taxonomy":"factory","embeddable":true,"href":"https:\/\/factory.sale\/fi\/wp-json\/wp\/v2\/factory?post=29890"},{"taxonomy":"free-shipment","embeddable":true,"href":"https:\/\/factory.sale\/fi\/wp-json\/wp\/v2\/free-shipment?post=29890"},{"taxonomy":"product_brand","embeddable":true,"href":"https:\/\/factory.sale\/fi\/wp-json\/wp\/v2\/product_brand?post=29890"},{"taxonomy":"product_cat","embeddable":true,"href":"https:\/\/factory.sale\/fi\/wp-json\/wp\/v2\/product_cat?post=29890"},{"taxonomy":"product_tag","embeddable":true,"href":"https:\/\/factory.sale\/fi\/wp-json\/wp\/v2\/product_tag?post=29890"}],"curies":[{"name":"wp","href":"https:\/\/api.w.org\/{rel}","templated":true}]}}