{"id":29881,"date":"2023-06-26T07:59:41","date_gmt":"2023-06-26T08:14:33","guid":{"rendered":"https:\/\/factory.sale\/?post_type=product&#038;p=29881"},"modified":"2024-06-27T19:30:09","modified_gmt":"2024-06-27T19:30:09","slug":"bermuda-tuoli-soft-pehmuste","status":"publish","type":"product","link":"https:\/\/factory.sale\/fi\/tuote\/bermuda-tuoli-soft-pehmuste\/","title":{"rendered":"Bermuda tuoli Soft- pehmuste"},"content":{"rendered":"<p><strong>SKU: 7025 (musta)<\/strong><br \/>\n<strong>EAN: 6430054930826<\/strong><\/p>\n<p>&nbsp;<\/p>\n<p><strong>SKU: 7025P (punainen)<\/strong><\/p>\n<p><strong>ENA: 6430054930154<\/strong><\/p>\n<p>&nbsp;<\/p>\n<p><strong>SKU: 7025G (keinonahka)<\/strong><\/p>\n<p><strong>EAN: 6430054930147<\/strong><\/p>\n<p>&nbsp;<\/p>\n<p>&nbsp;<\/p>\n<p>Bermuda tuoli on helppok\u00e4ytt\u00f6inen sek\u00e4 aina mukava istua ja k\u00e4ytt\u00e4\u00e4. Tuolin rakenne on siro ja istuinosan kolmiodesign helpottaa tuolilla istumista. Kolmiomalli ohjaa sel\u00e4n luonnolliseen asentoon. Bermuda tuolin istuin on p\u00e4\u00e4llystetty kulutusta kest\u00e4v\u00e4ll\u00e4 kankaalla ja pehmusteena on k\u00e4ytetty thermo pehmustetta. Tuolissa on pieni alumiiniristikko ja laadukkaat py\u00f6r\u00e4t, joiden ansiosta sill\u00e4 on vaivatonta liikkua istuttaessa ja kevyt siirt\u00e4\u00e4 paikasta toiseen. N\u00e4iden t\u00e4rkeiden seikkojen ansiosta tuolia voi nimitt\u00e4\u00e4 &#8220;jokapaikan tuoliksi&#8221;.<\/p>\n<p><em>Bermuda tuolin voi my\u00f6s tilata pidemm\u00e4ll\u00e4 L-jousell ja lyhyemm\u00e4ll\u00e4 S-jousella.<\/em><\/p>\n<p>&nbsp;<\/p>\n<p><strong>Tuotetiedot:<\/strong><\/p>\n<ul>\n<li>Tuolin istumakorkeus on vakiojousella 55-75 cm<\/li>\n<li>\u00a0Istuinosan mitat: 340 mm x 380 mm.<\/li>\n<li>Kangas: Event 64032<\/li>\n<li>kankaan kest\u00e4vyys 100.000 martindalea<\/li>\n<\/ul>\n<p>&nbsp;<\/p>\n<p>&nbsp;<\/p>\n<p><strong>Lis\u00e4varusteena saatavana:<\/strong><\/p>\n<ul>\n<li>jalkatukirengas (tuotekoodi: 7080)<\/li>\n<li>jalkas\u00e4\u00e4din(tuotekoodi: 7090)<\/li>\n<\/ul>\n<p>&nbsp;<\/p>\n","protected":false},"excerpt":{"rendered":"<p>Bermuda tuoli on helppok\u00e4ytt\u00f6inen sek\u00e4 aina mukava istua ja k\u00e4ytt\u00e4\u00e4. Tuolin rakenne on siro ja istuinosan kolmiodesign helpottaa tuolilla istumista. Kolmiomalli ohjaa sel\u00e4n luonnolliseen asentoon. Bermuda tuolin istuin on p\u00e4\u00e4llystetty kulutusta kest\u00e4v\u00e4ll\u00e4 kankaalla ja pehmusteena on k\u00e4ytetty thermo pehmustetta. Tuolissa on pieni alumiiniristikko ja laadukkaat py\u00f6r\u00e4t, joiden ansiosta sill\u00e4 on vaivatonta liikkua istuttaessa ja kevyt siirt\u00e4\u00e4 paikasta toiseen. N\u00e4iden t\u00e4rkeiden seikkojen ansiosta tuolia voi nimitt\u00e4\u00e4 &#8220;jokapaikan tuoliksi&#8221;.<\/p>\n","protected":false},"featured_media":29872,"comment_status":"open","ping_status":"closed","template":"","meta":{"_acf_changed":false},"factory":[],"free-shipment":[],"product_brand":[],"product_cat":[2491,1319],"product_tag":[],"class_list":{"0":"post-29881","1":"product","2":"type-product","3":"status-publish","4":"has-post-thumbnail","6":"product_cat-ergonomia","7":"product_cat-huonekalut","9":"first","10":"instock","11":"sale","12":"taxable","13":"shipping-taxable","14":"purchasable","15":"product-type-simple"},"acf":[],"_links":{"self":[{"href":"https:\/\/factory.sale\/fi\/wp-json\/wp\/v2\/product\/29881","targetHints":{"allow":["GET"]}}],"collection":[{"href":"https:\/\/factory.sale\/fi\/wp-json\/wp\/v2\/product"}],"about":[{"href":"https:\/\/factory.sale\/fi\/wp-json\/wp\/v2\/types\/product"}],"replies":[{"embeddable":true,"href":"https:\/\/factory.sale\/fi\/wp-json\/wp\/v2\/comments?post=29881"}],"wp:featuredmedia":[{"embeddable":true,"href":"https:\/\/factory.sale\/fi\/wp-json\/wp\/v2\/media\/29872"}],"wp:attachment":[{"href":"https:\/\/factory.sale\/fi\/wp-json\/wp\/v2\/media?parent=29881"}],"wp:term":[{"taxonomy":"factory","embeddable":true,"href":"https:\/\/factory.sale\/fi\/wp-json\/wp\/v2\/factory?post=29881"},{"taxonomy":"free-shipment","embeddable":true,"href":"https:\/\/factory.sale\/fi\/wp-json\/wp\/v2\/free-shipment?post=29881"},{"taxonomy":"product_brand","embeddable":true,"href":"https:\/\/factory.sale\/fi\/wp-json\/wp\/v2\/product_brand?post=29881"},{"taxonomy":"product_cat","embeddable":true,"href":"https:\/\/factory.sale\/fi\/wp-json\/wp\/v2\/product_cat?post=29881"},{"taxonomy":"product_tag","embeddable":true,"href":"https:\/\/factory.sale\/fi\/wp-json\/wp\/v2\/product_tag?post=29881"}],"curies":[{"name":"wp","href":"https:\/\/api.w.org\/{rel}","templated":true}]}}