{"id":29865,"date":"2023-06-26T07:48:11","date_gmt":"2023-06-26T07:55:37","guid":{"rendered":"https:\/\/factory.sale\/?post_type=product&#038;p=29865"},"modified":"2024-06-25T20:12:19","modified_gmt":"2024-06-25T20:12:19","slug":"interstuhl-everyis1-tyotuoli-niskatuella-ev119","status":"publish","type":"product","link":"https:\/\/factory.sale\/fi\/tuote\/interstuhl-everyis1-tyotuoli-niskatuella-ev119\/","title":{"rendered":"Interstuhl EVERYis1 ty\u00f6tuoli, niskatuella EV119"},"content":{"rendered":"<p><strong>SKU: EV119<\/strong><\/p>\n<p><strong>EAN: 6430054933681<\/strong><\/p>\n<p>&nbsp;<\/p>\n<p>EVERYis1 on ikoninen ty\u00f6tuoli, joka sopii l\u00e4hes jokaiselle ja muuntuu useaan ty\u00f6ymp\u00e4rist\u00f6\u00f6n. Uudessa Everyis1 mallissa on pitk\u00e4 selk\u00e4noja sek\u00e4 niskatuki. Tuoli on kokonaan verhoiltu laadukkaalla Era kankaalla. Se on muotoilun klassikko &#8211; toiminnallinen ja loistava ratkaisu ergonomiselle ty\u00f6tuolille. Tuolin korkea mukavuustaso, tyylik\u00e4s muotoilu ja laadukkaat ominaisuudet tekev\u00e4t ty\u00f6tuolista ihanteellisen vaihtoehdon l\u00e4hes kaikkiin ymp\u00e4rist\u00f6ihin. Monesti palkittu tuoli nauttii 10 vuoden laatutakuusta.<\/p>\n<p>&nbsp;<\/p>\n<p><strong>Tuotetiedot:<\/strong><\/p>\n<ul>\n<li>Tuolin korkeuss\u00e4\u00e4t\u00f6 (410 &#8211; 515 mm)<\/li>\n<li>Musta Era kangas (CSE14)<\/li>\n<li>Synkromekanism<\/li>\n<li>S\u00e4\u00e4dett\u00e4v\u00e4 keinuvastus<\/li>\n<li>Istuimen syvyys 450 mm<\/li>\n<li>Istuimen syvyydens\u00e4\u00e4t\u00f6 (+60 mm)<\/li>\n<li>Selk\u00e4nojan korkeus 715 mm<\/li>\n<li>Syvyyss\u00e4\u00e4dett\u00e4v\u00e4 ristisel\u00e4n tuki, 12 mm s\u00e4\u00e4t\u00f6<\/li>\n<li>Korkeuss\u00e4\u00e4dett\u00e4v\u00e4 ristisel\u00e4ntuki, 55 mm s\u00e4\u00e4t\u00f6<\/li>\n<li>4D k\u00e4sinojat<\/li>\n<li>65 mm renkaat<\/li>\n<li>Laadukkaat osat, 98% kierr\u00e4tett\u00e4viss\u00e4<\/li>\n<li>Laatu- ja testistandardit: EN 1335, LGA \/ GS, DIN 14001<\/li>\n<li>Ymp\u00e4rist\u00f6 sertifikaatit, mm. Bifma Platina, Blue Angel, Quality Office<\/li>\n<li>10 vuoden takuu<\/li>\n<\/ul>\n","protected":false},"excerpt":{"rendered":"<p>EVERYis1 on ikoninen ty\u00f6tuoli, joka sopii l\u00e4hes jokaiselle ja muuntuu useaan ty\u00f6ymp\u00e4rist\u00f6\u00f6n. Uudessa Everyis1 mallissa on pitk\u00e4 selk\u00e4noja sek\u00e4 niskatuki. Tuoli on kokonaan verhoiltu laadukkaalla Era kankaalla. Se on muotoilun klassikko &#8211; toiminnallinen ja loistava ratkaisu ergonomiselle ty\u00f6tuolille. Tuolin korkea mukavuustaso, tyylik\u00e4s muotoilu ja laadukkaat ominaisuudet tekev\u00e4t ty\u00f6tuolista ihanteellisen vaihtoehdon l\u00e4hes kaikkiin ymp\u00e4rist\u00f6ihin. Monesti palkittu tuoli nauttii 10 vuoden laatutakuusta.<\/p>\n","protected":false},"featured_media":29862,"comment_status":"open","ping_status":"closed","template":"","meta":{"_acf_changed":false},"factory":[],"free-shipment":[],"product_brand":[],"product_cat":[2489,713],"product_tag":[],"class_list":{"0":"post-29865","1":"product","2":"type-product","3":"status-publish","4":"has-post-thumbnail","6":"product_cat-ergonomics-2","7":"product_cat-furniture-2","9":"first","10":"instock","11":"sale","12":"taxable","13":"shipping-taxable","14":"purchasable","15":"product-type-simple"},"acf":[],"_links":{"self":[{"href":"https:\/\/factory.sale\/fi\/wp-json\/wp\/v2\/product\/29865","targetHints":{"allow":["GET"]}}],"collection":[{"href":"https:\/\/factory.sale\/fi\/wp-json\/wp\/v2\/product"}],"about":[{"href":"https:\/\/factory.sale\/fi\/wp-json\/wp\/v2\/types\/product"}],"replies":[{"embeddable":true,"href":"https:\/\/factory.sale\/fi\/wp-json\/wp\/v2\/comments?post=29865"}],"wp:featuredmedia":[{"embeddable":true,"href":"https:\/\/factory.sale\/fi\/wp-json\/wp\/v2\/media\/29862"}],"wp:attachment":[{"href":"https:\/\/factory.sale\/fi\/wp-json\/wp\/v2\/media?parent=29865"}],"wp:term":[{"taxonomy":"factory","embeddable":true,"href":"https:\/\/factory.sale\/fi\/wp-json\/wp\/v2\/factory?post=29865"},{"taxonomy":"free-shipment","embeddable":true,"href":"https:\/\/factory.sale\/fi\/wp-json\/wp\/v2\/free-shipment?post=29865"},{"taxonomy":"product_brand","embeddable":true,"href":"https:\/\/factory.sale\/fi\/wp-json\/wp\/v2\/product_brand?post=29865"},{"taxonomy":"product_cat","embeddable":true,"href":"https:\/\/factory.sale\/fi\/wp-json\/wp\/v2\/product_cat?post=29865"},{"taxonomy":"product_tag","embeddable":true,"href":"https:\/\/factory.sale\/fi\/wp-json\/wp\/v2\/product_tag?post=29865"}],"curies":[{"name":"wp","href":"https:\/\/api.w.org\/{rel}","templated":true}]}}