{"id":29847,"date":"2023-06-26T07:24:10","date_gmt":"2023-06-26T07:35:50","guid":{"rendered":"https:\/\/factory.sale\/?post_type=product&#038;p=29847"},"modified":"2024-06-27T23:15:27","modified_gmt":"2024-06-27T23:15:27","slug":"interstuhl-everyis1-tyotuoli-3","status":"publish","type":"product","link":"https:\/\/factory.sale\/fi\/tuote\/interstuhl-everyis1-tyotuoli-3\/","title":{"rendered":"Interstuhl EVERYis1 ty\u00f6tuoli"},"content":{"rendered":"<p><strong>SKU: EV217<\/strong><br \/>\n<strong>EAN: 6430054933704<\/strong><\/p>\n<p>&nbsp;<\/p>\n<p>EVERYis1 on ikoninen ty\u00f6tuoli, joka sopii l\u00e4hes jokaiselle ja muuntuu useaan ty\u00f6ymp\u00e4rist\u00f6\u00f6n. Mallisarjan uudessa versiossa on pidempi, mesh p\u00e4\u00e4llysteinen selk\u00e4tuki. Se on muotoilun klassikko &#8211; toiminnallinen ja loistava ratkaisu ergonomiselle ty\u00f6tuolille. Tuolin korkea mukavuustaso, tyylik\u00e4s muotoilu ja laadukkaat ominaisuudet tekev\u00e4t ty\u00f6tuolista ihanteellisen vaihtoehdon l\u00e4hes kaikkiin ymp\u00e4rist\u00f6ihin. Monesti palkittu tuoli nauttii 10 vuoden laatutakuusta.<\/p>\n<p>&nbsp;<\/p>\n<p><strong>Tuotetiedot:<\/strong><\/p>\n<ul>\n<li>Istuin korkeus 415 &#8211; 540 mm<\/li>\n<li>Era kangas, musta<\/li>\n<li>Synkromekanismi, lukittavissa nelj\u00e4\u00e4n asentoon.<\/li>\n<li>Istuinsyvyys s\u00e4\u00e4dett\u00e4viss\u00e4 450 &#8211; 510 mm<\/li>\n<li>Istuimen kaltevuuden s\u00e4\u00e4t\u00f6, +5.1 astetta<\/li>\n<li>Verkkoselk\u00e4noja<\/li>\n<li>Selk\u00e4nojan korkeus 730 mm<\/li>\n<li>Selk\u00e4nojan leveys (ristisel\u00e4n kohdalta) 50 cm<\/li>\n<li>Korkeuss\u00e4\u00e4dett\u00e4v\u00e4 ristisel\u00e4ntuki, s\u00e4\u00e4t\u00f6 50 mm<\/li>\n<li>4D k\u00e4sinojat<\/li>\n<li>Pehme\u00e4t 65 mm renkaat<\/li>\n<li>Laadukkaat osat, 98% kierr\u00e4tett\u00e4viss\u00e4<\/li>\n<li>Laatu- ja testistandardit: EN 1335, LGA \/ GS, DIN 14001, Blue Angel, Bifma e3 Platina<\/li>\n<li>10 vuoden takuu<\/li>\n<\/ul>\n","protected":false},"excerpt":{"rendered":"<p>EVERYis1 on ikoninen ty\u00f6tuoli, joka sopii l\u00e4hes jokaiselle ja muuntuu useaan ty\u00f6ymp\u00e4rist\u00f6\u00f6n. Mallisarjan uudessa versiossa on pidempi, mesh p\u00e4\u00e4llysteinen selk\u00e4tuki. Se on muotoilun klassikko &#8211; toiminnallinen ja loistava ratkaisu ergonomiselle ty\u00f6tuolille. Tuolin korkea mukavuustaso, tyylik\u00e4s muotoilu ja laadukkaat ominaisuudet tekev\u00e4t ty\u00f6tuolista ihanteellisen vaihtoehdon l\u00e4hes kaikkiin ymp\u00e4rist\u00f6ihin. Monesti palkittu tuoli nauttii 10 vuoden laatutakuusta.<\/p>\n","protected":false},"featured_media":29838,"comment_status":"open","ping_status":"closed","template":"","meta":{"_acf_changed":false},"factory":[],"free-shipment":[],"product_brand":[],"product_cat":[2489,713],"product_tag":[],"class_list":{"0":"post-29847","1":"product","2":"type-product","3":"status-publish","4":"has-post-thumbnail","6":"product_cat-ergonomics-2","7":"product_cat-furniture-2","9":"first","10":"instock","11":"sale","12":"taxable","13":"shipping-taxable","14":"purchasable","15":"product-type-simple"},"acf":[],"_links":{"self":[{"href":"https:\/\/factory.sale\/fi\/wp-json\/wp\/v2\/product\/29847","targetHints":{"allow":["GET"]}}],"collection":[{"href":"https:\/\/factory.sale\/fi\/wp-json\/wp\/v2\/product"}],"about":[{"href":"https:\/\/factory.sale\/fi\/wp-json\/wp\/v2\/types\/product"}],"replies":[{"embeddable":true,"href":"https:\/\/factory.sale\/fi\/wp-json\/wp\/v2\/comments?post=29847"}],"wp:featuredmedia":[{"embeddable":true,"href":"https:\/\/factory.sale\/fi\/wp-json\/wp\/v2\/media\/29838"}],"wp:attachment":[{"href":"https:\/\/factory.sale\/fi\/wp-json\/wp\/v2\/media?parent=29847"}],"wp:term":[{"taxonomy":"factory","embeddable":true,"href":"https:\/\/factory.sale\/fi\/wp-json\/wp\/v2\/factory?post=29847"},{"taxonomy":"free-shipment","embeddable":true,"href":"https:\/\/factory.sale\/fi\/wp-json\/wp\/v2\/free-shipment?post=29847"},{"taxonomy":"product_brand","embeddable":true,"href":"https:\/\/factory.sale\/fi\/wp-json\/wp\/v2\/product_brand?post=29847"},{"taxonomy":"product_cat","embeddable":true,"href":"https:\/\/factory.sale\/fi\/wp-json\/wp\/v2\/product_cat?post=29847"},{"taxonomy":"product_tag","embeddable":true,"href":"https:\/\/factory.sale\/fi\/wp-json\/wp\/v2\/product_tag?post=29847"}],"curies":[{"name":"wp","href":"https:\/\/api.w.org\/{rel}","templated":true}]}}