{"id":29798,"date":"2023-06-26T06:45:03","date_gmt":"2023-06-26T07:00:43","guid":{"rendered":"https:\/\/factory.sale\/?post_type=product&#038;p=29798"},"modified":"2024-06-28T14:35:49","modified_gmt":"2024-06-28T14:35:49","slug":"interstuhl-pureis3-dynaaminen-tyotuoli","status":"publish","type":"product","link":"https:\/\/factory.sale\/fi\/tuote\/interstuhl-pureis3-dynaaminen-tyotuoli\/","title":{"rendered":"Interstuhl PUREis3, dynaaminen ty\u00f6tuoli"},"content":{"rendered":"<p><strong>SKU: PU113<\/strong><br \/>\n<strong>EAN: 6430054932929<\/strong><\/p>\n<p>&nbsp;<\/p>\n<p>PUREis3 on dynaaminen ty\u00f6tuoli. Toisin kuin mik\u00e4\u00e4n muu ty\u00f6tuoli, PUREis3 on kehitetty aktiiviseksi ty\u00f6tuoliksi. Se sopeutuu k\u00e4ytt\u00e4j\u00e4n kehoon ja liikkeisiin vaatimatta aikaa viev\u00e4\u00e4 s\u00e4\u00e4t\u00f6\u00e4. Monimutkaisia ja raskaita mekanismeja ei en\u00e4\u00e4 tarvita. PUREis3 mahdollistaa paitsi laajan liikkumisalueen my\u00f6s sen, ett\u00e4 k\u00e4ytt\u00e4j\u00e4n istuma-asento pysyy mukavana, aktiivisena ja riitt\u00e4v\u00e4n tuettuna koko ajan.<\/p>\n<p>&nbsp;<\/p>\n<p><strong>Tuolin dynaaminen liike toimii terveytt\u00e4 edist\u00e4en ja mahdollistaa aktiivisemman istumaty\u00f6n PUREis3 edist\u00e4\u00e4 k\u00e4ytt\u00e4j\u00e4n terveytt\u00e4 kolmella tavalla:<\/strong><\/p>\n<p><strong>Aktivointi:<\/strong> PUREis3 varmistaa, ett\u00e4 istuminen ei ole koskaan staattista. Asennon muutokset pit\u00e4v\u00e4t lihakset aktiivisena, my\u00f6s jalat, lonkat ja selk\u00e4ranka liikkuvat.<\/p>\n<p><strong>Vapaus:<\/strong> PUREis3 takaa, ett\u00e4 k\u00e4ytt\u00e4j\u00e4\u00e4 ei pakoteta ep\u00e4miellytt\u00e4v\u00e4\u00e4n asentoon. Tuoli ei est\u00e4 liikett\u00e4 vaan mukautuu k\u00e4ytt\u00e4\u00e4n liikkeisiin. Liike ennaltaehk\u00e4isee tukosten synty\u00e4 ja edesauttaa verenkiertoa.<\/p>\n<p><strong>Mukavuus:<\/strong> PUREis3 antaa tukea kaikissa liikkeiss\u00e4. PUREis3 tuolia ei tarvitse juurikaan s\u00e4\u00e4t\u00e4\u00e4, se tekee t\u00e4m\u00e4n automaattisesti puolestasi.<\/p>\n<p>&nbsp;<\/p>\n<p><strong>Tuotetiedot:<\/strong><\/p>\n<ul>\n<li>Istuinsyvyys 46 cm (ei s\u00e4\u00e4dett\u00e4viss\u00e4)<\/li>\n<li>Istuinkorkeus 48 cm &#8211; 58,5 cm<\/li>\n<li>Istuimen leveys 51,5 cm<\/li>\n<li>Selk\u00e4nojan korkeus 63 cm<\/li>\n<li>Selk\u00e4nojan leveys 48 cm (alhaalta), 39 cm (ylh\u00e4\u00e4lt\u00e4)<\/li>\n<li>3D k\u00e4sinojat<\/li>\n<li>Paino 12,5 kg<\/li>\n<li>Painoraja 120 kg<\/li>\n<li>P\u00e4\u00e4llinen laadukasta Medley kangasta<\/li>\n<li>V\u00e4ri mustanharmaa<\/li>\n<li>Takuu 10 vuotta<\/li>\n<\/ul>\n<div class=\"video-wrapper \"><iframe loading=\"lazy\" title=\"Interstuhl - PUREis3 - Innovation for your health\" width=\"500\" height=\"281\" src=\"https:\/\/www.youtube.com\/embed\/t4NfYYyvzOE?feature=oembed\" frameborder=\"0\" allow=\"accelerometer; autoplay; clipboard-write; encrypted-media; gyroscope; picture-in-picture; web-share\" referrerpolicy=\"strict-origin-when-cross-origin\" allowfullscreen><\/iframe><\/div>\n","protected":false},"excerpt":{"rendered":"<p>PUREis3 on dynaaminen ty\u00f6tuoli. Toisin kuin mik\u00e4\u00e4n muu ty\u00f6tuoli, PUREis3 on kehitetty aktiiviseksi ty\u00f6tuoliksi. Se sopeutuu k\u00e4ytt\u00e4j\u00e4n kehoon ja liikkeisiin vaatimatta aikaa viev\u00e4\u00e4 s\u00e4\u00e4t\u00f6\u00e4. Monimutkaisia ja raskaita mekanismeja ei en\u00e4\u00e4 tarvita. PUREis3 mahdollistaa paitsi laajan liikkumisalueen my\u00f6s sen, ett\u00e4 k\u00e4ytt\u00e4j\u00e4n istuma-asento pysyy mukavana, aktiivisena ja riitt\u00e4v\u00e4n tuettuna koko ajan.<\/p>\n","protected":false},"featured_media":29786,"comment_status":"open","ping_status":"closed","template":"","meta":{"_acf_changed":false},"factory":[],"free-shipment":[],"product_brand":[],"product_cat":[2491,1319],"product_tag":[],"class_list":{"0":"post-29798","1":"product","2":"type-product","3":"status-publish","4":"has-post-thumbnail","6":"product_cat-ergonomia","7":"product_cat-huonekalut","9":"first","10":"instock","11":"sale","12":"taxable","13":"shipping-taxable","14":"purchasable","15":"product-type-simple"},"acf":[],"_links":{"self":[{"href":"https:\/\/factory.sale\/fi\/wp-json\/wp\/v2\/product\/29798","targetHints":{"allow":["GET"]}}],"collection":[{"href":"https:\/\/factory.sale\/fi\/wp-json\/wp\/v2\/product"}],"about":[{"href":"https:\/\/factory.sale\/fi\/wp-json\/wp\/v2\/types\/product"}],"replies":[{"embeddable":true,"href":"https:\/\/factory.sale\/fi\/wp-json\/wp\/v2\/comments?post=29798"}],"wp:featuredmedia":[{"embeddable":true,"href":"https:\/\/factory.sale\/fi\/wp-json\/wp\/v2\/media\/29786"}],"wp:attachment":[{"href":"https:\/\/factory.sale\/fi\/wp-json\/wp\/v2\/media?parent=29798"}],"wp:term":[{"taxonomy":"factory","embeddable":true,"href":"https:\/\/factory.sale\/fi\/wp-json\/wp\/v2\/factory?post=29798"},{"taxonomy":"free-shipment","embeddable":true,"href":"https:\/\/factory.sale\/fi\/wp-json\/wp\/v2\/free-shipment?post=29798"},{"taxonomy":"product_brand","embeddable":true,"href":"https:\/\/factory.sale\/fi\/wp-json\/wp\/v2\/product_brand?post=29798"},{"taxonomy":"product_cat","embeddable":true,"href":"https:\/\/factory.sale\/fi\/wp-json\/wp\/v2\/product_cat?post=29798"},{"taxonomy":"product_tag","embeddable":true,"href":"https:\/\/factory.sale\/fi\/wp-json\/wp\/v2\/product_tag?post=29798"}],"curies":[{"name":"wp","href":"https:\/\/api.w.org\/{rel}","templated":true}]}}