{"id":29780,"date":"2023-06-26T06:29:53","date_gmt":"2023-06-26T06:42:48","guid":{"rendered":"https:\/\/factory.sale\/?post_type=product&#038;p=29780"},"modified":"2024-06-27T14:19:56","modified_gmt":"2024-06-27T14:19:56","slug":"tyotuoli-kasper-comfort","status":"publish","type":"product","link":"https:\/\/factory.sale\/fi\/tuote\/tyotuoli-kasper-comfort\/","title":{"rendered":"Ty\u00f6tuoli Kasper Comfort"},"content":{"rendered":"<p><strong>Tuotekoodi: 63331<\/strong><br \/>\n<strong>EAN: 6430054931922<\/strong><\/p>\n<p>&nbsp;<\/p>\n<p>Ergonomisessa Kasper Comfort ty\u00f6tuolissa on s\u00e4\u00e4dett\u00e4v\u00e4 kallistus selk\u00e4nojassa. S\u00e4\u00e4dett\u00e4v\u00e4ll\u00e4 keinutoiminnolla voit s\u00e4\u00e4t\u00e4\u00e4 tuolin vastusta omiin liikkeisiin ja painoon sopivaksi. Selk\u00e4nojan mesh-kangas on hengitt\u00e4v\u00e4\u00e4 materiaalia ja istuin on verhoiltu kest\u00e4v\u00e4ll\u00e4 kankaalla. Ristisel\u00e4ntukea ja k\u00e4sinojia voi nostaa ja laskea. Istuimen syvyytt\u00e4 pystyy my\u00f6s s\u00e4\u00e4t\u00e4m\u00e4\u00e4n.<\/p>\n<p>Ristisel\u00e4ntuki auttaa saavuttamaan oikean istuma-asennon. Tuki ehk\u00e4isee ja v\u00e4hent\u00e4\u00e4 selk\u00e4vaivoja.<\/p>\n<p>&nbsp;<\/p>\n<p><strong>Tuotetiedot:<\/strong><\/p>\n<ul>\n<li>Istuinkorkeus 42 &#8211; 52 cm<\/li>\n<li>istuinsyvyys 49 &#8211; 55 cm (s\u00e4\u00e4dett\u00e4viss\u00e4)<\/li>\n<li>istuimen leveys 48 cm<\/li>\n<li>selk\u00e4nojan korkeus 55 cm<\/li>\n<li>Koko: 630 mm x 500 mm x 1000 mm~1100 mm<\/li>\n<li>Maksimikuormitus: 125 kg<\/li>\n<li>Verhoilu: Musta<\/li>\n<li>Selk\u00e4nojan materiaali: Verkko (mesh-kangas)<\/li>\n<li>Rungon v\u00e4ri: Tummanharmaa<\/li>\n<li>Ristikko: Musta<\/li>\n<li>Takuu: 2 vuotta<\/li>\n<li>Pakkauksen paino: 18,3 kg<\/li>\n<li>Pakkauksen koko: 72 cm x 36 cm x 64 cm<\/li>\n<\/ul>\n<p>&nbsp;<\/p>\n<p>Mik\u00e4li olet yli 190 cm pituinen on mahdollista saada tuoliin pidempi kaasujousi (53-68cm), jotta istuinkorkeus on riitt\u00e4v\u00e4.<\/p>\n","protected":false},"excerpt":{"rendered":"<p>Ergonomisessa Kasper Comfort ty\u00f6tuolissa on s\u00e4\u00e4dett\u00e4v\u00e4 kallistus selk\u00e4nojassa. S\u00e4\u00e4dett\u00e4v\u00e4ll\u00e4 keinutoiminnolla voit s\u00e4\u00e4t\u00e4\u00e4 tuolin vastusta omiin liikkeisiin ja painoon sopivaksi. Selk\u00e4nojan mesh-kangas on hengitt\u00e4v\u00e4\u00e4 materiaalia ja istuin on verhoiltu kest\u00e4v\u00e4ll\u00e4 kankaalla. Ristisel\u00e4ntukea ja k\u00e4sinojia voi nostaa ja laskea. Istuimen syvyytt\u00e4 pystyy my\u00f6s s\u00e4\u00e4t\u00e4m\u00e4\u00e4n. Ristisel\u00e4ntuki auttaa saavuttamaan oikean istuma-asennon. Tuki ehk\u00e4isee ja v\u00e4hent\u00e4\u00e4 selk\u00e4vaivoja.<\/p>\n","protected":false},"featured_media":29768,"comment_status":"open","ping_status":"closed","template":"","meta":{"_acf_changed":false},"factory":[],"free-shipment":[],"product_brand":[],"product_cat":[2491,1319],"product_tag":[],"class_list":{"0":"post-29780","1":"product","2":"type-product","3":"status-publish","4":"has-post-thumbnail","6":"product_cat-ergonomia","7":"product_cat-huonekalut","9":"first","10":"instock","11":"sale","12":"taxable","13":"shipping-taxable","14":"purchasable","15":"product-type-simple"},"acf":[],"_links":{"self":[{"href":"https:\/\/factory.sale\/fi\/wp-json\/wp\/v2\/product\/29780","targetHints":{"allow":["GET"]}}],"collection":[{"href":"https:\/\/factory.sale\/fi\/wp-json\/wp\/v2\/product"}],"about":[{"href":"https:\/\/factory.sale\/fi\/wp-json\/wp\/v2\/types\/product"}],"replies":[{"embeddable":true,"href":"https:\/\/factory.sale\/fi\/wp-json\/wp\/v2\/comments?post=29780"}],"wp:featuredmedia":[{"embeddable":true,"href":"https:\/\/factory.sale\/fi\/wp-json\/wp\/v2\/media\/29768"}],"wp:attachment":[{"href":"https:\/\/factory.sale\/fi\/wp-json\/wp\/v2\/media?parent=29780"}],"wp:term":[{"taxonomy":"factory","embeddable":true,"href":"https:\/\/factory.sale\/fi\/wp-json\/wp\/v2\/factory?post=29780"},{"taxonomy":"free-shipment","embeddable":true,"href":"https:\/\/factory.sale\/fi\/wp-json\/wp\/v2\/free-shipment?post=29780"},{"taxonomy":"product_brand","embeddable":true,"href":"https:\/\/factory.sale\/fi\/wp-json\/wp\/v2\/product_brand?post=29780"},{"taxonomy":"product_cat","embeddable":true,"href":"https:\/\/factory.sale\/fi\/wp-json\/wp\/v2\/product_cat?post=29780"},{"taxonomy":"product_tag","embeddable":true,"href":"https:\/\/factory.sale\/fi\/wp-json\/wp\/v2\/product_tag?post=29780"}],"curies":[{"name":"wp","href":"https:\/\/api.w.org\/{rel}","templated":true}]}}