{"id":29761,"date":"2023-06-26T06:11:29","date_gmt":"2023-06-26T06:26:05","guid":{"rendered":"https:\/\/factory.sale\/?post_type=product&#038;p=29761"},"modified":"2024-06-25T18:06:02","modified_gmt":"2024-06-25T18:06:02","slug":"tyotuoli-kasper-light","status":"publish","type":"product","link":"https:\/\/factory.sale\/fi\/tuote\/tyotuoli-kasper-light\/","title":{"rendered":"Ty\u00f6tuoli Kasper Light"},"content":{"rendered":"<p><strong>Tuotekoodi: 63330<\/strong><br \/>\n<strong>EAN: 6430054931915<\/strong><\/p>\n<p>&nbsp;<\/p>\n<p>Uusi ergonominen Kasper Light -toimistotuoli on hyvin rakenteellinen ja mekanismiltaan toimiva, jossa on k\u00e4ytetty korkealaatuisia komponentteja ja samanaikaisesti maksimipainorajaa on nostettu 150 kg:iin.<br \/>\nAlasel\u00e4n tuki on my\u00f6s muuttunut. P\u00e4ivitetyss\u00e4 mallissa se kattaa koko selk\u00e4nojan leveyden ja siin\u00e4 on korkeuss\u00e4\u00e4t\u00f6, mik\u00e4 tarjoaa paremman istumiskokemuksen.<br \/>\nK\u00e4sinojien pinta-ala on my\u00f6s kasvatettu. Vaikka tuki olisi integroitu, suurempi pinta-ala tarjoaa lis\u00e4mukavuutta l\u00e4hes jokaiselle k\u00e4ytt\u00e4j\u00e4lle.<\/p>\n<p>Kasper Light -toimistotuolissa on lukittava keinumekanismi, jonka vastusta voidaan s\u00e4\u00e4t\u00e4\u00e4. Selk\u00e4nojan verkkokangas on valmistettu hengitt\u00e4v\u00e4st\u00e4 materiaalista ja istuin on p\u00e4\u00e4llystetty kest\u00e4v\u00e4ll\u00e4 kankaalla.<br \/>\nSelk\u00e4tuki auttaa saavuttamaan oikean istuma-asennon. Tuki ehk\u00e4isee ja v\u00e4hent\u00e4\u00e4 selk\u00e4ongelmia.<\/p>\n<p><em>Jos olet yli 190 cm pitk\u00e4, on mahdollista saada tuoliin pidempi kaasujousi, jotta istuinkorkeus on mukava.<\/em><\/p>\n<p>&nbsp;<\/p>\n<p><strong>Tuotetiedot:<\/strong><\/p>\n<ul>\n<li>Verhoilu: Musta<\/li>\n<li>Selk\u00e4nojan materiaali: Verkko (verkkokangas)<\/li>\n<li>Rungon v\u00e4ri: Harmaa<\/li>\n<li>Jalusta: Musta<\/li>\n<li>Istuinkorkeus: 41-51 cm<\/li>\n<li>Istuinsyvyys: 49 cm<\/li>\n<li>Istuimen leveys: 48 cm<\/li>\n<li>Selk\u00e4nojan korkeus: 56 cm<\/li>\n<li>Selk\u00e4nojan leveys: 46 cm<\/li>\n<li>K\u00e4sinojan korkeus: 19 cm<\/li>\n<li>Maksimi k\u00e4ytt\u00e4j\u00e4paino: 150 kg<\/li>\n<li>Takuu: 24 kuukautta<\/li>\n<li>Selk\u00e4nojan korkeuden s\u00e4\u00e4t\u00f6: 8 cm korkeudens\u00e4\u00e4t\u00f6<\/li>\n<li>Jalustan halkaisija: 700 mm<\/li>\n<\/ul>\n","protected":false},"excerpt":{"rendered":"<p>Uusi ergonominen Kasper Light -toimistotuoli on hyvin rakenteellinen ja mekanismiltaan toimiva, jossa on k\u00e4ytetty korkealaatuisia komponentteja ja samanaikaisesti maksimipainorajaa on nostettu 150 kg:iin.<br \/>\nAlasel\u00e4n tuki on my\u00f6s muuttunut. P\u00e4ivitetyss\u00e4 mallissa se kattaa koko selk\u00e4nojan leveyden ja siin\u00e4 on korkeuss\u00e4\u00e4t\u00f6, mik\u00e4 tarjoaa paremman istumiskokemuksen.<br \/>\nK\u00e4sinojien pinta-ala on my\u00f6s kasvatettu. Vaikka tuki olisi integroitu, suurempi pinta-ala tarjoaa lis\u00e4mukavuutta l\u00e4hes jokaiselle k\u00e4ytt\u00e4j\u00e4lle.<\/p>\n","protected":false},"featured_media":33725,"comment_status":"open","ping_status":"closed","template":"","meta":{"_acf_changed":false},"factory":[],"free-shipment":[],"product_brand":[],"product_cat":[2489,713],"product_tag":[],"class_list":{"0":"post-29761","1":"product","2":"type-product","3":"status-publish","4":"has-post-thumbnail","6":"product_cat-ergonomics-2","7":"product_cat-furniture-2","9":"first","10":"instock","11":"sale","12":"taxable","13":"shipping-taxable","14":"purchasable","15":"product-type-simple"},"acf":[],"_links":{"self":[{"href":"https:\/\/factory.sale\/fi\/wp-json\/wp\/v2\/product\/29761","targetHints":{"allow":["GET"]}}],"collection":[{"href":"https:\/\/factory.sale\/fi\/wp-json\/wp\/v2\/product"}],"about":[{"href":"https:\/\/factory.sale\/fi\/wp-json\/wp\/v2\/types\/product"}],"replies":[{"embeddable":true,"href":"https:\/\/factory.sale\/fi\/wp-json\/wp\/v2\/comments?post=29761"}],"wp:featuredmedia":[{"embeddable":true,"href":"https:\/\/factory.sale\/fi\/wp-json\/wp\/v2\/media\/33725"}],"wp:attachment":[{"href":"https:\/\/factory.sale\/fi\/wp-json\/wp\/v2\/media?parent=29761"}],"wp:term":[{"taxonomy":"factory","embeddable":true,"href":"https:\/\/factory.sale\/fi\/wp-json\/wp\/v2\/factory?post=29761"},{"taxonomy":"free-shipment","embeddable":true,"href":"https:\/\/factory.sale\/fi\/wp-json\/wp\/v2\/free-shipment?post=29761"},{"taxonomy":"product_brand","embeddable":true,"href":"https:\/\/factory.sale\/fi\/wp-json\/wp\/v2\/product_brand?post=29761"},{"taxonomy":"product_cat","embeddable":true,"href":"https:\/\/factory.sale\/fi\/wp-json\/wp\/v2\/product_cat?post=29761"},{"taxonomy":"product_tag","embeddable":true,"href":"https:\/\/factory.sale\/fi\/wp-json\/wp\/v2\/product_tag?post=29761"}],"curies":[{"name":"wp","href":"https:\/\/api.w.org\/{rel}","templated":true}]}}