{"id":29743,"date":"2023-06-26T05:55:44","date_gmt":"2023-06-26T06:09:36","guid":{"rendered":"https:\/\/factory.sale\/?post_type=product&#038;p=29743"},"modified":"2024-06-26T16:17:14","modified_gmt":"2024-06-26T16:17:14","slug":"getupsit-aktiivituoli-kangas-musta","status":"publish","type":"product","link":"https:\/\/factory.sale\/fi\/tuote\/getupsit-aktiivituoli-kangas-musta\/","title":{"rendered":"GetUpSit aktiivituoli, kangas, musta"},"content":{"rendered":"<p><strong>Tuotekoodi: 3002<\/strong><br \/>\n<strong>EAN: 6430054931687<\/strong><\/p>\n<p>&nbsp;<\/p>\n<p>GetUpSit &#8211; aktiivituoli luo dynaamisen, terveellisen ja innovatiivisen tavan istua hyv\u00e4ss\u00e4 ryhdiss\u00e4. Tuolin keinuvan painojalan ansiosta saat automaattisesti aktiivisen liikkeen istuessasi. Kuminen pohja takaa hyv\u00e4n pidon, eik\u00e4 tuoli karkaa istujan alta. GetUpSit istuin on mukavasti pehmustettu sek\u00e4 sen kolmiomuotoinen istuinosa ohjaa luonnollisesti hyv\u00e4\u00e4n istumaryhtiin. Istumakorkeutta saa s\u00e4\u00e4detty\u00e4 kolmiomuotoisen istuinosan kolmesta eri kohdasta. Tuoli soveltuu mainiosti s\u00e4\u00e4dett\u00e4vien p\u00f6ytien kanssa k\u00e4ytett\u00e4v\u00e4ksi, kokoustiloissa, keitt\u00f6iss\u00e4, kotona, yliopistoissa\/kouluissa, lastentarhoissa ja kaikkialla miss\u00e4 istutaan.<\/p>\n<p>&nbsp;<\/p>\n<p><strong>Tuotetiedot:<\/strong><\/p>\n<ul>\n<li>Tuotenumero: 3002<\/li>\n<li>V\u00e4ri: musta kangas<\/li>\n<li>Istumakorkeus: 62-87 cm<\/li>\n<li>Lattiapaino 33 cm<\/li>\n<li>Mitat. L330 x S300 x K630mm<\/li>\n<li>S\u00e4\u00e4dett\u00e4v\u00e4 korkeus: 620 mm &#8211; 870 mm<\/li>\n<li>Paino: 10 kg<\/li>\n<li>Painoraja: 125 kg<\/li>\n<li>Takuu: 2 vuotta<\/li>\n<li>Tullinimike: 9401710000<\/li>\n<li>Pakkauksen paino: 12,2 kg<\/li>\n<li>Pakkauksen mitat: 72 cm x 41,5 cm x 21 cm<\/li>\n<\/ul>\n","protected":false},"excerpt":{"rendered":"<p>GetUpSit &#8211; aktiivituoli luo dynaamisen, terveellisen ja innovatiivisen tavan istua hyv\u00e4ss\u00e4 ryhdiss\u00e4. Tuolin keinuvan painojalan ansiosta saat automaattisesti aktiivisen liikkeen istuessasi. Kuminen pohja takaa hyv\u00e4n pidon, eik\u00e4 tuoli karkaa istujan alta. GetUpSit istuin on mukavasti pehmustettu sek\u00e4 sen kolmiomuotoinen istuinosa ohjaa luonnollisesti hyv\u00e4\u00e4n istumaryhtiin. Istumakorkeutta saa s\u00e4\u00e4detty\u00e4 kolmiomuotoisen istuinosan kolmesta eri kohdasta. Tuoli soveltuu mainiosti s\u00e4\u00e4dett\u00e4vien p\u00f6ytien kanssa k\u00e4ytett\u00e4v\u00e4ksi, kokoustiloissa, keitt\u00f6iss\u00e4, kotona, yliopistoissa\/kouluissa, lastentarhoissa ja kaikkialla miss\u00e4 istutaan.<\/p>\n","protected":false},"featured_media":29728,"comment_status":"open","ping_status":"closed","template":"","meta":{"_acf_changed":false},"factory":[],"free-shipment":[],"product_brand":[],"product_cat":[2491,1319],"product_tag":[],"class_list":{"0":"post-29743","1":"product","2":"type-product","3":"status-publish","4":"has-post-thumbnail","6":"product_cat-ergonomia","7":"product_cat-huonekalut","9":"first","10":"instock","11":"sale","12":"taxable","13":"shipping-taxable","14":"purchasable","15":"product-type-simple"},"acf":[],"_links":{"self":[{"href":"https:\/\/factory.sale\/fi\/wp-json\/wp\/v2\/product\/29743","targetHints":{"allow":["GET"]}}],"collection":[{"href":"https:\/\/factory.sale\/fi\/wp-json\/wp\/v2\/product"}],"about":[{"href":"https:\/\/factory.sale\/fi\/wp-json\/wp\/v2\/types\/product"}],"replies":[{"embeddable":true,"href":"https:\/\/factory.sale\/fi\/wp-json\/wp\/v2\/comments?post=29743"}],"wp:featuredmedia":[{"embeddable":true,"href":"https:\/\/factory.sale\/fi\/wp-json\/wp\/v2\/media\/29728"}],"wp:attachment":[{"href":"https:\/\/factory.sale\/fi\/wp-json\/wp\/v2\/media?parent=29743"}],"wp:term":[{"taxonomy":"factory","embeddable":true,"href":"https:\/\/factory.sale\/fi\/wp-json\/wp\/v2\/factory?post=29743"},{"taxonomy":"free-shipment","embeddable":true,"href":"https:\/\/factory.sale\/fi\/wp-json\/wp\/v2\/free-shipment?post=29743"},{"taxonomy":"product_brand","embeddable":true,"href":"https:\/\/factory.sale\/fi\/wp-json\/wp\/v2\/product_brand?post=29743"},{"taxonomy":"product_cat","embeddable":true,"href":"https:\/\/factory.sale\/fi\/wp-json\/wp\/v2\/product_cat?post=29743"},{"taxonomy":"product_tag","embeddable":true,"href":"https:\/\/factory.sale\/fi\/wp-json\/wp\/v2\/product_tag?post=29743"}],"curies":[{"name":"wp","href":"https:\/\/api.w.org\/{rel}","templated":true}]}}