{"id":29722,"date":"2023-06-25T22:38:54","date_gmt":"2023-06-25T22:50:53","guid":{"rendered":"https:\/\/factory.sale\/?post_type=product&#038;p=29722"},"modified":"2024-06-27T21:44:11","modified_gmt":"2024-06-27T21:44:11","slug":"getupball-toimistopallo","status":"publish","type":"product","link":"https:\/\/factory.sale\/fi\/tuote\/getupball-toimistopallo\/","title":{"rendered":"GetUpBall Toimistopallo"},"content":{"rendered":"<p><strong>Tuotekoodi: 27880<\/strong><br \/>\n<strong>EAN: 6430054931670<\/strong><\/p>\n<p>&nbsp;<\/p>\n<p>GetUpBall on ergonominen toimistopallo. GetUpBall vahvistaa keskivartalon, sel\u00e4n ja jalkojen lihaksia samalla kun sen p\u00e4\u00e4ll\u00e4 istutaan ja ty\u00f6skennell\u00e4\u00e4n.<\/p>\n<p>GetUpBall lis\u00e4\u00e4 tasapainottelua istumisessa, joka johtaa ryhdin paranemiseen. Mukana toimitetaan ilmapumppu. P\u00e4\u00e4llinen on irrotettavissa ja voidaan puhdistaa pyyhkim\u00e4ll\u00e4, voidaan pest\u00e4 hell\u00e4varaisesti my\u00f6s k\u00e4sin.<\/p>\n<p><strong>M-koko:<\/strong> Halkaisija 65cm, sopii alle 170 cm pituisille<\/p>\n","protected":false},"excerpt":{"rendered":"<p>GetUpBall on ergonominen toimistopallo. GetUpBall vahvistaa keskivartalon, sel\u00e4n ja jalkojen lihaksia samalla kun sen p\u00e4\u00e4ll\u00e4 istutaan ja ty\u00f6skennell\u00e4\u00e4n.\u00a0GetUpBall lis\u00e4\u00e4 tasapainottelua istumisessa, joka johtaa ryhdin paranemiseen. Mukana toimitetaan ilmapumppu. P\u00e4\u00e4llinen on irrotettavissa ja voidaan puhdistaa pyyhkim\u00e4ll\u00e4, voidaan pest\u00e4 hell\u00e4varaisesti my\u00f6s k\u00e4sin.<\/p>\n","protected":false},"featured_media":29713,"comment_status":"open","ping_status":"closed","template":"","meta":{"_acf_changed":false},"factory":[],"free-shipment":[],"product_brand":[],"product_cat":[2491,1319],"product_tag":[],"class_list":{"0":"post-29722","1":"product","2":"type-product","3":"status-publish","4":"has-post-thumbnail","6":"product_cat-ergonomia","7":"product_cat-huonekalut","9":"first","10":"instock","11":"sale","12":"taxable","13":"shipping-taxable","14":"purchasable","15":"product-type-simple"},"acf":[],"_links":{"self":[{"href":"https:\/\/factory.sale\/fi\/wp-json\/wp\/v2\/product\/29722","targetHints":{"allow":["GET"]}}],"collection":[{"href":"https:\/\/factory.sale\/fi\/wp-json\/wp\/v2\/product"}],"about":[{"href":"https:\/\/factory.sale\/fi\/wp-json\/wp\/v2\/types\/product"}],"replies":[{"embeddable":true,"href":"https:\/\/factory.sale\/fi\/wp-json\/wp\/v2\/comments?post=29722"}],"wp:featuredmedia":[{"embeddable":true,"href":"https:\/\/factory.sale\/fi\/wp-json\/wp\/v2\/media\/29713"}],"wp:attachment":[{"href":"https:\/\/factory.sale\/fi\/wp-json\/wp\/v2\/media?parent=29722"}],"wp:term":[{"taxonomy":"factory","embeddable":true,"href":"https:\/\/factory.sale\/fi\/wp-json\/wp\/v2\/factory?post=29722"},{"taxonomy":"free-shipment","embeddable":true,"href":"https:\/\/factory.sale\/fi\/wp-json\/wp\/v2\/free-shipment?post=29722"},{"taxonomy":"product_brand","embeddable":true,"href":"https:\/\/factory.sale\/fi\/wp-json\/wp\/v2\/product_brand?post=29722"},{"taxonomy":"product_cat","embeddable":true,"href":"https:\/\/factory.sale\/fi\/wp-json\/wp\/v2\/product_cat?post=29722"},{"taxonomy":"product_tag","embeddable":true,"href":"https:\/\/factory.sale\/fi\/wp-json\/wp\/v2\/product_tag?post=29722"}],"curies":[{"name":"wp","href":"https:\/\/api.w.org\/{rel}","templated":true}]}}