{"id":29707,"date":"2023-06-25T22:19:47","date_gmt":"2023-06-25T22:34:28","guid":{"rendered":"https:\/\/factory.sale\/?post_type=product&#038;p=29707"},"modified":"2024-06-29T14:09:21","modified_gmt":"2024-06-29T14:09:21","slug":"aktiivituoli-hanna-aktiivi-istuimella","status":"publish","type":"product","link":"https:\/\/factory.sale\/fi\/tuote\/aktiivituoli-hanna-aktiivi-istuimella\/","title":{"rendered":"Aktiivituoli Hanna aktiivi istuimella"},"content":{"rendered":"<p><strong>Tuotekoodi: 7081<\/strong><br \/>\n<strong>EAN: 6430054931267<\/strong><\/p>\n<p>&nbsp;<\/p>\n<p>&nbsp;<\/p>\n<p>Hanna- aktiivituolin istuimen halkaisija on 39 cm. Hanna tuolilla istut aktiivisesti normaalikorkeudella, ei vaadi s\u00e4\u00e4dett\u00e4v\u00e4\u00e4 p\u00f6yt\u00e4\u00e4. Tuoli sopii k\u00e4ytett\u00e4v\u00e4ksi l\u00e4hes kaikkialla,t\u00f6iss\u00e4 kotona tai miss\u00e4 vaan miss\u00e4 tahdot aktiivisempaa ja terveellisemp\u00e4\u00e4 istumista. Istut ja liikut vapaasti, jolloin verenkierto paranee ja olet virke\u00e4mpi. Selk\u00e4 saa tarvittavaa liikett\u00e4, jolloin ennaltaehk\u00e4ist\u00e4\u00e4n ja v\u00e4hennet\u00e4\u00e4n selk\u00e4vaivoja. Istuin tuo tasapainoefektin, jolla vahvistat selk\u00e4\u00e4 ja syvi\u00e4 vatsalihaksia istuessasi. Istuin on p\u00e4\u00e4llystetty helposti puhtaana pidett\u00e4v\u00e4ll\u00e4 ja kest\u00e4v\u00e4ll\u00e4 Gabriella kankaalla. Tuolin rakenne ja istuinosan py\u00f6re\u00e4 muoto helpottaa tuolilla istumista. Kest\u00e4v\u00e4 alumiiniristikko sek\u00e4 py\u00f6re\u00e4 kaasujousen ohjaustanko tekee tuolista helposti s\u00e4\u00e4dett\u00e4v\u00e4n, sek\u00e4 nopean ja turvallisen k\u00e4ytt\u00e4\u00e4. Vaivatonta liikkumista istuessa ja kevyt siirt\u00e4\u00e4 paikasta toiseen. Tuolia voi nimitt\u00e4\u00e4 &#8220;jokapaikan tuoliksi&#8221;.<\/p>\n<p>Hanna tuolissa on vapaasti py\u00f6riv\u00e4t laadukkaat py\u00f6r\u00e4t (tilattavissa mekaaniset jarrupy\u00f6r\u00e4t, tuotenumero: 2799)<\/p>\n<p>Tuolin voi tilata my\u00f6s pidemm\u00e4ll\u00e4 L- tai lyhyemm\u00e4ll\u00e4 S-kaasujousella.<\/p>\n<p>&nbsp;<\/p>\n<p><strong>Tuotetiedot:<\/strong><\/p>\n<ul>\n<li>Tuolin istumakorkeus vakiojousella: \u00a058-76 cm<\/li>\n<li>Kangasverhoilu<\/li>\n<li>V\u00e4ri musta<\/li>\n<li>Gabrielle kangas (kest\u00e4vyys 130.000 martindalea)<\/li>\n<li>Ristikko: 50 cm<\/li>\n<\/ul>\n<p>&nbsp;<\/p>\n<p>&nbsp;<\/p>\n<p><strong>Lis\u00e4varusteena tilattavissa:<\/strong><\/p>\n<ul>\n<li>7080 Jalkatukirengas<\/li>\n<li>7090 jalkas\u00e4\u00e4din<\/li>\n<\/ul>\n<p>&nbsp;<\/p>\n","protected":false},"excerpt":{"rendered":"<p>Hanna- aktiivituolin istuimen halkaisija on 39 cm. Hanna tuolilla istut aktiivisesti normaalikorkeudella, ei vaadi s\u00e4\u00e4dett\u00e4v\u00e4\u00e4 p\u00f6yt\u00e4\u00e4. Tuoli sopii k\u00e4ytett\u00e4v\u00e4ksi l\u00e4hes kaikkialla,t\u00f6iss\u00e4 kotona tai miss\u00e4 vaan miss\u00e4 tahdot aktiivisempaa ja terveellisemp\u00e4\u00e4 istumista. Istut ja liikut vapaasti, jolloin verenkierto paranee ja olet virke\u00e4mpi. Selk\u00e4 saa tarvittavaa liikett\u00e4, jolloin ennaltaehk\u00e4ist\u00e4\u00e4n ja v\u00e4hennet\u00e4\u00e4n selk\u00e4vaivoja. Istuin tuo tasapainoefektin, jolla vahvistat selk\u00e4\u00e4 ja syvi\u00e4 vatsalihaksia istuessasi. Istuin on p\u00e4\u00e4llystetty helposti puhtaana pidett\u00e4v\u00e4ll\u00e4 ja kest\u00e4v\u00e4ll\u00e4 Gabriella kankaalla. Tuolin rakenne ja istuinosan py\u00f6re\u00e4 muoto helpottaa tuolilla istumista. Kest\u00e4v\u00e4 alumiiniristikko sek\u00e4 py\u00f6re\u00e4 kaasujousen ohjaustanko tekee tuolista helposti s\u00e4\u00e4dett\u00e4v\u00e4n, sek\u00e4 nopean ja turvallisen k\u00e4ytt\u00e4\u00e4. Vaivatonta liikkumista istuessa ja kevyt siirt\u00e4\u00e4 paikasta toiseen. Tuolia voi nimitt\u00e4\u00e4 &#8220;jokapaikan tuoliksi&#8221;.<\/p>\n","protected":false},"featured_media":29703,"comment_status":"open","ping_status":"closed","template":"","meta":{"_acf_changed":false},"factory":[],"free-shipment":[],"product_brand":[],"product_cat":[2491,1319],"product_tag":[],"class_list":{"0":"post-29707","1":"product","2":"type-product","3":"status-publish","4":"has-post-thumbnail","6":"product_cat-ergonomia","7":"product_cat-huonekalut","9":"first","10":"instock","11":"sale","12":"taxable","13":"shipping-taxable","14":"purchasable","15":"product-type-simple"},"acf":[],"_links":{"self":[{"href":"https:\/\/factory.sale\/fi\/wp-json\/wp\/v2\/product\/29707","targetHints":{"allow":["GET"]}}],"collection":[{"href":"https:\/\/factory.sale\/fi\/wp-json\/wp\/v2\/product"}],"about":[{"href":"https:\/\/factory.sale\/fi\/wp-json\/wp\/v2\/types\/product"}],"replies":[{"embeddable":true,"href":"https:\/\/factory.sale\/fi\/wp-json\/wp\/v2\/comments?post=29707"}],"wp:featuredmedia":[{"embeddable":true,"href":"https:\/\/factory.sale\/fi\/wp-json\/wp\/v2\/media\/29703"}],"wp:attachment":[{"href":"https:\/\/factory.sale\/fi\/wp-json\/wp\/v2\/media?parent=29707"}],"wp:term":[{"taxonomy":"factory","embeddable":true,"href":"https:\/\/factory.sale\/fi\/wp-json\/wp\/v2\/factory?post=29707"},{"taxonomy":"free-shipment","embeddable":true,"href":"https:\/\/factory.sale\/fi\/wp-json\/wp\/v2\/free-shipment?post=29707"},{"taxonomy":"product_brand","embeddable":true,"href":"https:\/\/factory.sale\/fi\/wp-json\/wp\/v2\/product_brand?post=29707"},{"taxonomy":"product_cat","embeddable":true,"href":"https:\/\/factory.sale\/fi\/wp-json\/wp\/v2\/product_cat?post=29707"},{"taxonomy":"product_tag","embeddable":true,"href":"https:\/\/factory.sale\/fi\/wp-json\/wp\/v2\/product_tag?post=29707"}],"curies":[{"name":"wp","href":"https:\/\/api.w.org\/{rel}","templated":true}]}}