{"id":29696,"date":"2023-06-25T21:58:36","date_gmt":"2023-06-25T22:16:32","guid":{"rendered":"https:\/\/factory.sale\/?post_type=product&#038;p=29696"},"modified":"2024-06-27T13:41:49","modified_gmt":"2024-06-27T13:41:49","slug":"air-balance-aktiivituoli","status":"publish","type":"product","link":"https:\/\/factory.sale\/fi\/tuote\/air-balance-aktiivituoli\/","title":{"rendered":"Air Balance aktiivituoli"},"content":{"rendered":"<p><strong>SKU: 3000 (musta)<\/strong><br \/>\n<strong>EAN: 6430054930130<\/strong><\/p>\n<p><strong>SKU: 3000P (punainen)<\/strong><br \/>\n<strong>EAN: 6430054931014<\/strong><\/p>\n<p>&nbsp;<\/p>\n<p>Air Balance aktiivituoli lis\u00e4\u00e4 liikett\u00e4 istumiseen.<\/p>\n<p>Air Balance tuolilla istut aktiivisesti normaalikorkeudella, ei vaadi korkeuss\u00e4\u00e4dett\u00e4v\u00e4\u00e4 p\u00f6yt\u00e4\u00e4. Voit my\u00f6s helposti irrottaa istuintyynyn tuolista (tarrakiinnityksell\u00e4) ja ottaa istuinosan mukaan vaikka kokoukseen, junaan tai kotiin. Voit paremmin kun k\u00e4yt\u00e4t Air Balance ty\u00f6tuolia, koska istut ja liikut vapaasti &#8211; verenkierto aktivoituu ja olet virke\u00e4mpi. Syv\u00e4t vatsalihakset aktivoituvat, kun joudut tasapainoilemaan istuessasi. Selk\u00e4 saa tarvittavaa liikett\u00e4, jolloin ennaltaehk\u00e4ist\u00e4\u00e4n ja v\u00e4hennet\u00e4\u00e4n selk\u00e4vaivoja. Istuin on p\u00e4\u00e4llystetty helposti puhtaana pidett\u00e4v\u00e4ll\u00e4 ja kest\u00e4v\u00e4ll\u00e4 Gabriella kankaalla. Kankaan kest\u00e4vyys 130.000 martindalea.<\/p>\n<p>Tuolin rakenne on siro ja istuinosan py\u00f6re\u00e4 muoto helpottaa tuolilla istumista ja mahdollistaa asentojen vaihtelun. Siro ja kest\u00e4v\u00e4 alumiiniristikko sek\u00e4 py\u00f6re\u00e4 kaasujousen ohjaustanko tekee tuolista helposti s\u00e4\u00e4dett\u00e4v\u00e4n sek\u00e4 nopean ja turvallisen k\u00e4ytt\u00e4\u00e4. Istuttaessa liikkuminen on vaivatonta. Tuoli on kevyt siirt\u00e4\u00e4 paikasta toiseen.<\/p>\n<p>Tuolia voi nimitt\u00e4\u00e4 &#8220;jokapaikan tuoliksi&#8221;.<\/p>\n<p>Air Balance tuolissa vapaasti py\u00f6riv\u00e4t laadukkaat py\u00f6r\u00e4t.<\/p>\n<p>&nbsp;<\/p>\n<p><strong>Tuotetiedot:<\/strong><\/p>\n<ul>\n<li>Tuolin istumakorkeus vakiojousella on 54 cm &#8211; 74 cm.<\/li>\n<li>Ristikko 50 cm<\/li>\n<li>Istuimen halkaisija 33 cm<\/li>\n<li>Air Balance tuolin voi my\u00f6s tilata pidemm\u00e4ll\u00e4 L- tai lyhyemm\u00e4ll\u00e4 S-jousella.<\/li>\n<li>V\u00e4ri: punainen kangasverhoilu (Gabrielle kankaan kest\u00e4vyys 130 000 martindalea<\/li>\n<li>Takuu 2 vuotta<\/li>\n<\/ul>\n","protected":false},"excerpt":{"rendered":"<p>Air Balance aktiivituoli lis\u00e4\u00e4 liikett\u00e4 istumiseen.<\/p>\n<p>Air Balance tuolilla istut aktiivisesti normaalikorkeudella, ei vaadi korkeuss\u00e4\u00e4dett\u00e4v\u00e4\u00e4 p\u00f6yt\u00e4\u00e4. Voit my\u00f6s helposti irrottaa istuintyynyn tuolista (tarrakiinnityksell\u00e4) ja ottaa istuinosan mukaan vaikka kokoukseen, junaan tai kotiin. Voit paremmin kun k\u00e4yt\u00e4t Air Balance ty\u00f6tuolia, koska istut ja liikut vapaasti &#8211; verenkierto aktivoituu ja olet virke\u00e4mpi. Syv\u00e4t vatsalihakset aktivoituvat, kun joudut tasapainoilemaan istuessasi. Selk\u00e4 saa tarvittavaa liikett\u00e4, jolloin ennaltaehk\u00e4ist\u00e4\u00e4n ja v\u00e4hennet\u00e4\u00e4n selk\u00e4vaivoja. Istuin on p\u00e4\u00e4llystetty helposti puhtaana pidett\u00e4v\u00e4ll\u00e4 ja kest\u00e4v\u00e4ll\u00e4 Gabriella kankaalla. Kankaan kest\u00e4vyys 130.000 martindalea.<\/p>\n","protected":false},"featured_media":29690,"comment_status":"open","ping_status":"closed","template":"","meta":{"_acf_changed":false},"factory":[],"free-shipment":[],"product_brand":[],"product_cat":[2491,1319],"product_tag":[],"class_list":{"0":"post-29696","1":"product","2":"type-product","3":"status-publish","4":"has-post-thumbnail","6":"product_cat-ergonomia","7":"product_cat-huonekalut","9":"first","10":"instock","11":"sale","12":"taxable","13":"shipping-taxable","14":"purchasable","15":"product-type-simple"},"acf":[],"_links":{"self":[{"href":"https:\/\/factory.sale\/fi\/wp-json\/wp\/v2\/product\/29696","targetHints":{"allow":["GET"]}}],"collection":[{"href":"https:\/\/factory.sale\/fi\/wp-json\/wp\/v2\/product"}],"about":[{"href":"https:\/\/factory.sale\/fi\/wp-json\/wp\/v2\/types\/product"}],"replies":[{"embeddable":true,"href":"https:\/\/factory.sale\/fi\/wp-json\/wp\/v2\/comments?post=29696"}],"wp:featuredmedia":[{"embeddable":true,"href":"https:\/\/factory.sale\/fi\/wp-json\/wp\/v2\/media\/29690"}],"wp:attachment":[{"href":"https:\/\/factory.sale\/fi\/wp-json\/wp\/v2\/media?parent=29696"}],"wp:term":[{"taxonomy":"factory","embeddable":true,"href":"https:\/\/factory.sale\/fi\/wp-json\/wp\/v2\/factory?post=29696"},{"taxonomy":"free-shipment","embeddable":true,"href":"https:\/\/factory.sale\/fi\/wp-json\/wp\/v2\/free-shipment?post=29696"},{"taxonomy":"product_brand","embeddable":true,"href":"https:\/\/factory.sale\/fi\/wp-json\/wp\/v2\/product_brand?post=29696"},{"taxonomy":"product_cat","embeddable":true,"href":"https:\/\/factory.sale\/fi\/wp-json\/wp\/v2\/product_cat?post=29696"},{"taxonomy":"product_tag","embeddable":true,"href":"https:\/\/factory.sale\/fi\/wp-json\/wp\/v2\/product_tag?post=29696"}],"curies":[{"name":"wp","href":"https:\/\/api.w.org\/{rel}","templated":true}]}}