{"id":29684,"date":"2023-06-25T18:23:43","date_gmt":"2023-06-25T18:35:19","guid":{"rendered":"https:\/\/factory.sale\/?post_type=product&#038;p=29684"},"modified":"2024-06-27T21:32:10","modified_gmt":"2024-06-27T21:32:10","slug":"active-balance-360-ergo-tuoli-musta","status":"publish","type":"product","link":"https:\/\/factory.sale\/fi\/tuote\/active-balance-360-ergo-tuoli-musta\/","title":{"rendered":"Active Balance 360 Ergo-Tuoli, musta"},"content":{"rendered":"<p><strong>Tuotekoodi: 2702<\/strong><br \/>\n<strong>EAN: 739186146218<\/strong><\/p>\n<p>&nbsp;<\/p>\n<p>Aktiivisella istumisella on hyv\u00e4t terveydelliset vaikutukset. Istuinosa liikkuu 360 astetta. Syv\u00e4t vatsa- ja selk\u00e4lihakset aktivoituvat, kun istuin kallistuu liikkeest\u00e4. Selk\u00e4 saa tarvittavaa liikett\u00e4, jolloin ennaltaehk\u00e4ist\u00e4\u00e4n ja v\u00e4hennet\u00e4\u00e4n selk\u00e4vaivoja sek\u00e4 parannetaan verenkiertoa ja aineenvaihduntaa. Istuimessa on muotoutuva thermopehmuste, joka on p\u00e4\u00e4llystetty helposti puhtaana pidett\u00e4v\u00e4ll\u00e4 ja kest\u00e4v\u00e4ll\u00e4 kankaalla.<\/p>\n<p>&nbsp;<\/p>\n<p><strong>Tuotetiedot:<\/strong><\/p>\n<ul>\n<li>Py\u00f6r\u00e4t: mekaaniset jarrupy\u00f6r\u00e4t.<\/li>\n<li>Kangas: kest\u00e4v\u00e4 kangas,100% polyester,ia hankauskest\u00e4vyys 100.000 martindalea<\/li>\n<li>sis.mekaaniset jarrupy\u00f6r\u00e4t<\/li>\n<li>V\u00e4ri: musta<\/li>\n<li>Takuu 2 vuotta<\/li>\n<li>Kromiristikko 500 mm<\/li>\n<li>Istuimen vakiona on S-kaasujousi<\/li>\n<li>s\u00e4\u00e4t\u00f6vara 53 cm &#8211; 68 cm<\/li>\n<li>Saatavana my\u00f6s pidemm\u00e4ll\u00e4 kaasujousella<\/li>\n<li>t\u00e4st\u00e4 on ilmoitettava tilauksen yhteydess\u00e4<\/li>\n<li>Istuimen halkaisija on 39 cm<\/li>\n<\/ul>\n","protected":false},"excerpt":{"rendered":"<p>Aktiivisella istumisella on hyv\u00e4t terveydelliset vaikutukset. Istuinosa liikkuu 360 astetta. Syv\u00e4t vatsa- ja selk\u00e4lihakset aktivoituvat, kun istuin kallistuu liikkeest\u00e4. Selk\u00e4 saa tarvittavaa liikett\u00e4, jolloin ennaltaehk\u00e4ist\u00e4\u00e4n ja v\u00e4hennet\u00e4\u00e4n selk\u00e4vaivoja sek\u00e4 parannetaan verenkiertoa ja aineenvaihduntaa. Istuimessa on muotoutuva thermopehmuste, joka on p\u00e4\u00e4llystetty helposti puhtaana pidett\u00e4v\u00e4ll\u00e4 ja kest\u00e4v\u00e4ll\u00e4 kankaalla.<\/p>\n","protected":false},"featured_media":29678,"comment_status":"open","ping_status":"closed","template":"","meta":{"_acf_changed":false},"factory":[],"free-shipment":[],"product_brand":[],"product_cat":[2491,1319],"product_tag":[],"class_list":{"0":"post-29684","1":"product","2":"type-product","3":"status-publish","4":"has-post-thumbnail","6":"product_cat-ergonomia","7":"product_cat-huonekalut","9":"first","10":"instock","11":"sale","12":"taxable","13":"shipping-taxable","14":"purchasable","15":"product-type-simple"},"acf":[],"_links":{"self":[{"href":"https:\/\/factory.sale\/fi\/wp-json\/wp\/v2\/product\/29684","targetHints":{"allow":["GET"]}}],"collection":[{"href":"https:\/\/factory.sale\/fi\/wp-json\/wp\/v2\/product"}],"about":[{"href":"https:\/\/factory.sale\/fi\/wp-json\/wp\/v2\/types\/product"}],"replies":[{"embeddable":true,"href":"https:\/\/factory.sale\/fi\/wp-json\/wp\/v2\/comments?post=29684"}],"wp:featuredmedia":[{"embeddable":true,"href":"https:\/\/factory.sale\/fi\/wp-json\/wp\/v2\/media\/29678"}],"wp:attachment":[{"href":"https:\/\/factory.sale\/fi\/wp-json\/wp\/v2\/media?parent=29684"}],"wp:term":[{"taxonomy":"factory","embeddable":true,"href":"https:\/\/factory.sale\/fi\/wp-json\/wp\/v2\/factory?post=29684"},{"taxonomy":"free-shipment","embeddable":true,"href":"https:\/\/factory.sale\/fi\/wp-json\/wp\/v2\/free-shipment?post=29684"},{"taxonomy":"product_brand","embeddable":true,"href":"https:\/\/factory.sale\/fi\/wp-json\/wp\/v2\/product_brand?post=29684"},{"taxonomy":"product_cat","embeddable":true,"href":"https:\/\/factory.sale\/fi\/wp-json\/wp\/v2\/product_cat?post=29684"},{"taxonomy":"product_tag","embeddable":true,"href":"https:\/\/factory.sale\/fi\/wp-json\/wp\/v2\/product_tag?post=29684"}],"curies":[{"name":"wp","href":"https:\/\/api.w.org\/{rel}","templated":true}]}}