{"id":29671,"date":"2023-06-25T18:10:11","date_gmt":"2023-06-25T18:21:42","guid":{"rendered":"https:\/\/factory.sale\/?post_type=product&#038;p=29671"},"modified":"2024-06-26T11:44:56","modified_gmt":"2024-06-26T11:44:56","slug":"matilda-swing-satulatuoli-musta-nahka-verhoilu","status":"publish","type":"product","link":"https:\/\/factory.sale\/fi\/tuote\/matilda-swing-satulatuoli-musta-nahka-verhoilu\/","title":{"rendered":"Matilda swing satulatuoli, musta nahka verhoilu"},"content":{"rendered":"<p><strong>Tuotekoodi: 23332<\/strong><br \/>\n<strong>EAN: 6430054933728<\/strong><\/p>\n<p>&nbsp;<\/p>\n<p>Matilda swing satulatuolissa on pehme\u00e4, miellytt\u00e4v\u00e4sti muotoiltu istuin, joka on verhoiltu aidolla nahalla. Eritt\u00e4in hyv\u00e4 vaihtoehto, kun tarvitset satulatuolin, joka antaa hyv\u00e4n ryhdin lis\u00e4ksi my\u00f6s monelle k\u00e4ytt\u00e4j\u00e4lle mukaan sopivan satulaosan. Soveltuu kaikenkokoisille k\u00e4ytt\u00e4jille. Matilda satulatuolissa on swing mekanismi, joka aktivoi koko kehoa ja kannustaa liikkeeseen.<\/p>\n<p><em>Saatavana my\u00f6s lyhyemm\u00e4ll\u00e4 kaasujousella (S-jousi) tai pidemm\u00e4ll\u00e4 kaasujousella (L-jousi).<\/em><\/p>\n<p>&nbsp;<\/p>\n<p><strong>Tekniset tiedot:<\/strong><\/p>\n<ul>\n<li>Korkeuden s\u00e4\u00e4t\u00f6 60 &#8211; 85 cm<\/li>\n<li>Swing mekanismi (ei lukittavissa)<\/li>\n<li>Istuin aitoa nahkaa<\/li>\n<li>Satulaosan leveys 37 cm<\/li>\n<li>Satulaosan syvyys 32 cm<\/li>\n<li>Ristikon halkaisija 61 cm<\/li>\n<li>Painoraja 120 kg<\/li>\n<li>Takuu 3 vuotta<\/li>\n<\/ul>\n","protected":false},"excerpt":{"rendered":"<p>Matilda swing satulatuolissa on pehme\u00e4, miellytt\u00e4v\u00e4sti muotoiltu istuin, joka on verhoiltu aidolla nahalla. Eritt\u00e4in hyv\u00e4 vaihtoehto, kun tarvitset satulatuolin, joka antaa hyv\u00e4n ryhdin lis\u00e4ksi my\u00f6s monelle k\u00e4ytt\u00e4j\u00e4lle mukaan sopivan satulaosan. Soveltuu kaikenkokoisille k\u00e4ytt\u00e4jille. Matilda satulatuolissa on swing mekanismi, joka aktivoi koko kehoa ja kannustaa liikkeeseen.<\/p>\n","protected":false},"featured_media":29662,"comment_status":"open","ping_status":"closed","template":"","meta":{"_acf_changed":false},"factory":[],"free-shipment":[],"product_brand":[],"product_cat":[2491,1319],"product_tag":[],"class_list":{"0":"post-29671","1":"product","2":"type-product","3":"status-publish","4":"has-post-thumbnail","6":"product_cat-ergonomia","7":"product_cat-huonekalut","9":"first","10":"instock","11":"sale","12":"taxable","13":"shipping-taxable","14":"purchasable","15":"product-type-simple"},"acf":[],"_links":{"self":[{"href":"https:\/\/factory.sale\/fi\/wp-json\/wp\/v2\/product\/29671","targetHints":{"allow":["GET"]}}],"collection":[{"href":"https:\/\/factory.sale\/fi\/wp-json\/wp\/v2\/product"}],"about":[{"href":"https:\/\/factory.sale\/fi\/wp-json\/wp\/v2\/types\/product"}],"replies":[{"embeddable":true,"href":"https:\/\/factory.sale\/fi\/wp-json\/wp\/v2\/comments?post=29671"}],"wp:featuredmedia":[{"embeddable":true,"href":"https:\/\/factory.sale\/fi\/wp-json\/wp\/v2\/media\/29662"}],"wp:attachment":[{"href":"https:\/\/factory.sale\/fi\/wp-json\/wp\/v2\/media?parent=29671"}],"wp:term":[{"taxonomy":"factory","embeddable":true,"href":"https:\/\/factory.sale\/fi\/wp-json\/wp\/v2\/factory?post=29671"},{"taxonomy":"free-shipment","embeddable":true,"href":"https:\/\/factory.sale\/fi\/wp-json\/wp\/v2\/free-shipment?post=29671"},{"taxonomy":"product_brand","embeddable":true,"href":"https:\/\/factory.sale\/fi\/wp-json\/wp\/v2\/product_brand?post=29671"},{"taxonomy":"product_cat","embeddable":true,"href":"https:\/\/factory.sale\/fi\/wp-json\/wp\/v2\/product_cat?post=29671"},{"taxonomy":"product_tag","embeddable":true,"href":"https:\/\/factory.sale\/fi\/wp-json\/wp\/v2\/product_tag?post=29671"}],"curies":[{"name":"wp","href":"https:\/\/api.w.org\/{rel}","templated":true}]}}