{"id":29639,"date":"2023-06-25T16:40:54","date_gmt":"2023-06-25T17:26:06","guid":{"rendered":"https:\/\/factory.sale\/?post_type=product&#038;p=29639"},"modified":"2024-06-27T13:49:19","modified_gmt":"2024-06-27T13:49:19","slug":"getupsaddle-tekonahka","status":"publish","type":"product","link":"https:\/\/factory.sale\/fi\/tuote\/getupsaddle-tekonahka\/","title":{"rendered":"GetUpSaddle, tekonahka"},"content":{"rendered":"<p><strong>SKU: 3004M (black)<\/strong><br \/>\n<strong>EAN: 6430054932202<\/strong><\/p>\n<p><strong>SKU: 3004P (punainen)<\/strong><br \/>\n<strong>EAN: 6430054933209<\/strong><\/p>\n<p>GetUpSaddle satulatuolilla istut ja liikut helposti. Istuin on p\u00e4\u00e4llystetty helposti puhtaanapidett\u00e4v\u00e4ll\u00e4 ja kest\u00e4v\u00e4ll\u00e4 tekonahalla. Tuolin rakenne on siro ja istuinosa on pieni, joka ohjaa alaraajat oikeaan asentoon ja samalla ohjaa sel\u00e4n hyv\u00e4n ryhtiin. Tuolissa on helpot s\u00e4\u00e4d\u00f6t, nopea ja turvallinen k\u00e4yt\u00f6ss\u00e4. Tuolissa on pieni alumiiniristikko ja laadukkaat py\u00f6r\u00e4t, joiden ansiosta sill\u00e4 on vaivatonta liikkua istuttaessa ja kevyt siirt\u00e4\u00e4 paikasta toiseen. N\u00e4iden t\u00e4rkeiden seikkojen ansiosta tuolia voi nimitt\u00e4\u00e4 &#8220;jokapaikan tuoliksi&#8221;.<\/p>\n<p>Tuolissa vapaasti py\u00f6riv\u00e4t laadukkaat py\u00f6r\u00e4t (tilattavissa my\u00f6s mekaaniset jarrupy\u00f6r\u00e4t tuotenumero: 2799)<br \/>\nTuolin istumakorkeus vakiojousella on 45 cm &#8211; 65 cm .<\/p>\n<p><em>Tuolin voi my\u00f6s tilata pidemm\u00e4ll\u00e4 L- tai lyhyemm\u00e4ll\u00e4 S-kaasujousella.<\/em><\/p>\n<p>Tuolin rakenne on siro ja istuinosa on pieni, joka ohjaa alaraajat oikeaan asentoon ja samalla ohjaa sel\u00e4n hyv\u00e4n ryhtiin.<br \/>\nPienikokoinen satulatuoli, keinonahka, ristikko 50 cm, istumakorkeus 45 &#8211; 65 cm<\/p>\n<p>&nbsp;<\/p>\n<p><strong>Tuotetiedot:<\/strong><\/p>\n<ul>\n<li>Tuotenumero: 3004M (musta) \/ 3004P (punainen)<\/li>\n<li>Pintamateriaali: kovaa hankausta ja kulutusta kest\u00e4v\u00e4 tekonahkaverhoilu, helposti puhdistettavissa<\/li>\n<li>Istuimen mitta: 33 x 26 cm<\/li>\n<\/ul>\n<p>&nbsp;<\/p>\n<p><strong>Lis\u00e4varusteena tilattavissa:<\/strong><\/p>\n<ul>\n<li>7080 Jalkatukirengas<\/li>\n<li>7090 jalkas\u00e4\u00e4din<\/li>\n<\/ul>\n","protected":false},"excerpt":{"rendered":"<p>GetUpSaddle satulatuolilla istut ja liikut helposti. Istuin on p\u00e4\u00e4llystetty helposti puhtaanapidett\u00e4v\u00e4ll\u00e4 ja kest\u00e4v\u00e4ll\u00e4 tekonahalla. Tuolin rakenne on siro ja istuinosa on pieni, joka ohjaa alaraajat oikeaan asentoon ja samalla ohjaa sel\u00e4n hyv\u00e4n ryhtiin. Tuolissa on helpot s\u00e4\u00e4d\u00f6t, nopea ja turvallinen k\u00e4yt\u00f6ss\u00e4. Tuolissa on pieni alumiiniristikko ja laadukkaat py\u00f6r\u00e4t, joiden ansiosta sill\u00e4 on vaivatonta liikkua istuttaessa ja kevyt siirt\u00e4\u00e4 paikasta toiseen. N\u00e4iden t\u00e4rkeiden seikkojen ansiosta tuolia voi nimitt\u00e4\u00e4 &#8220;jokapaikan tuoliksi&#8221;.<\/p>\n","protected":false},"featured_media":29630,"comment_status":"open","ping_status":"closed","template":"","meta":{"_acf_changed":false},"factory":[],"free-shipment":[],"product_brand":[],"product_cat":[2491,1319],"product_tag":[],"class_list":{"0":"post-29639","1":"product","2":"type-product","3":"status-publish","4":"has-post-thumbnail","6":"product_cat-ergonomia","7":"product_cat-huonekalut","9":"first","10":"instock","11":"sale","12":"taxable","13":"shipping-taxable","14":"purchasable","15":"product-type-simple"},"acf":[],"_links":{"self":[{"href":"https:\/\/factory.sale\/fi\/wp-json\/wp\/v2\/product\/29639","targetHints":{"allow":["GET"]}}],"collection":[{"href":"https:\/\/factory.sale\/fi\/wp-json\/wp\/v2\/product"}],"about":[{"href":"https:\/\/factory.sale\/fi\/wp-json\/wp\/v2\/types\/product"}],"replies":[{"embeddable":true,"href":"https:\/\/factory.sale\/fi\/wp-json\/wp\/v2\/comments?post=29639"}],"wp:featuredmedia":[{"embeddable":true,"href":"https:\/\/factory.sale\/fi\/wp-json\/wp\/v2\/media\/29630"}],"wp:attachment":[{"href":"https:\/\/factory.sale\/fi\/wp-json\/wp\/v2\/media?parent=29639"}],"wp:term":[{"taxonomy":"factory","embeddable":true,"href":"https:\/\/factory.sale\/fi\/wp-json\/wp\/v2\/factory?post=29639"},{"taxonomy":"free-shipment","embeddable":true,"href":"https:\/\/factory.sale\/fi\/wp-json\/wp\/v2\/free-shipment?post=29639"},{"taxonomy":"product_brand","embeddable":true,"href":"https:\/\/factory.sale\/fi\/wp-json\/wp\/v2\/product_brand?post=29639"},{"taxonomy":"product_cat","embeddable":true,"href":"https:\/\/factory.sale\/fi\/wp-json\/wp\/v2\/product_cat?post=29639"},{"taxonomy":"product_tag","embeddable":true,"href":"https:\/\/factory.sale\/fi\/wp-json\/wp\/v2\/product_tag?post=29639"}],"curies":[{"name":"wp","href":"https:\/\/api.w.org\/{rel}","templated":true}]}}