{"id":29624,"date":"2023-06-25T16:11:10","date_gmt":"2023-06-25T16:32:16","guid":{"rendered":"https:\/\/factory.sale\/?post_type=product&#038;p=29624"},"modified":"2024-06-28T11:07:16","modified_gmt":"2024-06-28T11:07:16","slug":"satulatuoli-matti-keinumekanismilla","status":"publish","type":"product","link":"https:\/\/factory.sale\/fi\/tuote\/satulatuoli-matti-keinumekanismilla\/","title":{"rendered":"Satulatuoli Matti keinumekanismilla"},"content":{"rendered":"<p><strong>Tuotekoodi: 2704<\/strong><br \/>\n<strong>EAN: 0739186146508<\/strong><\/p>\n<p>&nbsp;<\/p>\n<p>Satulatuoli, keinumekanismi, kaltevuus portaattomasti lukittavissa.<\/p>\n<p>Satulatuolilla istumisella on hyv\u00e4t terveydelliset vaikutukset.Matti satulatuoli ohjaa istuma-asennon hyv\u00e4\u00e4n ryhtiin, nivelkulmat loivat ja verenkierto ja aineenvaihdunta paranevat. Istuimessa on muotoutuva polyuretaanipehmuste. Istuinmekanismi tuo tervett\u00e4 liikett\u00e4 istumiseen, sill\u00e4 voidaan keinua tai lukita kaltevuus portaattomasti.<\/p>\n<p>&nbsp;<\/p>\n<p><strong>Tuotetiedot:<\/strong><\/p>\n<ul>\n<li>Alumiiniristikko on 5 haarainen<\/li>\n<li>hyvin liukuvat nailonpy\u00f6r\u00e4t<\/li>\n<li>Istuin mustaa vinyyli\u00e4<\/li>\n<li>Korkeudens\u00e4\u00e4t\u00f6 53 cm &#8211; 71 cm<\/li>\n<li>Istuimen mitat : 35- 43 cm<\/li>\n<li>Painoraja 135 kg<\/li>\n<li>Voidaan tilata my\u00f6s lyhyemm\u00e4ll\u00e4 tai pidemm\u00e4ll\u00e4 kaasujousella<\/li>\n<\/ul>\n<p>&nbsp;<\/p>\n<p><strong>Lis\u00e4varusteena hankittavissa:<\/strong> jalkatukirengas (7080) ja jalkas\u00e4\u00e4din (7090).<\/p>\n","protected":false},"excerpt":{"rendered":"<p>Satulatuoli, keinumekanismi, kaltevuus portaattomasti lukittavissa.<\/p>\n<p>Satulatuolilla istumisella on hyv\u00e4t terveydelliset vaikutukset.Matti satulatuoli ohjaa istuma-asennon hyv\u00e4\u00e4n ryhtiin, nivelkulmat loivat ja verenkierto ja aineenvaihdunta paranevat. Istuimessa on muotoutuva polyuretaanipehmuste. Istuinmekanismi tuo tervett\u00e4 liikett\u00e4 istumiseen, sill\u00e4 voidaan keinua tai lukita kaltevuus portaattomasti.<\/p>\n<p>&nbsp;<\/p>\n","protected":false},"featured_media":29617,"comment_status":"open","ping_status":"closed","template":"","meta":{"_acf_changed":false},"factory":[],"free-shipment":[],"product_brand":[],"product_cat":[2491,1319],"product_tag":[],"class_list":{"0":"post-29624","1":"product","2":"type-product","3":"status-publish","4":"has-post-thumbnail","6":"product_cat-ergonomia","7":"product_cat-huonekalut","9":"first","10":"instock","11":"sale","12":"taxable","13":"shipping-taxable","14":"purchasable","15":"product-type-simple"},"acf":[],"_links":{"self":[{"href":"https:\/\/factory.sale\/fi\/wp-json\/wp\/v2\/product\/29624","targetHints":{"allow":["GET"]}}],"collection":[{"href":"https:\/\/factory.sale\/fi\/wp-json\/wp\/v2\/product"}],"about":[{"href":"https:\/\/factory.sale\/fi\/wp-json\/wp\/v2\/types\/product"}],"replies":[{"embeddable":true,"href":"https:\/\/factory.sale\/fi\/wp-json\/wp\/v2\/comments?post=29624"}],"wp:featuredmedia":[{"embeddable":true,"href":"https:\/\/factory.sale\/fi\/wp-json\/wp\/v2\/media\/29617"}],"wp:attachment":[{"href":"https:\/\/factory.sale\/fi\/wp-json\/wp\/v2\/media?parent=29624"}],"wp:term":[{"taxonomy":"factory","embeddable":true,"href":"https:\/\/factory.sale\/fi\/wp-json\/wp\/v2\/factory?post=29624"},{"taxonomy":"free-shipment","embeddable":true,"href":"https:\/\/factory.sale\/fi\/wp-json\/wp\/v2\/free-shipment?post=29624"},{"taxonomy":"product_brand","embeddable":true,"href":"https:\/\/factory.sale\/fi\/wp-json\/wp\/v2\/product_brand?post=29624"},{"taxonomy":"product_cat","embeddable":true,"href":"https:\/\/factory.sale\/fi\/wp-json\/wp\/v2\/product_cat?post=29624"},{"taxonomy":"product_tag","embeddable":true,"href":"https:\/\/factory.sale\/fi\/wp-json\/wp\/v2\/product_tag?post=29624"}],"curies":[{"name":"wp","href":"https:\/\/api.w.org\/{rel}","templated":true}]}}