{"id":29611,"date":"2023-06-25T15:57:41","date_gmt":"2023-06-25T16:08:38","guid":{"rendered":"https:\/\/factory.sale\/?post_type=product&#038;p=29611"},"modified":"2024-06-28T00:51:44","modified_gmt":"2024-06-28T00:51:44","slug":"soft-satulatuoli-nahkaverhoilu","status":"publish","type":"product","link":"https:\/\/factory.sale\/fi\/tuote\/soft-satulatuoli-nahkaverhoilu\/","title":{"rendered":"Soft-Satulatuoli nahkaverhoilu"},"content":{"rendered":"<p><strong>Tuotekoodi: 7074<\/strong><br \/>\n<strong>EAN: 7350052981318<\/strong><\/p>\n<p>&nbsp;<\/p>\n<p>Soft satulatuolissa on thermofoam muotoutuva pehmuste ja kest\u00e4v\u00e4 aito nahkaverhoilu. Eritt\u00e4in hyv\u00e4 vaihtoehto, kun tarvitset satulatuolin joka antaa hyv\u00e4n ryhdin lis\u00e4ksi my\u00f6s k\u00e4ytt\u00e4j\u00e4n mukaan muotoutuvan satulaosan.<\/p>\n<p><em>Saatavana my\u00f6s lyhyemm\u00e4ll\u00e4 kaasujousella (S-jousi) tai pidemm\u00e4ll\u00e4 kaasujousella (L-jousi).<\/em><\/p>\n<p>&nbsp;<\/p>\n<p><strong>Tuotetiedot:<\/strong><\/p>\n<ul>\n<li>Istumakorkeus: 60-81 cm<\/li>\n<li>Kaasujousi: 200 mm<\/li>\n<li>Ristikko: 50 cm<\/li>\n<\/ul>\n","protected":false},"excerpt":{"rendered":"<p>Soft satulatuolissa on thermofoam muotoutuva pehmuste ja kest\u00e4v\u00e4 aito nahkaverhoilu. Eritt\u00e4in hyv\u00e4 vaihtoehto, kun tarvitset satulatuolin joka antaa hyv\u00e4n ryhdin lis\u00e4ksi my\u00f6s k\u00e4ytt\u00e4j\u00e4n mukaan muotoutuvan satulaosan.<\/p>\n","protected":false},"featured_media":29602,"comment_status":"open","ping_status":"closed","template":"","meta":{"_acf_changed":false},"factory":[],"free-shipment":[],"product_brand":[],"product_cat":[2491,1319],"product_tag":[],"class_list":{"0":"post-29611","1":"product","2":"type-product","3":"status-publish","4":"has-post-thumbnail","6":"product_cat-ergonomia","7":"product_cat-huonekalut","9":"first","10":"instock","11":"sale","12":"taxable","13":"shipping-taxable","14":"purchasable","15":"product-type-simple"},"acf":[],"_links":{"self":[{"href":"https:\/\/factory.sale\/fi\/wp-json\/wp\/v2\/product\/29611","targetHints":{"allow":["GET"]}}],"collection":[{"href":"https:\/\/factory.sale\/fi\/wp-json\/wp\/v2\/product"}],"about":[{"href":"https:\/\/factory.sale\/fi\/wp-json\/wp\/v2\/types\/product"}],"replies":[{"embeddable":true,"href":"https:\/\/factory.sale\/fi\/wp-json\/wp\/v2\/comments?post=29611"}],"wp:featuredmedia":[{"embeddable":true,"href":"https:\/\/factory.sale\/fi\/wp-json\/wp\/v2\/media\/29602"}],"wp:attachment":[{"href":"https:\/\/factory.sale\/fi\/wp-json\/wp\/v2\/media?parent=29611"}],"wp:term":[{"taxonomy":"factory","embeddable":true,"href":"https:\/\/factory.sale\/fi\/wp-json\/wp\/v2\/factory?post=29611"},{"taxonomy":"free-shipment","embeddable":true,"href":"https:\/\/factory.sale\/fi\/wp-json\/wp\/v2\/free-shipment?post=29611"},{"taxonomy":"product_brand","embeddable":true,"href":"https:\/\/factory.sale\/fi\/wp-json\/wp\/v2\/product_brand?post=29611"},{"taxonomy":"product_cat","embeddable":true,"href":"https:\/\/factory.sale\/fi\/wp-json\/wp\/v2\/product_cat?post=29611"},{"taxonomy":"product_tag","embeddable":true,"href":"https:\/\/factory.sale\/fi\/wp-json\/wp\/v2\/product_tag?post=29611"}],"curies":[{"name":"wp","href":"https:\/\/api.w.org\/{rel}","templated":true}]}}