{"id":29596,"date":"2023-06-25T15:41:18","date_gmt":"2023-06-25T15:55:56","guid":{"rendered":"https:\/\/factory.sale\/?post_type=product&#038;p=29596"},"modified":"2024-07-01T17:52:16","modified_gmt":"2024-07-01T17:52:16","slug":"soft-swing-satulatuoli","status":"publish","type":"product","link":"https:\/\/factory.sale\/fi\/tuote\/soft-swing-satulatuoli\/","title":{"rendered":"Soft Swing satulatuoli"},"content":{"rendered":"<p><strong>Tuotekoodi: 7012SW<\/strong><br \/>\n<strong>EAN: 6430054933506<\/strong><\/p>\n<p>&nbsp;<\/p>\n<p>Soft swing- satulatuolissa saat samalla liikett\u00e4, kun istut.<\/p>\n<p>Soft swing satulatuolissa on liikett\u00e4 my\u00f6t\u00e4ilev\u00e4 istuin. Satulatuolilla istumisella on hyv\u00e4t terveydelliset vaikutukset. Soft Swing satulatuoli ohjaa istuma-asennon hyv\u00e4\u00e4n ryhtiin, nivelkulmat ovat loivat, verenkierto ja aineenvaihdunta paranevat. Istuimessa on muotoutuva polyuretaanipehmuste. Soft Swing satulatuoli tuo tervett\u00e4 liikett\u00e4 istumiseen, vahvistaen alasel\u00e4n, vatsan ja lantion lihaksia.<\/p>\n<p>&nbsp;<\/p>\n<p><strong>T\u00e4rkeimm\u00e4t tuotetiedot:<\/strong><\/p>\n<ul>\n<li>Liikett\u00e4 my\u00f6t\u00e4ilev\u00e4 Swing mekanismi<\/li>\n<li>Istuimen korkeudens\u00e4\u00e4t\u00f6 64 &#8211; 84 cm<\/li>\n<li>Ristikon halkaisija 500 mm<\/li>\n<li>Painoraja 120 kg<\/li>\n<li>Kankaan hankauskest\u00e4vyys 100000 Martindalea<\/li>\n<li>2 vuoden takuu<\/li>\n<\/ul>\n","protected":false},"excerpt":{"rendered":"<p>Soft swing satulatuolissa on liikett\u00e4 my\u00f6t\u00e4ilev\u00e4 istuin. Satulatuolilla istumisella on hyv\u00e4t terveydelliset vaikutukset. Soft Swing satulatuoli ohjaa istuma-asennon hyv\u00e4\u00e4n ryhtiin, nivelkulmat ovat loivat, verenkierto ja aineenvaihdunta paranevat. Istuimessa on muotoutuva polyuretaanipehmuste. Soft Swing satulatuoli tuo tervett\u00e4 liikett\u00e4 istumiseen, vahvistaen alasel\u00e4n, vatsan ja lantion lihaksia.<\/p>\n","protected":false},"featured_media":29587,"comment_status":"open","ping_status":"closed","template":"","meta":{"_acf_changed":false},"factory":[],"free-shipment":[],"product_brand":[],"product_cat":[2491,1319],"product_tag":[],"class_list":{"0":"post-29596","1":"product","2":"type-product","3":"status-publish","4":"has-post-thumbnail","6":"product_cat-ergonomia","7":"product_cat-huonekalut","9":"first","10":"instock","11":"sale","12":"taxable","13":"shipping-taxable","14":"purchasable","15":"product-type-simple"},"acf":[],"_links":{"self":[{"href":"https:\/\/factory.sale\/fi\/wp-json\/wp\/v2\/product\/29596","targetHints":{"allow":["GET"]}}],"collection":[{"href":"https:\/\/factory.sale\/fi\/wp-json\/wp\/v2\/product"}],"about":[{"href":"https:\/\/factory.sale\/fi\/wp-json\/wp\/v2\/types\/product"}],"replies":[{"embeddable":true,"href":"https:\/\/factory.sale\/fi\/wp-json\/wp\/v2\/comments?post=29596"}],"wp:featuredmedia":[{"embeddable":true,"href":"https:\/\/factory.sale\/fi\/wp-json\/wp\/v2\/media\/29587"}],"wp:attachment":[{"href":"https:\/\/factory.sale\/fi\/wp-json\/wp\/v2\/media?parent=29596"}],"wp:term":[{"taxonomy":"factory","embeddable":true,"href":"https:\/\/factory.sale\/fi\/wp-json\/wp\/v2\/factory?post=29596"},{"taxonomy":"free-shipment","embeddable":true,"href":"https:\/\/factory.sale\/fi\/wp-json\/wp\/v2\/free-shipment?post=29596"},{"taxonomy":"product_brand","embeddable":true,"href":"https:\/\/factory.sale\/fi\/wp-json\/wp\/v2\/product_brand?post=29596"},{"taxonomy":"product_cat","embeddable":true,"href":"https:\/\/factory.sale\/fi\/wp-json\/wp\/v2\/product_cat?post=29596"},{"taxonomy":"product_tag","embeddable":true,"href":"https:\/\/factory.sale\/fi\/wp-json\/wp\/v2\/product_tag?post=29596"}],"curies":[{"name":"wp","href":"https:\/\/api.w.org\/{rel}","templated":true}]}}