{"id":29581,"date":"2023-06-25T15:17:44","date_gmt":"2023-06-25T15:36:28","guid":{"rendered":"https:\/\/factory.sale\/?post_type=product&#038;p=29581"},"modified":"2024-06-26T02:25:26","modified_gmt":"2024-06-26T02:25:26","slug":"soft-satulatuoli-kangas-musta","status":"publish","type":"product","link":"https:\/\/factory.sale\/fi\/tuote\/soft-satulatuoli-kangas-musta\/","title":{"rendered":"Soft-Satulatuoli, kangas, musta"},"content":{"rendered":"<p><strong>Tuotekoodi: 7012<\/strong><br \/>\n<strong>EAN: 7350052981325<\/strong><\/p>\n<p>&nbsp;<\/p>\n<p>Soft satulatuolissa on thermofoam muotoutuva pehmuste ja kest\u00e4v\u00e4 kangasverhoilu. Eritt\u00e4in hyv\u00e4 vaihtoehto, kun tarvitset satulatuolin, joka antaa hyv\u00e4n ryhdin lis\u00e4ksi my\u00f6s k\u00e4ytt\u00e4j\u00e4n mukaan muotoutuvan satulaosan. Soveltuu kaikenkokoisille k\u00e4ytt\u00e4jille. Soft satulatuolissa on istuimen kallistuksen s\u00e4\u00e4t\u00f6.<\/p>\n<p><em>Saatavana my\u00f6s lyhyemm\u00e4ll\u00e4 kaasujousella (S-jousi) tai pidemm\u00e4ll\u00e4 kaasujousella (L-jousi).<\/em><\/p>\n<p><em>Lis\u00e4varusteena tuoliin on tilattavissa jalkatukirengas (7080) ja jalkas\u00e4\u00e4din (7090).<\/em><\/p>\n<p>&nbsp;<\/p>\n<p><strong>Tuotetiedot:<\/strong><\/p>\n<ul>\n<li>Istumakorkeus: 60-81 cm<\/li>\n<li>Ristikko: 500 mm<\/li>\n<li>Kankaan kest\u00e4vyys: 100.000 martindalea<\/li>\n<\/ul>\n","protected":false},"excerpt":{"rendered":"<p>Soft satulatuolissa on thermofoam muotoutuva pehmuste ja kest\u00e4v\u00e4 kangasverhoilu. Eritt\u00e4in hyv\u00e4 vaihtoehto, kun tarvitset satulatuolin, joka antaa hyv\u00e4n ryhdin lis\u00e4ksi my\u00f6s k\u00e4ytt\u00e4j\u00e4n mukaan muotoutuvan satulaosan. Soveltuu kaikenkokoisille k\u00e4ytt\u00e4jille. Soft satulatuolissa on istuimen kallistuksen s\u00e4\u00e4t\u00f6.<\/p>\n","protected":false},"featured_media":29572,"comment_status":"open","ping_status":"closed","template":"","meta":{"_acf_changed":false},"factory":[],"free-shipment":[],"product_brand":[],"product_cat":[2491,1319],"product_tag":[],"class_list":{"0":"post-29581","1":"product","2":"type-product","3":"status-publish","4":"has-post-thumbnail","6":"product_cat-ergonomia","7":"product_cat-huonekalut","9":"first","10":"instock","11":"sale","12":"taxable","13":"shipping-taxable","14":"purchasable","15":"product-type-simple"},"acf":[],"_links":{"self":[{"href":"https:\/\/factory.sale\/fi\/wp-json\/wp\/v2\/product\/29581","targetHints":{"allow":["GET"]}}],"collection":[{"href":"https:\/\/factory.sale\/fi\/wp-json\/wp\/v2\/product"}],"about":[{"href":"https:\/\/factory.sale\/fi\/wp-json\/wp\/v2\/types\/product"}],"replies":[{"embeddable":true,"href":"https:\/\/factory.sale\/fi\/wp-json\/wp\/v2\/comments?post=29581"}],"wp:featuredmedia":[{"embeddable":true,"href":"https:\/\/factory.sale\/fi\/wp-json\/wp\/v2\/media\/29572"}],"wp:attachment":[{"href":"https:\/\/factory.sale\/fi\/wp-json\/wp\/v2\/media?parent=29581"}],"wp:term":[{"taxonomy":"factory","embeddable":true,"href":"https:\/\/factory.sale\/fi\/wp-json\/wp\/v2\/factory?post=29581"},{"taxonomy":"free-shipment","embeddable":true,"href":"https:\/\/factory.sale\/fi\/wp-json\/wp\/v2\/free-shipment?post=29581"},{"taxonomy":"product_brand","embeddable":true,"href":"https:\/\/factory.sale\/fi\/wp-json\/wp\/v2\/product_brand?post=29581"},{"taxonomy":"product_cat","embeddable":true,"href":"https:\/\/factory.sale\/fi\/wp-json\/wp\/v2\/product_cat?post=29581"},{"taxonomy":"product_tag","embeddable":true,"href":"https:\/\/factory.sale\/fi\/wp-json\/wp\/v2\/product_tag?post=29581"}],"curies":[{"name":"wp","href":"https:\/\/api.w.org\/{rel}","templated":true}]}}