{"id":29564,"date":"2023-06-25T14:47:33","date_gmt":"2023-06-25T15:13:18","guid":{"rendered":"https:\/\/factory.sale\/?post_type=product&#038;p=29564"},"modified":"2024-06-28T01:15:16","modified_gmt":"2024-06-28T01:15:16","slug":"aircell-soft-satulatuoli","status":"publish","type":"product","link":"https:\/\/factory.sale\/fi\/tuote\/aircell-soft-satulatuoli\/","title":{"rendered":"Aircell Soft satulatuoli"},"content":{"rendered":"<p><strong>Tuotekoodi: 70120<\/strong><br \/>\n<strong>EAN: 6430054931472<\/strong><\/p>\n<p>&nbsp;<\/p>\n<p>Aircell Soft satulatuoli on t\u00e4ytetty s\u00e4\u00e4dett\u00e4vill\u00e4 ilmakennoilla.<\/p>\n<p>Satulatuoli Aircell Softissa on huomioitu soveltuvuus kaikille k\u00e4ytt\u00e4jille. T\u00e4m\u00e4n mahdolllistaa istuinosassa oleva Aircell ilmakennoilla t\u00e4ytetty tyyny. Istuin on s\u00e4\u00e4dett\u00e4viss\u00e4 pumpulla, jolloin istuin poistaa kaikki istumisesta aiheutuvat rasitukset ja on mukava istua ja k\u00e4ytt\u00e4\u00e4. Satulatuolin on todettu yll\u00e4pit\u00e4v\u00e4n ty\u00f6kyky\u00e4 ja edist\u00e4v\u00e4n terveytt\u00e4. Luonteva istuma-asento l\u00f6ytyy nopeasti muototuvan istuimen ansiosta. Oikea istuma-asento yll\u00e4pit\u00e4\u00e4 selk\u00e4rangan alueen verenkiertoa pumpaten ravintoa v\u00e4lilevyihin ja vahvistaen sel\u00e4n lihaksia. Kehon paino jakautuu tasaisesti eik\u00e4 istuinosa paina takareisi\u00e4. My\u00f6s lantion alueen valtimoverenkierto toimii paremmin. Istuinosan p\u00e4\u00e4llyste on kest\u00e4v\u00e4\u00e4 kangasta.<\/p>\n<p>&nbsp;<\/p>\n<p><strong>Saatavana my\u00f6s lyhyemm\u00e4ll\u00e4 kaasujousella (S-jousi) tai pidemm\u00e4ll\u00e4 kaasujousella (L-jousi).<\/strong><\/p>\n<ul>\n<li>Istumakorkeus: 60-81 cm<\/li>\n<li>Ristikko: 500 mm<\/li>\n<li>V\u00e4ri: musta<\/li>\n<\/ul>\n","protected":false},"excerpt":{"rendered":"<p>Satulatuoli Aircell Softissa on huomioitu soveltuvuus kaikille k\u00e4ytt\u00e4jille. T\u00e4m\u00e4n mahdolllistaa istuinosassa oleva Aircell ilmakennoilla t\u00e4ytetty tyyny. Istuin on s\u00e4\u00e4dett\u00e4viss\u00e4 pumpulla, jolloin istuin poistaa kaikki istumisesta aiheutuvat rasitukset ja on mukava istua ja k\u00e4ytt\u00e4\u00e4. Satulatuolin on todettu yll\u00e4pit\u00e4v\u00e4n ty\u00f6kyky\u00e4 ja edist\u00e4v\u00e4n terveytt\u00e4. Luonteva istuma-asento l\u00f6ytyy nopeasti muototuvan istuimen ansiosta. Oikea istuma-asento yll\u00e4pit\u00e4\u00e4 selk\u00e4rangan alueen verenkiertoa pumpaten ravintoa v\u00e4lilevyihin ja vahvistaen sel\u00e4n lihaksia. Kehon paino jakautuu tasaisesti eik\u00e4 istuinosa paina takareisi\u00e4. My\u00f6s lantion alueen valtimoverenkierto toimii paremmin. Istuinosan p\u00e4\u00e4llyste on kest\u00e4v\u00e4\u00e4 kangasta.<\/p>\n","protected":false},"featured_media":29555,"comment_status":"open","ping_status":"closed","template":"","meta":{"_acf_changed":false},"factory":[],"free-shipment":[],"product_brand":[],"product_cat":[2491,1319],"product_tag":[],"class_list":{"0":"post-29564","1":"product","2":"type-product","3":"status-publish","4":"has-post-thumbnail","6":"product_cat-ergonomia","7":"product_cat-huonekalut","9":"first","10":"instock","11":"sale","12":"taxable","13":"shipping-taxable","14":"purchasable","15":"product-type-simple"},"acf":[],"_links":{"self":[{"href":"https:\/\/factory.sale\/fi\/wp-json\/wp\/v2\/product\/29564","targetHints":{"allow":["GET"]}}],"collection":[{"href":"https:\/\/factory.sale\/fi\/wp-json\/wp\/v2\/product"}],"about":[{"href":"https:\/\/factory.sale\/fi\/wp-json\/wp\/v2\/types\/product"}],"replies":[{"embeddable":true,"href":"https:\/\/factory.sale\/fi\/wp-json\/wp\/v2\/comments?post=29564"}],"wp:featuredmedia":[{"embeddable":true,"href":"https:\/\/factory.sale\/fi\/wp-json\/wp\/v2\/media\/29555"}],"wp:attachment":[{"href":"https:\/\/factory.sale\/fi\/wp-json\/wp\/v2\/media?parent=29564"}],"wp:term":[{"taxonomy":"factory","embeddable":true,"href":"https:\/\/factory.sale\/fi\/wp-json\/wp\/v2\/factory?post=29564"},{"taxonomy":"free-shipment","embeddable":true,"href":"https:\/\/factory.sale\/fi\/wp-json\/wp\/v2\/free-shipment?post=29564"},{"taxonomy":"product_brand","embeddable":true,"href":"https:\/\/factory.sale\/fi\/wp-json\/wp\/v2\/product_brand?post=29564"},{"taxonomy":"product_cat","embeddable":true,"href":"https:\/\/factory.sale\/fi\/wp-json\/wp\/v2\/product_cat?post=29564"},{"taxonomy":"product_tag","embeddable":true,"href":"https:\/\/factory.sale\/fi\/wp-json\/wp\/v2\/product_tag?post=29564"}],"curies":[{"name":"wp","href":"https:\/\/api.w.org\/{rel}","templated":true}]}}