{"id":29547,"date":"2023-06-25T14:10:29","date_gmt":"2023-06-25T14:44:36","guid":{"rendered":"https:\/\/factory.sale\/?post_type=product&#038;p=29547"},"modified":"2024-06-28T18:47:41","modified_gmt":"2024-06-28T18:47:41","slug":"lenni-satulatuoli-selkatuella-musta","status":"publish","type":"product","link":"https:\/\/factory.sale\/fi\/tuote\/lenni-satulatuoli-selkatuella-musta\/","title":{"rendered":"Lenni Satulatuoli selk\u00e4tuella, musta"},"content":{"rendered":"<p><strong>Tuotekoodi: 3020<\/strong><br \/>\n<strong>EAN: 6430054930000<\/strong><\/p>\n<p>Selk\u00e4tuellinen satulatuoli, matta musta metalliristikko\/kaasujousi.<\/p>\n<p>Lenni tuolin miellytt\u00e4v\u00e4 pehmuste sek\u00e4 portaaton istuimen korkeuden- ja kaltevuuden s\u00e4\u00e4t\u00f6 mahdollistavat jokaiselle ergonomisen ty\u00f6skentelyasennon. T\u00e4m\u00e4 tuoli on eritt\u00e4in hyv\u00e4 vaihtoehto, kun tarvitset satulatuolin, joka antaa hyv\u00e4n ryhdin. Usean k\u00e4ytt\u00e4j\u00e4n mukaan Lenni- tuolissa on markkinoiden paras satulaosa. Selk\u00e4nojan korkeus- ja kaltevuuss\u00e4\u00e4d\u00f6ll\u00e4 tuet miellytt\u00e4v\u00e4sti ristiselk\u00e4\u00e4. Tuolissa voidaan vapauttaa selk\u00e4tuki keinumaan, jolloin sit\u00e4 voidaan k\u00e4ytt\u00e4\u00e4 my\u00f6s venyttelytukena. Tuolin monipuoliset s\u00e4\u00e4d\u00f6t ja elegantti viimeistely takaa oikean istuma-asennon ja hienon ulkoasun, laadusta tinkim\u00e4tt\u00e4. Lenni sopii kaiken kokoisille k\u00e4ytt\u00e4jille. Tuolia saadaan my\u00f6s tilattua pidemm\u00e4ll\u00e4 ja lyhyemm\u00e4ll\u00e4 kaasujousella. Lis\u00e4varusteena tilatavissa jalkatukirengas.<\/p>\n<p>&nbsp;<\/p>\n<p><strong>Tuotetiedot:<\/strong><\/p>\n<ul>\n<li>Verhoilu musta keinonahka<\/li>\n<li>Istumakorkeus 57-77 cm<\/li>\n<li>Ristikon halkaisija 600 mm<\/li>\n<li>Takuu 2 vuotta<\/li>\n<\/ul>\n<p>&nbsp;<\/p>\n<p><strong>Seuraavat voidaan tilata lis\u00e4varusteena:<\/strong><\/p>\n<ul>\n<li>jalkatuki (koodi: 7080)<\/li>\n<li>jalan s\u00e4\u00e4t\u00f6 (korkeuss\u00e4\u00e4t\u00f6 toimii jalan kanssa) (koodi: 7090)<\/li>\n<\/ul>\n","protected":false},"excerpt":{"rendered":"<p>Lenni tuolin miellytt\u00e4v\u00e4 pehmuste sek\u00e4 portaaton istuimen korkeuden- ja kaltevuuden s\u00e4\u00e4t\u00f6 mahdollistavat jokaiselle ergonomisen ty\u00f6skentelyasennon. T\u00e4m\u00e4 tuoli on eritt\u00e4in hyv\u00e4 vaihtoehto, kun tarvitset satulatuolin, joka antaa hyv\u00e4n ryhdin. Usean k\u00e4ytt\u00e4j\u00e4n mukaan Lenni- tuolissa on markkinoiden paras satulaosa. Selk\u00e4nojan korkeus- ja kaltevuuss\u00e4\u00e4d\u00f6ll\u00e4 tuet miellytt\u00e4v\u00e4sti ristiselk\u00e4\u00e4. Tuolissa voidaan vapauttaa selk\u00e4tuki keinumaan, jolloin sit\u00e4 voidaan k\u00e4ytt\u00e4\u00e4 my\u00f6s venyttelytukena. Tuolin monipuoliset s\u00e4\u00e4d\u00f6t ja elegantti viimeistely takaa oikean istuma-asennon ja hienon ulkoasun, laadusta tinkim\u00e4tt\u00e4. Lenni sopii kaiken kokoisille k\u00e4ytt\u00e4jille. Tuolia saadaan my\u00f6s tilattua pidemm\u00e4ll\u00e4 ja lyhyemm\u00e4ll\u00e4 kaasujousella. Lis\u00e4varusteena tilatavissa jalkatukirengas.<\/p>\n","protected":false},"featured_media":29535,"comment_status":"open","ping_status":"closed","template":"","meta":{"_acf_changed":false},"factory":[],"free-shipment":[],"product_brand":[],"product_cat":[2491,1319],"product_tag":[],"class_list":{"0":"post-29547","1":"product","2":"type-product","3":"status-publish","4":"has-post-thumbnail","6":"product_cat-ergonomia","7":"product_cat-huonekalut","9":"first","10":"instock","11":"sale","12":"taxable","13":"shipping-taxable","14":"purchasable","15":"product-type-simple"},"acf":[],"_links":{"self":[{"href":"https:\/\/factory.sale\/fi\/wp-json\/wp\/v2\/product\/29547","targetHints":{"allow":["GET"]}}],"collection":[{"href":"https:\/\/factory.sale\/fi\/wp-json\/wp\/v2\/product"}],"about":[{"href":"https:\/\/factory.sale\/fi\/wp-json\/wp\/v2\/types\/product"}],"replies":[{"embeddable":true,"href":"https:\/\/factory.sale\/fi\/wp-json\/wp\/v2\/comments?post=29547"}],"wp:featuredmedia":[{"embeddable":true,"href":"https:\/\/factory.sale\/fi\/wp-json\/wp\/v2\/media\/29535"}],"wp:attachment":[{"href":"https:\/\/factory.sale\/fi\/wp-json\/wp\/v2\/media?parent=29547"}],"wp:term":[{"taxonomy":"factory","embeddable":true,"href":"https:\/\/factory.sale\/fi\/wp-json\/wp\/v2\/factory?post=29547"},{"taxonomy":"free-shipment","embeddable":true,"href":"https:\/\/factory.sale\/fi\/wp-json\/wp\/v2\/free-shipment?post=29547"},{"taxonomy":"product_brand","embeddable":true,"href":"https:\/\/factory.sale\/fi\/wp-json\/wp\/v2\/product_brand?post=29547"},{"taxonomy":"product_cat","embeddable":true,"href":"https:\/\/factory.sale\/fi\/wp-json\/wp\/v2\/product_cat?post=29547"},{"taxonomy":"product_tag","embeddable":true,"href":"https:\/\/factory.sale\/fi\/wp-json\/wp\/v2\/product_tag?post=29547"}],"curies":[{"name":"wp","href":"https:\/\/api.w.org\/{rel}","templated":true}]}}