{"id":29528,"date":"2023-06-23T09:03:02","date_gmt":"2023-06-23T13:25:46","guid":{"rendered":"https:\/\/factory.sale\/?post_type=product&#038;p=29528"},"modified":"2024-06-27T18:32:52","modified_gmt":"2024-06-27T18:32:52","slug":"touch-led-tyopistevalaisin","status":"publish","type":"product","link":"https:\/\/factory.sale\/fi\/tuote\/touch-led-tyopistevalaisin\/","title":{"rendered":"Touch LED Ty\u00f6pistevalaisin"},"content":{"rendered":"<p><strong>SKU: 2960 W (valkoinen)<\/strong><br \/>\n<strong>EAN: 7350042900190<\/strong><\/p>\n<p><strong>SKU: 2960 (musta)<\/strong><br \/>\n<strong>EAN: 7350042900206<\/strong><\/p>\n<p>&nbsp;<\/p>\n<p>T\u00e4ss\u00e4 ty\u00f6pistevalaisimessa s\u00e4\u00e4d\u00e4t kaikki toiminnot kosketusn\u00e4yt\u00f6st\u00e4 helposti tarpeittesi mukaan viiteen eri valotehoon ja nelj\u00e4\u00e4n eri valol\u00e4mp\u00f6\u00f6n. N\u00e4in saadaan aina sopiva ja miellytt\u00e4v\u00e4 valaistus. T\u00e4m\u00e4 monipuolinen ty\u00f6pistevalaisin sopii joka konttorin valol\u00e4hteeksi. LED tekniikka s\u00e4\u00e4st\u00e4\u00e4 s\u00e4hk\u00f6n kulutuksessa.V\u00e4rin\u00e4t\u00f6n valaistus ja integroitu h\u00e4ik\u00e4isysuoja v\u00e4hent\u00e4\u00e4 olennaisesti silmien rasitusta. Valaisimessa on my\u00f6s USB pistoke esim. puhelimen latausta varten. K\u00e4tev\u00e4 ajastintoiminto sammuttaa valaisimen automaattisesti.<\/p>\n<p><strong>Tuotetiedot:<\/strong><\/p>\n<ul>\n<li>Ymp\u00e4rist\u00f6yst\u00e4v\u00e4llinen ja alhainen virrankulutus, ainoastaan 2W &#8211; 10W<\/li>\n<li>\u00a0pitk\u00e4 k\u00e4ytt\u00f6ik\u00e4 yli 40.000 tuntia (20 vuotta)<\/li>\n<li>Valon l\u00e4mp\u00f6tila s\u00e4\u00e4dett\u00e4viss\u00e4 2700- 7000 kelvini\u00e4<\/li>\n<li>Ei l\u00e4mm\u00f6n kertymist\u00e4 \/ kuumentumista<\/li>\n<li>H\u00e4ik\u00e4isem\u00e4t\u00f6n sek\u00e4 v\u00e4rin\u00e4t\u00f6n valo<\/li>\n<li>Suora ja ep\u00e4suora valaistus. ei varjoja<\/li>\n<li>UV vapaa<\/li>\n<li>Valoteho s\u00e4\u00e4dett\u00e4viss\u00e4 5:een teholuokkaan ja 4:\u00e4\u00e4n eri v\u00e4ril\u00e4mp\u00f6\u00f6n (tarkka ty\u00f6\/ lukutila\/ rentoutumistila \/lepotila)<\/li>\n<li>Ergonominen Design muotoilu<\/li>\n<li>USB pistoke esim. puhelimen latausta varten<\/li>\n<li>180 astetta s\u00e4\u00e4tyv\u00e4 varsi<\/li>\n<li>CE hyv\u00e4ksytty , takuu 2 vuosi<\/li>\n<li>Varren mitat 450mm + 350 mm<\/li>\n<li>LED Tekniikka : LGP (Light Guide Panel)<\/li>\n<li>CRI yli 90 (v\u00e4rintoistoindeksi)<\/li>\n<li>LED teho: 2-10 W,-1100 Lux (vastaa 100W hehkulamppua 450 lumen)<\/li>\n<li>4 Valotehoa valittavissa: Lukutila (4300K-5300K)<\/li>\n<li>Tarkka ty\u00f6 (6000K-7000K),<\/li>\n<li>Taukovalaistus (2500K-3300K)<\/li>\n<li>Lepotila (2500K-3000K)<\/li>\n<li>5 himmennystehoa valittavissa kaikissa valotehotiloissa<\/li>\n<li>Ajastintoiminto sammuttaa valaisimen automaattisesti valintasi mukaan joko 30 min tai 1 tunnin kuluttua<\/li>\n<li>V\u00e4ri: musta, valikoinen<\/li>\n<\/ul>\n","protected":false},"excerpt":{"rendered":"<p>T\u00e4ss\u00e4 ty\u00f6pistevalaisimessa s\u00e4\u00e4d\u00e4t kaikki toiminnot kosketusn\u00e4yt\u00f6st\u00e4 helposti tarpeittesi mukaan viiteen eri valotehoon ja nelj\u00e4\u00e4n eri valol\u00e4mp\u00f6\u00f6n. N\u00e4in saadaan aina sopiva ja miellytt\u00e4v\u00e4 valaistus. T\u00e4m\u00e4 monipuolinen ty\u00f6pistevalaisin sopii joka konttorin valol\u00e4hteeksi. LED tekniikka s\u00e4\u00e4st\u00e4\u00e4 s\u00e4hk\u00f6n kulutuksessa.V\u00e4rin\u00e4t\u00f6n valaistus ja integroitu h\u00e4ik\u00e4isysuoja v\u00e4hent\u00e4\u00e4 olennaisesti silmien rasitusta. Valaisimessa on my\u00f6s USB pistoke esim. puhelimen latausta varten. K\u00e4tev\u00e4 ajastintoiminto sammuttaa valaisimen automaattisesti.<\/p>\n","protected":false},"featured_media":29522,"comment_status":"open","ping_status":"closed","template":"","meta":{"_acf_changed":false},"factory":[],"free-shipment":[],"product_brand":[],"product_cat":[2491,1319],"product_tag":[],"class_list":{"0":"post-29528","1":"product","2":"type-product","3":"status-publish","4":"has-post-thumbnail","6":"product_cat-ergonomia","7":"product_cat-huonekalut","9":"first","10":"instock","11":"sale","12":"taxable","13":"shipping-taxable","14":"purchasable","15":"product-type-simple"},"acf":[],"_links":{"self":[{"href":"https:\/\/factory.sale\/fi\/wp-json\/wp\/v2\/product\/29528","targetHints":{"allow":["GET"]}}],"collection":[{"href":"https:\/\/factory.sale\/fi\/wp-json\/wp\/v2\/product"}],"about":[{"href":"https:\/\/factory.sale\/fi\/wp-json\/wp\/v2\/types\/product"}],"replies":[{"embeddable":true,"href":"https:\/\/factory.sale\/fi\/wp-json\/wp\/v2\/comments?post=29528"}],"wp:featuredmedia":[{"embeddable":true,"href":"https:\/\/factory.sale\/fi\/wp-json\/wp\/v2\/media\/29522"}],"wp:attachment":[{"href":"https:\/\/factory.sale\/fi\/wp-json\/wp\/v2\/media?parent=29528"}],"wp:term":[{"taxonomy":"factory","embeddable":true,"href":"https:\/\/factory.sale\/fi\/wp-json\/wp\/v2\/factory?post=29528"},{"taxonomy":"free-shipment","embeddable":true,"href":"https:\/\/factory.sale\/fi\/wp-json\/wp\/v2\/free-shipment?post=29528"},{"taxonomy":"product_brand","embeddable":true,"href":"https:\/\/factory.sale\/fi\/wp-json\/wp\/v2\/product_brand?post=29528"},{"taxonomy":"product_cat","embeddable":true,"href":"https:\/\/factory.sale\/fi\/wp-json\/wp\/v2\/product_cat?post=29528"},{"taxonomy":"product_tag","embeddable":true,"href":"https:\/\/factory.sale\/fi\/wp-json\/wp\/v2\/product_tag?post=29528"}],"curies":[{"name":"wp","href":"https:\/\/api.w.org\/{rel}","templated":true}]}}