{"id":29515,"date":"2023-06-23T08:40:40","date_gmt":"2023-06-23T08:59:15","guid":{"rendered":"https:\/\/factory.sale\/?post_type=product&#038;p=29515"},"modified":"2024-06-26T02:30:46","modified_gmt":"2024-06-26T02:30:46","slug":"link-led-tyopistevalaisin","status":"publish","type":"product","link":"https:\/\/factory.sale\/fi\/tuote\/link-led-tyopistevalaisin\/","title":{"rendered":"Link Led ty\u00f6pistevalaisin"},"content":{"rendered":"<p><strong>Tuotekoodi: 2064LW (valkoinen)<\/strong><\/p>\n<p><strong>EAN: 6430054933476<\/strong><\/p>\n<p>&nbsp;<\/p>\n<p><strong>Tuotekoodi: 2064LB (musta)<\/strong><\/p>\n<p><strong>EAN: 6430054933469<\/strong><\/p>\n<p>&nbsp;<\/p>\n<p>Link Led ty\u00f6pistevalaisin on tyylik\u00e4s ja viimeistelylt\u00e4\u00e4n laadukas. Metallinen pitk\u00e4 varsi, vahvistetuilla alumiini nivelill\u00e4 antavat lampulle ulottuvuutta ja j\u00e4m\u00e4kkyytt\u00e4. Valaisimessa on integroitu LED valonl\u00e4hde jota voi s\u00e4\u00e4t\u00e4\u00e4 kolmeen eri v\u00e4ril\u00e4mp\u00f6\u00f6n ja viiteen eri tehotasoon. K\u00e4\u00e4nnett\u00e4v\u00e4n valop\u00e4\u00e4n ansiosta, valon suuntaaminen juuri oikeaan kohtaan ty\u00f6pisteess\u00e4si on vaivatonta. Link Led ty\u00f6pistevalaisin on kiinnitett\u00e4viss\u00e4 p\u00f6yd\u00e4n reunaan.<\/p>\n<p>&nbsp;<\/p>\n<p>&nbsp;<\/p>\n<p><strong>Tuotetiedot:<\/strong><\/p>\n<ul>\n<li>P\u00f6yt\u00e4kiinnitys, 6 &#8211; 70 mm<\/li>\n<li>V\u00e4ri: musta \/ valkoinen<\/li>\n<li>Materiaali: muovi, metalli ja alumiini<\/li>\n<li>V\u00e4rin\u00e4t\u00f6n, h\u00e4ik\u00e4isy suojattu<\/li>\n<li>Valoteho 1500 lux (40 cm korkeudelta)<\/li>\n<li>Valotehons\u00e4\u00e4t\u00f6, 20% &#8211; 60% &#8211; 100&amp;<\/li>\n<li>V\u00e4ri l\u00e4mm\u00f6ns\u00e4\u00e4t\u00f6, kylm\u00e4, l\u00e4mmin ja sekoitus<\/li>\n<li>CRI arvo yli 90<\/li>\n<li>K\u00e4\u00e4nnett\u00e4v\u00e4 valop\u00e4\u00e4<\/li>\n<li>Varsien pituudet: 340 mm &#8211; 340 mm &#8211; 450 mm + jalusta 50 mm<\/li>\n<li>Hipaisukytkin ja kaukos\u00e4\u00e4din<\/li>\n<li>Takuu 2 vuotta<\/li>\n<\/ul>\n","protected":false},"excerpt":{"rendered":"<p>Link Led ty\u00f6pistevalaisin on tyylik\u00e4s ja viimeistelylt\u00e4\u00e4n laadukas. Metallinen pitk\u00e4 varsi, vahvistetuilla alumiini nivelill\u00e4 antavat lampulle ulottuvuutta ja j\u00e4m\u00e4kkyytt\u00e4. Valaisimessa on integroitu LED valonl\u00e4hde jota voi s\u00e4\u00e4t\u00e4\u00e4 kolmeen eri v\u00e4ril\u00e4mp\u00f6\u00f6n ja viiteen eri tehotasoon. K\u00e4\u00e4nnett\u00e4v\u00e4n valop\u00e4\u00e4n ansiosta, valon suuntaaminen juuri oikeaan kohtaan ty\u00f6pisteess\u00e4si on vaivatonta. Link Led ty\u00f6pistevalaisin on kiinnitett\u00e4viss\u00e4 p\u00f6yd\u00e4n reunaan.<\/p>\n","protected":false},"featured_media":29506,"comment_status":"open","ping_status":"closed","template":"","meta":{"_acf_changed":false},"factory":[],"free-shipment":[],"product_brand":[],"product_cat":[2491,1319],"product_tag":[1404],"class_list":{"0":"post-29515","1":"product","2":"type-product","3":"status-publish","4":"has-post-thumbnail","6":"product_cat-ergonomia","7":"product_cat-huonekalut","8":"product_tag-furniture-fi","10":"first","11":"instock","12":"sale","13":"taxable","14":"shipping-taxable","15":"purchasable","16":"product-type-simple"},"acf":[],"_links":{"self":[{"href":"https:\/\/factory.sale\/fi\/wp-json\/wp\/v2\/product\/29515","targetHints":{"allow":["GET"]}}],"collection":[{"href":"https:\/\/factory.sale\/fi\/wp-json\/wp\/v2\/product"}],"about":[{"href":"https:\/\/factory.sale\/fi\/wp-json\/wp\/v2\/types\/product"}],"replies":[{"embeddable":true,"href":"https:\/\/factory.sale\/fi\/wp-json\/wp\/v2\/comments?post=29515"}],"wp:featuredmedia":[{"embeddable":true,"href":"https:\/\/factory.sale\/fi\/wp-json\/wp\/v2\/media\/29506"}],"wp:attachment":[{"href":"https:\/\/factory.sale\/fi\/wp-json\/wp\/v2\/media?parent=29515"}],"wp:term":[{"taxonomy":"factory","embeddable":true,"href":"https:\/\/factory.sale\/fi\/wp-json\/wp\/v2\/factory?post=29515"},{"taxonomy":"free-shipment","embeddable":true,"href":"https:\/\/factory.sale\/fi\/wp-json\/wp\/v2\/free-shipment?post=29515"},{"taxonomy":"product_brand","embeddable":true,"href":"https:\/\/factory.sale\/fi\/wp-json\/wp\/v2\/product_brand?post=29515"},{"taxonomy":"product_cat","embeddable":true,"href":"https:\/\/factory.sale\/fi\/wp-json\/wp\/v2\/product_cat?post=29515"},{"taxonomy":"product_tag","embeddable":true,"href":"https:\/\/factory.sale\/fi\/wp-json\/wp\/v2\/product_tag?post=29515"}],"curies":[{"name":"wp","href":"https:\/\/api.w.org\/{rel}","templated":true}]}}